{"id":835,"date":"2025-07-22T09:52:23","date_gmt":"2025-07-22T09:52:23","guid":{"rendered":"https:\/\/makefishingfair.org\/arts-menors-costa-brava-copy\/"},"modified":"2025-08-28T10:16:50","modified_gmt":"2025-08-28T10:16:50","slug":"fischereischutzverband-schleswig-holstein","status":"publish","type":"page","link":"https:\/\/makefishingfair.org\/pl\/fischereischutzverband-schleswig-holstein\/","title":{"rendered":"Fischereischutzverband Schleswig-Holstein"},"content":{"rendered":"<!--themify_builder_content-->\n<div id=\"themify_builder_content-835\" data-postid=\"835\" class=\"themify_builder_content themify_builder_content-835 themify_builder tf_clear\">\n                    <div  data-lazy=\"1\" class=\"module_row themify_builder_row tb_ego9062 tb_first tf_w\">\n                        <div class=\"row_inner col_align_top tb_col_count_1 tf_box tf_rel\">\n                        <div  data-lazy=\"1\" class=\"module_column tb-column col-full tb_m6sh006 first\">\n                    <!-- module text -->\n<div  class=\"module module-text tb_4veq620\" data-lazy=\"1\">\n        <div  class=\"tb_text_wrap\">\n        <h1>Fischereischutzverband Schleswig-Holstein<\/h1><p>NIEMIECKI<\/p><p><span class=\"shortcode themify-icon\"><a href=\"http:\/\/www.fischereischutzverband.de\" class=\"themify-icon-link\"><i class=\"themify-icon-icon\" style=\"color: #000000;\"><svg  class=\"tf_fa tf-ti-link\" aria-hidden=\"true\"><use href=\"#tf-ti-link\"><\/use><\/svg><\/i><\/a><\/span> www.fischereischutzverband.de<br \/><span class=\"shortcode themify-icon\"><i class=\"themify-icon-icon\" style=\"color: #000000;\"><svg  class=\"tf_fa tf-ti-email\" aria-hidden=\"true\"><use href=\"#tf-ti-email\"><\/use><\/svg><\/i><\/span> <a class=\"text-link\" href=\"mailto:fischereischutzverband-sh@web.de\">fischereischutzverband-sh@web.de<\/a><\/p>    <\/div>\n<\/div>\n<!-- \/module text -->        <\/div>\n                        <\/div>\n        <\/div>\n                        <div  data-lazy=\"1\" class=\"module_row themify_builder_row tb_ln67002 tf_w\">\n                        <div class=\"row_inner col_align_top tb_col_count_1 tf_box tf_rel\">\n                        <div  data-lazy=\"1\" class=\"module_column tb-column col-full tb_maea622 first\">\n                    <!-- module divider -->\n<div  class=\"module tf_mw module-divider tb_a9am000 solid\" style=\"border-width: 1px;border-color: #adadad;margin-top: 25px;margin-bottom: 25px;\" data-lazy=\"1\">\n    <\/div>\n<!-- \/module divider -->\n<!-- module text -->\n<div  class=\"module module-text tb_5dzh206\" data-lazy=\"1\">\n        <div  class=\"tb_text_wrap\">\n        <p><span>Stowarzyszenie Ochrony Rybo\u0142\u00f3wstwa w Szlezwiku-Holsztynie reprezentuje przede wszystkim interesy lokalnego rybo\u0142\u00f3wstwa ma\u0142oskalowego przy u\u017cyciu sieci skrzelowych, sznur\u00f3w haczykowych i pu\u0142apek na ryby.\u00a0<\/span>atrakcja turystyczna w portach rybackich Szlezwika-Holsztynu.<\/p>    <\/div>\n<\/div>\n<!-- \/module text --><!-- module divider -->\n<div  class=\"module tf_mw module-divider tb_8voh022 solid\" style=\"border-width: 1px;border-color: #adadad;margin-top: 25px;margin-bottom: 25px;\" data-lazy=\"1\">\n    <\/div>\n<!-- \/module divider -->\n        <\/div>\n                        <\/div>\n        <\/div>\n                        <div  data-lazy=\"1\" class=\"module_row themify_builder_row tb_3f0f600 tf_w\">\n                        <div class=\"row_inner col_align_top tb_col_count_1 tf_box tf_rel\">\n                        <div  data-lazy=\"1\" class=\"module_column tb-column col-full tb_zxc5860 first\">\n                    <!-- module image -->\n<div  class=\"module module-image tb_gynj611 image-top   tf_mw\" data-lazy=\"1\">\n        <div class=\"image-wrap tf_rel tf_mw\">\n            <img loading=\"lazy\" decoding=\"async\" width=\"1080\" height=\"1080\" src=\"https:\/\/makefishingfair.org\/wp-content\/uploads\/2025\/07\/Copy-of-wolfgang-albrech.jpeg\" class=\"wp-post-image wp-image-848\" title=\"Kopia wolfgang-albrech\" alt=\"Image caption\" srcset=\"https:\/\/makefishingfair.org\/wp-content\/uploads\/2025\/07\/Copy-of-wolfgang-albrech.jpeg 1080w, https:\/\/makefishingfair.org\/wp-content\/uploads\/2025\/07\/Copy-of-wolfgang-albrech-768x768.jpeg 768w\" sizes=\"auto, (max-width: 1080px) 100vw, 1080px\" \/>    \n        <\/div>\n    <!-- \/image-wrap -->\n    \n        <div class=\"image-content\">\n                        <div class=\"image-caption tb_text_wrap\">\n            Podpis pod zdj\u0119ciem        <\/div>\n        <!-- \/image-caption -->\n            <\/div>\n    <!-- \/image-content -->\n        <\/div>\n<!-- \/module image -->        <\/div>\n                        <\/div>\n        <\/div>\n        <\/div>\n<!--\/themify_builder_content-->","protected":false},"excerpt":{"rendered":"<p>Fischereischutzverband Schleswig-Holstein GERMAN www.fischereischutzverband.de fischereischutzverband-sh@web.de The Schleswig-Holstein Fisheries Protection Association primarily represents the interests of local small-scale fishing with gill nets, longlines and fish traps &#8211;\u00a0the tourist attraction in the Schleswig-Holstein fishing ports. Image caption<\/p>","protected":false},"author":2,"featured_media":0,"parent":0,"menu_order":0,"comment_status":"closed","ping_status":"closed","template":"","meta":{"footnotes":""},"class_list":["post-835","page","type-page","status-publish","hentry","has-post-title","has-post-date","has-post-category","has-post-tag","has-post-comment","has-post-author",""],"_links":{"self":[{"href":"https:\/\/makefishingfair.org\/pl\/wp-json\/wp\/v2\/pages\/835","targetHints":{"allow":["GET"]}}],"collection":[{"href":"https:\/\/makefishingfair.org\/pl\/wp-json\/wp\/v2\/pages"}],"about":[{"href":"https:\/\/makefishingfair.org\/pl\/wp-json\/wp\/v2\/types\/page"}],"author":[{"embeddable":true,"href":"https:\/\/makefishingfair.org\/pl\/wp-json\/wp\/v2\/users\/2"}],"replies":[{"embeddable":true,"href":"https:\/\/makefishingfair.org\/pl\/wp-json\/wp\/v2\/comments?post=835"}],"version-history":[{"count":0,"href":"https:\/\/makefishingfair.org\/pl\/wp-json\/wp\/v2\/pages\/835\/revisions"}],"wp:attachment":[{"href":"https:\/\/makefishingfair.org\/pl\/wp-json\/wp\/v2\/media?parent=835"}],"curies":[{"name":"wp","href":"https:\/\/api.w.org\/{rel}","templated":true}]}}