{"id":828,"date":"2025-07-22T09:50:17","date_gmt":"2025-07-22T09:50:17","guid":{"rendered":"https:\/\/makefishingfair.org\/arts-menors-costa-brava-copy\/"},"modified":"2025-08-28T10:18:08","modified_gmt":"2025-08-28T10:18:08","slug":"the-international-pole-and-line-foundation","status":"publish","type":"page","link":"https:\/\/makefishingfair.org\/pl\/the-international-pole-and-line-foundation\/","title":{"rendered":"Mi\u0119dzynarodowa Fundacja Biegun\u00f3w i Linii"},"content":{"rendered":"<!--themify_builder_content-->\n<div id=\"themify_builder_content-828\" data-postid=\"828\" class=\"themify_builder_content themify_builder_content-828 themify_builder tf_clear\">\n                    <div  data-lazy=\"1\" class=\"module_row themify_builder_row tb_a7gt068 tb_first tf_w\">\n                        <div class=\"row_inner col_align_top tb_col_count_1 tf_box tf_rel\">\n                        <div  data-lazy=\"1\" class=\"module_column tb-column col-full tb_kkno650 first\">\n                    <!-- module text -->\n<div  class=\"module module-text tb_u8bw506\" data-lazy=\"1\">\n        <div  class=\"tb_text_wrap\">\n        <h1><span style=\"font-weight: 400;\">Mi\u0119dzynarodowa Fundacja Biegun\u00f3w i Linii<\/span><\/h1><p>GLOBALNY<\/p><p><span class=\"shortcode themify-icon\"><a href=\"http:\/\/www.ipnlf.org\" class=\"themify-icon-link\"><i class=\"themify-icon-icon\" style=\"color: #000000;\"><svg  class=\"tf_fa tf-ti-link\" aria-hidden=\"true\"><use href=\"#tf-ti-link\"><\/use><\/svg><\/i><\/a><\/span> www.ipnlf.org<br \/><span class=\"shortcode themify-icon\"><i class=\"themify-icon-icon\" style=\"color: #000000;\"><svg  class=\"tf_fa tf-ti-email\" aria-hidden=\"true\"><use href=\"#tf-ti-email\"><\/use><\/svg><\/i><\/span> <a class=\"footer__email\" href=\"mailto:info@ipnlf.org\">info@ipnlf.org<\/a><\/p>    <\/div>\n<\/div>\n<!-- \/module text -->        <\/div>\n                        <\/div>\n        <\/div>\n                        <div  data-lazy=\"1\" class=\"module_row themify_builder_row tb_u2uv776 tf_w\">\n                        <div class=\"row_inner col_align_top tb_col_count_1 tf_box tf_rel\">\n                        <div  data-lazy=\"1\" class=\"module_column tb-column col-full tb_g4se202 first\">\n                    <!-- module divider -->\n<div  class=\"module tf_mw module-divider tb_gc8a000 solid\" style=\"border-width: 1px;border-color: #adadad;margin-top: 25px;margin-bottom: 25px;\" data-lazy=\"1\">\n    <\/div>\n<!-- \/module divider -->\n<!-- module text -->\n<div  class=\"module module-text tb_k00x050\" data-lazy=\"1\">\n        <div  class=\"tb_text_wrap\">\n        <p>International Pole and Line Foundation (IPNLF) promuje zr\u00f3wnowa\u017cone po\u0142owy tu\u0144czyka metod\u0105 \"jeden na jeden\" - przy u\u017cyciu kija i liny, liny r\u0119cznej i trolli - w celu ochrony ekosystem\u00f3w morskich i wspierania \u017ar\u00f3de\u0142 utrzymania na obszarach przybrze\u017cnych. \u0141\u0105cz\u0105c drobnych rybak\u00f3w z rynkami i pomagaj\u0105c zmniejszy\u0107 ich wp\u0142yw na \u015brodowisko, IPNLF pracuje nad tym, aby odpowiedzialnie z\u0142owiony tu\u0144czyk by\u0142 bardziej dost\u0119pny, jednocze\u015bnie chroni\u0105c ocean i spo\u0142eczno\u015bci rybackie. Zgodnie z Agend\u0105 ONZ 2030 i Celami Zr\u00f3wnowa\u017conego Rozwoju, IPNLF opowiada si\u0119 za integracyjnym, sprawiedliwym zarz\u0105dzaniem, kt\u00f3re zapewnia lokalnym g\u0142osom centralne miejsce w globalnym zarz\u0105dzaniu rybo\u0142\u00f3wstwem.<\/p>    <\/div>\n<\/div>\n<!-- \/module text --><!-- module divider -->\n<div  class=\"module tf_mw module-divider tb_v6qn005 solid\" style=\"border-width: 1px;border-color: #adadad;margin-top: 25px;margin-bottom: 25px;\" data-lazy=\"1\">\n    <\/div>\n<!-- \/module divider -->\n        <\/div>\n                        <\/div>\n        <\/div>\n        <\/div>\n<!--\/themify_builder_content-->","protected":false},"excerpt":{"rendered":"<p>The International Pole and Line Foundation GLOBAL www.ipnlf.org info@ipnlf.org The International Pole and Line Foundation (IPNLF) champions sustainable one-by-one tuna fisheries\u2014using pole-and-line, handline, and troll methods\u2014to protect marine ecosystems and support coastal livelihoods. By connecting small-scale fishers to markets and helping reduce their environmental impact, IPNLF works to make responsibly caught tuna more accessible while [&hellip;]<\/p>\n","protected":false},"author":2,"featured_media":0,"parent":0,"menu_order":0,"comment_status":"closed","ping_status":"closed","template":"","meta":{"footnotes":""},"class_list":["post-828","page","type-page","status-publish","hentry","has-post-title","has-post-date","has-post-category","has-post-tag","has-post-comment","has-post-author",""],"_links":{"self":[{"href":"https:\/\/makefishingfair.org\/pl\/wp-json\/wp\/v2\/pages\/828","targetHints":{"allow":["GET"]}}],"collection":[{"href":"https:\/\/makefishingfair.org\/pl\/wp-json\/wp\/v2\/pages"}],"about":[{"href":"https:\/\/makefishingfair.org\/pl\/wp-json\/wp\/v2\/types\/page"}],"author":[{"embeddable":true,"href":"https:\/\/makefishingfair.org\/pl\/wp-json\/wp\/v2\/users\/2"}],"replies":[{"embeddable":true,"href":"https:\/\/makefishingfair.org\/pl\/wp-json\/wp\/v2\/comments?post=828"}],"version-history":[{"count":0,"href":"https:\/\/makefishingfair.org\/pl\/wp-json\/wp\/v2\/pages\/828\/revisions"}],"wp:attachment":[{"href":"https:\/\/makefishingfair.org\/pl\/wp-json\/wp\/v2\/media?parent=828"}],"curies":[{"name":"wp","href":"https:\/\/api.w.org\/{rel}","templated":true}]}}