{"id":818,"date":"2025-07-22T09:46:41","date_gmt":"2025-07-22T09:46:41","guid":{"rendered":"https:\/\/makefishingfair.org\/fskpo-copy\/"},"modified":"2025-08-28T10:16:50","modified_gmt":"2025-08-28T10:16:50","slug":"irish-islands-marine-resource-organisation","status":"publish","type":"page","link":"https:\/\/makefishingfair.org\/pl\/irish-islands-marine-resource-organisation\/","title":{"rendered":"Organizacja Zasob\u00f3w Morskich Wysp Irlandzkich"},"content":{"rendered":"<!--themify_builder_content-->\n<div id=\"themify_builder_content-818\" data-postid=\"818\" class=\"themify_builder_content themify_builder_content-818 themify_builder tf_clear\">\n                    <div  data-lazy=\"1\" class=\"module_row themify_builder_row tb_8lne004 tb_first tf_w\">\n                        <div class=\"row_inner col_align_top tb_col_count_1 tf_box tf_rel\">\n                        <div  data-lazy=\"1\" class=\"module_column tb-column col-full tb_vw49144 first\">\n                    <!-- module text -->\n<div  class=\"module module-text tb_r911164\" data-lazy=\"1\">\n        <div  class=\"tb_text_wrap\">\n        <h1><span style=\"font-weight: 400;\">Organizacja Zasob\u00f3w Morskich Wysp Irlandzkich<\/span><\/h1><p>DONEGAL, IRLANDIA<\/p><p><span class=\"shortcode themify-icon\"><a href=\"http:\/\/www.iimro.org\" class=\"themify-icon-link\"><i class=\"themify-icon-icon\" style=\"color: #000000;\"><svg  class=\"tf_fa tf-ti-link\" aria-hidden=\"true\"><use href=\"#tf-ti-link\"><\/use><\/svg><\/i><\/a><\/span> www.iimro.org<br \/><span class=\"shortcode themify-icon\"><a href=\"mailto:policy@iimro.org\" class=\"themify-icon-link\"><i class=\"themify-icon-icon\" style=\"color: #000000;\"><svg  class=\"tf_fa tf-ti-email\" aria-hidden=\"true\"><use href=\"#tf-ti-email\"><\/use><\/svg><\/i><\/a><\/span> policy@iimro.org<\/p>    <\/div>\n<\/div>\n<!-- \/module text -->        <\/div>\n                        <\/div>\n        <\/div>\n                        <div  data-lazy=\"1\" class=\"module_row themify_builder_row tb_a8w8004 tf_w\">\n                        <div class=\"row_inner col_align_top tb_col_count_1 tf_box tf_rel\">\n                        <div  data-lazy=\"1\" class=\"module_column tb-column col-full tb_4lmi013 first\">\n                    <!-- module divider -->\n<div  class=\"module tf_mw module-divider tb_yolq444 solid\" style=\"border-width: 1px;border-color: #adadad;margin-top: 25px;margin-bottom: 25px;\" data-lazy=\"1\">\n    <\/div>\n<!-- \/module divider -->\n<!-- module text -->\n<div  class=\"module module-text tb_g3q5070\" data-lazy=\"1\">\n        <div  class=\"tb_text_wrap\">\n        <p><span class=\"p\">IIMRO ma swoje korzenie w d\u0142ugiej walce rybak\u00f3w z wysp Donegal o uznanie ich praw po wprowadzeniu zakazu po\u0142ow\u00f3w \u0142ososia na morzu w 2006 roku. Nast\u0119pnie w 2008 r. wprowadzono zakaz wszelkich po\u0142ow\u00f3w sieciowych w obszarze VIa, co zwi\u0119kszy\u0142o presj\u0119 na wra\u017cliwe spo\u0142eczno\u015bci wyspiarskie.<\/span><\/p><p><span class=\"p\">Od tego czasu rybacy spotkali si\u0119 ze swoimi odpowiednikami na wszystkich irlandzkich wyspach, aby zorganizowa\u0107 si\u0119 jako organizacja krajowa. Zabrali swoj\u0105 kampani\u0119 do Europy i z powrotem do Dublina, aby podkre\u015bli\u0107 skutki uniwersalnego prawodawstwa na wszystkich wyspach Irlandii. <\/span><span class=\"p\">IIMRO wsp\u00f3\u0142pracuje z grupami z ca\u0142ej Europy i Irlandii i pracuje nad uznaniem ma\u0142ych wysp przybrze\u017cnych w nowej Wsp\u00f3lnej Polityce Rybo\u0142\u00f3wstwa UE, kt\u00f3ra powsta\u0142a w du\u017cej mierze w wyniku naszej pracy w Europie.<\/span><\/p>    <\/div>\n<\/div>\n<!-- \/module text --><!-- module divider -->\n<div  class=\"module tf_mw module-divider tb_sb0k000 solid\" style=\"border-width: 1px;border-color: #adadad;margin-top: 25px;margin-bottom: 25px;\" data-lazy=\"1\">\n    <\/div>\n<!-- \/module divider -->\n        <\/div>\n                        <\/div>\n        <\/div>\n                        <div  data-lazy=\"1\" class=\"module_row themify_builder_row tb_yrz5800 tf_w\">\n                        <div class=\"row_inner col_align_top tb_col_count_1 tf_box tf_rel\">\n                        <div  data-lazy=\"1\" class=\"module_column tb-column col-full tb_njzy404 first\">\n                    <!-- module image -->\n<div  class=\"module module-image tb_pykk048 image-top   tf_mw\" data-lazy=\"1\">\n        <div class=\"image-wrap tf_rel tf_mw\">\n            <img loading=\"lazy\" decoding=\"async\" width=\"2560\" height=\"1920\" src=\"https:\/\/makefishingfair.org\/wp-content\/uploads\/2025\/07\/Copy-of-IMG_6121-scaled.png\" class=\"wp-post-image wp-image-861\" title=\"Kopia IMG_6121\" alt=\"Image caption\" srcset=\"https:\/\/makefishingfair.org\/wp-content\/uploads\/2025\/07\/Copy-of-IMG_6121-scaled.png 2560w, https:\/\/makefishingfair.org\/wp-content\/uploads\/2025\/07\/Copy-of-IMG_6121-768x576.png 768w, https:\/\/makefishingfair.org\/wp-content\/uploads\/2025\/07\/Copy-of-IMG_6121-1536x1152.png 1536w, https:\/\/makefishingfair.org\/wp-content\/uploads\/2025\/07\/Copy-of-IMG_6121-2048x1536.png 2048w\" sizes=\"auto, (max-width: 2560px) 100vw, 2560px\" \/>    \n        <\/div>\n    <!-- \/image-wrap -->\n    \n        <div class=\"image-content\">\n                        <div class=\"image-caption tb_text_wrap\">\n            Podpis pod zdj\u0119ciem        <\/div>\n        <!-- \/image-caption -->\n            <\/div>\n    <!-- \/image-content -->\n        <\/div>\n<!-- \/module image -->        <\/div>\n                        <\/div>\n        <\/div>\n        <\/div>\n<!--\/themify_builder_content-->","protected":false},"excerpt":{"rendered":"<p>Irish Islands Marine Resource Organisation DONEGAL, IRELAND www.iimro.org policy@iimro.org IIMRO has its origins in the long struggle by Donegal island fishermen for recognition of their rights following the offshore ban on salmon fishing in 2006. This was followed by a ban on all net fishing in Area VIa in 2008 which added further pressure to [&hellip;]<\/p>\n","protected":false},"author":2,"featured_media":0,"parent":0,"menu_order":0,"comment_status":"closed","ping_status":"closed","template":"","meta":{"footnotes":""},"class_list":["post-818","page","type-page","status-publish","hentry","has-post-title","has-post-date","has-post-category","has-post-tag","has-post-comment","has-post-author",""],"_links":{"self":[{"href":"https:\/\/makefishingfair.org\/pl\/wp-json\/wp\/v2\/pages\/818","targetHints":{"allow":["GET"]}}],"collection":[{"href":"https:\/\/makefishingfair.org\/pl\/wp-json\/wp\/v2\/pages"}],"about":[{"href":"https:\/\/makefishingfair.org\/pl\/wp-json\/wp\/v2\/types\/page"}],"author":[{"embeddable":true,"href":"https:\/\/makefishingfair.org\/pl\/wp-json\/wp\/v2\/users\/2"}],"replies":[{"embeddable":true,"href":"https:\/\/makefishingfair.org\/pl\/wp-json\/wp\/v2\/comments?post=818"}],"version-history":[{"count":0,"href":"https:\/\/makefishingfair.org\/pl\/wp-json\/wp\/v2\/pages\/818\/revisions"}],"wp:attachment":[{"href":"https:\/\/makefishingfair.org\/pl\/wp-json\/wp\/v2\/media?parent=818"}],"curies":[{"name":"wp","href":"https:\/\/api.w.org\/{rel}","templated":true}]}}