{"id":810,"date":"2025-07-22T09:43:29","date_gmt":"2025-07-22T09:43:29","guid":{"rendered":"https:\/\/makefishingfair.org\/scottish-creel-fishermens-federation-copy\/"},"modified":"2025-08-28T10:18:08","modified_gmt":"2025-08-28T10:18:08","slug":"snow-change-cooperative","status":"publish","type":"page","link":"https:\/\/makefishingfair.org\/pl\/snow-change-cooperative\/","title":{"rendered":"Snow change cooperative"},"content":{"rendered":"<!--themify_builder_content-->\n<div id=\"themify_builder_content-810\" data-postid=\"810\" class=\"themify_builder_content themify_builder_content-810 themify_builder tf_clear\">\n                    <div  data-lazy=\"1\" class=\"module_row themify_builder_row tb_2vs5705 tb_first tf_w\">\n                        <div class=\"row_inner col_align_top tb_col_count_1 tf_box tf_rel\">\n                        <div  data-lazy=\"1\" class=\"module_column tb-column col-full tb_esoj360 first\">\n                    <!-- module text -->\n<div  class=\"module module-text tb_n1a1709\" data-lazy=\"1\">\n        <div  class=\"tb_text_wrap\">\n        <h1>Sp\u00f3\u0142dzielnia Snowchange<\/h1><p>FINLANDIA<\/p><p><span class=\"shortcode themify-icon\"><a href=\"http:\/\/www.snowchange.org\" class=\"themify-icon-link\"><i class=\"themify-icon-icon\" style=\"color: #000000;\"><svg  class=\"tf_fa tf-ti-link\" aria-hidden=\"true\"><use href=\"#tf-ti-link\"><\/use><\/svg><\/i><\/a><\/span> www.snowchange.org<br \/><span class=\"shortcode themify-icon\"><a href=\"mailto:contact@snowchange.org\" class=\"themify-icon-link\"><i class=\"themify-icon-icon\" style=\"color: #000000;\"><svg  class=\"tf_fa tf-ti-email\" aria-hidden=\"true\"><use href=\"#tf-ti-email\"><\/use><\/svg><\/i><\/a><\/span> contact@snowchange.org<\/p>    <\/div>\n<\/div>\n<!-- \/module text -->        <\/div>\n                        <\/div>\n        <\/div>\n                        <div  data-lazy=\"1\" class=\"module_row themify_builder_row tb_v819963 tf_w\">\n                        <div class=\"row_inner col_align_top tb_col_count_1 tf_box tf_rel\">\n                        <div  data-lazy=\"1\" class=\"module_column tb-column col-full tb_vf7m191 first\">\n                    <!-- module divider -->\n<div  class=\"module tf_mw module-divider tb_h06m909 solid\" style=\"border-width: 1px;border-color: #adadad;margin-top: 25px;margin-bottom: 25px;\" data-lazy=\"1\">\n    <\/div>\n<!-- \/module divider -->\n<!-- module text -->\n<div  class=\"module module-text tb_450a607\" data-lazy=\"1\">\n        <div  class=\"tb_text_wrap\">\n        <p>Zdobywca nagrody Goldman Environmental Prize 2023, Snowchange Cooperative to wyj\u0105tkowa fi\u0144ska organizacja za\u0142o\u017cona w 2000 roku w celu dokumentowania i wspierania lokalnych i rdzennych spo\u0142eczno\u015bci w regionach p\u00f3\u0142nocnych. Zakorzeniona w tradycyjnej fi\u0144skiej kulturze le\u015bnej - szanuj\u0105ca wiedz\u0119 przodk\u00f3w, historie, rzemios\u0142o, rybo\u0142\u00f3wstwo i my\u015blistwo - Snowchange dzia\u0142a r\u00f3wnie\u017c jako globalna sie\u0107, wsp\u00f3\u0142pracuj\u0105c z rdzennymi ludami, takimi jak Saami, Inuici, Gwitchin, Maorysi i inni. Kieruj\u0105c si\u0119 mi\u0119dzynarodowym komitetem steruj\u0105cym, Snowchange \u0142\u0105czy dziedzictwo kulturowe z najnowocze\u015bniejsz\u0105 nauk\u0105, wsp\u00f3\u0142pracuj\u0105c z globalnymi instytucjami, takimi jak Rada Arktyczna i IPCC, w celu przeciwdzia\u0142ania zmianom klimatycznym, r\u00f3\u017cnorodno\u015bci biologicznej i odporno\u015bci spo\u0142eczno\u015bci. Snowchange jest latarni\u0105 pozytywnej transformacji na P\u00f3\u0142nocy Oko\u0142obiegunowej.<\/p>    <\/div>\n<\/div>\n<!-- \/module text --><!-- module divider -->\n<div  class=\"module tf_mw module-divider tb_n6lx960 solid\" style=\"border-width: 1px;border-color: #adadad;margin-top: 25px;margin-bottom: 25px;\" data-lazy=\"1\">\n    <\/div>\n<!-- \/module divider -->\n        <\/div>\n                        <\/div>\n        <\/div>\n        <\/div>\n<!--\/themify_builder_content-->","protected":false},"excerpt":{"rendered":"<p>Plateforme de la petite p\u00eache artisanale fran\u00e7aise MONTPELLIER, FRANCE \ud83c\uddeb\ud83c\uddf7\udb40\udc7f www.plateforme-petite-peche.fr ken.kawahara@plateforme-petite-peche.fr Here is some information about the organisation Jorem ipsum dolor sit amet, consectetur adipiscing elit. Etiam eu turpis molestie, dictum est a, mattis tellus. Sed dignissim, metus nec fringilla accumsan, risus sem sollicitudin lacus, ut interdum tellus elit sed risus. Maecenas eget condimentum [&hellip;]<\/p>\n","protected":false},"author":2,"featured_media":0,"parent":0,"menu_order":0,"comment_status":"closed","ping_status":"closed","template":"","meta":{"footnotes":""},"class_list":["post-810","page","type-page","status-publish","hentry","has-post-title","has-post-date","has-post-category","has-post-tag","has-post-comment","has-post-author",""],"_links":{"self":[{"href":"https:\/\/makefishingfair.org\/pl\/wp-json\/wp\/v2\/pages\/810","targetHints":{"allow":["GET"]}}],"collection":[{"href":"https:\/\/makefishingfair.org\/pl\/wp-json\/wp\/v2\/pages"}],"about":[{"href":"https:\/\/makefishingfair.org\/pl\/wp-json\/wp\/v2\/types\/page"}],"author":[{"embeddable":true,"href":"https:\/\/makefishingfair.org\/pl\/wp-json\/wp\/v2\/users\/2"}],"replies":[{"embeddable":true,"href":"https:\/\/makefishingfair.org\/pl\/wp-json\/wp\/v2\/comments?post=810"}],"version-history":[{"count":0,"href":"https:\/\/makefishingfair.org\/pl\/wp-json\/wp\/v2\/pages\/810\/revisions"}],"wp:attachment":[{"href":"https:\/\/makefishingfair.org\/pl\/wp-json\/wp\/v2\/media?parent=810"}],"curies":[{"name":"wp","href":"https:\/\/api.w.org\/{rel}","templated":true}]}}