{"id":840,"date":"2025-07-22T09:54:08","date_gmt":"2025-07-22T09:54:08","guid":{"rendered":"https:\/\/makefishingfair.org\/asociacion-de-atuneros-con-linea-de-mano-del-mediterraneo-copy\/"},"modified":"2025-08-28T10:16:31","modified_gmt":"2025-08-28T10:16:31","slug":"district-fishermens-youth-welfare-association","status":"publish","type":"page","link":"https:\/\/makefishingfair.org\/it\/district-fishermens-youth-welfare-association\/","title":{"rendered":"Associazione distrettuale per il benessere dei giovani pescatori"},"content":{"rendered":"<!--themify_builder_content-->\n<div id=\"themify_builder_content-840\" data-postid=\"840\" class=\"themify_builder_content themify_builder_content-840 themify_builder tf_clear\">\n                    <div  data-lazy=\"1\" class=\"module_row themify_builder_row tb_fhka023 tb_first tf_w\">\n                        <div class=\"row_inner col_align_top tb_col_count_1 tf_box tf_rel\">\n                        <div  data-lazy=\"1\" class=\"module_column tb-column col-full tb_trbm681 first\">\n                    <!-- module text -->\n<div  class=\"module module-text tb_d2dz620\" data-lazy=\"1\">\n        <div  class=\"tb_text_wrap\">\n        <h1><span style=\"font-weight: 400;\">Associazione distrettuale per il benessere dei giovani pescatori<\/span><\/h1><p>INDIA<\/p><p><span class=\"shortcode themify-icon\"><a href=\"http:\/\/www.dfywa.wordpress.com\/home\/\" class=\"themify-icon-link\"><i class=\"themify-icon-icon\" style=\"color: #000000;\"><svg  class=\"tf_fa tf-ti-link\" aria-hidden=\"true\"><use href=\"#tf-ti-link\"><\/use><\/svg><\/i><\/a><\/span> www.dfywa.wordpress.com\/<br \/><span class=\"shortcode themify-icon\"><a href=\"mailto:arjillidas@rediffmail.com\" class=\"themify-icon-link\"><i class=\"themify-icon-icon\" style=\"color: #000000;\"><svg  class=\"tf_fa tf-ti-email\" aria-hidden=\"true\"><use href=\"#tf-ti-email\"><\/use><\/svg><\/i><\/a><\/span> arjillidas@rediffmail.com<\/p>    <\/div>\n<\/div>\n<!-- \/module text -->        <\/div>\n                        <\/div>\n        <\/div>\n                        <div  data-lazy=\"1\" class=\"module_row themify_builder_row tb_021e680 tf_w\">\n                        <div class=\"row_inner col_align_top tb_col_count_1 tf_box tf_rel\">\n                        <div  data-lazy=\"1\" class=\"module_column tb-column col-full tb_ktu1000 first\">\n                    <!-- module divider -->\n<div  class=\"module tf_mw module-divider tb_q8l4806 solid\" style=\"border-width: 1px;border-color: #adadad;margin-top: 25px;margin-bottom: 25px;\" data-lazy=\"1\">\n    <\/div>\n<!-- \/module divider -->\n<!-- module text -->\n<div  class=\"module module-text tb_ye7c688\" data-lazy=\"1\">\n        <div  class=\"tb_text_wrap\">\n        <p data-start=\"114\" data-end=\"993\">Il <strong data-start=\"118\" data-end=\"176\">Associazione distrettuale per il benessere dei giovani pescatori (DFYWA)<\/strong> \u00e8 una ONG registrata che lavora dal 1992 per sostenere le comunit\u00e0 di pescatori su piccola scala lungo la costa orientale dell'India. Uno dei punti chiave del suo lavoro \u00e8 lo sviluppo di iniziative sostenibili per il pesce secco, in particolare per dare potere alle donne venditrici, sia individualmente che attraverso i collettivi. Grazie a una forte esperienza sul campo e a collaborazioni con enti di ricerca nazionali e internazionali, il DFYWA combina il lavoro di sviluppo pratico con l'attivit\u00e0 di advocacy politica, con l'obiettivo di colmare le lacune critiche in termini di infrastrutture, ricerca e sistemi di supporto. Riconoscendo le sfide uniche del settore del pesce secco - tra cui la stagionalit\u00e0, la volatilit\u00e0 del mercato e la mancanza di soluzioni su misura - il DFYWA sostiene approcci pi\u00f9 mirati, inclusivi e specifici per il contesto, per garantire la sostenibilit\u00e0 a lungo termine e la dignit\u00e0 dei mezzi di sussistenza nella pesca post-raccolto.<\/p>    <\/div>\n<\/div>\n<!-- \/module text --><!-- module divider -->\n<div  class=\"module tf_mw module-divider tb_x8tr067 solid\" style=\"border-width: 1px;border-color: #adadad;margin-top: 25px;margin-bottom: 25px;\" data-lazy=\"1\">\n    <\/div>\n<!-- \/module divider -->\n        <\/div>\n                        <\/div>\n        <\/div>\n        <\/div>\n<!--\/themify_builder_content-->","protected":false},"excerpt":{"rendered":"<p>District Fishermen\u2019s Youth Welfare Association INDIA www.dfywa.wordpress.com\/ arjillidas@rediffmail.com The District Fishermen\u2019s Youth Welfare Association (DFYWA) is a registered NGO working since 1992 to support small-scale fishing communities along India\u2019s east coast. A key focus of its work is the development of sustainable dry fish initiatives\u2014particularly to empower women vendors, both individually and through collectives. With [&hellip;]<\/p>\n","protected":false},"author":2,"featured_media":0,"parent":0,"menu_order":0,"comment_status":"closed","ping_status":"closed","template":"","meta":{"footnotes":""},"class_list":["post-840","page","type-page","status-publish","hentry","has-post-title","has-post-date","has-post-category","has-post-tag","has-post-comment","has-post-author",""],"_links":{"self":[{"href":"https:\/\/makefishingfair.org\/it\/wp-json\/wp\/v2\/pages\/840","targetHints":{"allow":["GET"]}}],"collection":[{"href":"https:\/\/makefishingfair.org\/it\/wp-json\/wp\/v2\/pages"}],"about":[{"href":"https:\/\/makefishingfair.org\/it\/wp-json\/wp\/v2\/types\/page"}],"author":[{"embeddable":true,"href":"https:\/\/makefishingfair.org\/it\/wp-json\/wp\/v2\/users\/2"}],"replies":[{"embeddable":true,"href":"https:\/\/makefishingfair.org\/it\/wp-json\/wp\/v2\/comments?post=840"}],"version-history":[{"count":0,"href":"https:\/\/makefishingfair.org\/it\/wp-json\/wp\/v2\/pages\/840\/revisions"}],"wp:attachment":[{"href":"https:\/\/makefishingfair.org\/it\/wp-json\/wp\/v2\/media?parent=840"}],"curies":[{"name":"wp","href":"https:\/\/api.w.org\/{rel}","templated":true}]}}