{"id":1095,"date":"2026-02-02T13:34:08","date_gmt":"2026-02-02T13:34:08","guid":{"rendered":"https:\/\/makefishingfair.org\/pleine-mer-copy\/"},"modified":"2026-02-02T13:41:58","modified_gmt":"2026-02-02T13:41:58","slug":"norges-kystfiskarlag","status":"publish","type":"page","link":"https:\/\/makefishingfair.org\/it\/norges-kystfiskarlag\/","title":{"rendered":"Norges Kystfiskarlag"},"content":{"rendered":"<!--themify_builder_content-->\n<div id=\"themify_builder_content-1095\" data-postid=\"1095\" class=\"themify_builder_content themify_builder_content-1095 themify_builder tf_clear\">\n                    <div  data-lazy=\"1\" class=\"module_row themify_builder_row tb_s0w1033 tb_first tf_w\">\n                        <div class=\"row_inner col_align_top tb_col_count_1 tf_box tf_rel\">\n                        <div  data-lazy=\"1\" class=\"module_column tb-column col-full tb_k2n6372 first\">\n                    <!-- module text -->\n<div  class=\"module module-text tb_8sf0007\" data-lazy=\"1\">\n        <div  class=\"tb_text_wrap\">\n        <h1>Norges Kystfiskarlag<\/h1><p>NORVEGIA \udb40\udc7f<\/p><p><span class=\"shortcode themify-icon\"><a href=\"http:\/\/www.norgeskystfiskarlag.no\" class=\"themify-icon-link\"><i class=\"themify-icon-icon\" style=\"color: #000000;\"><svg  class=\"tf_fa tf-ti-link\" aria-hidden=\"true\"><use href=\"#tf-ti-link\"><\/use><\/svg><\/i><\/a><\/span> www.norgeskystfiskarlag.no<br \/><span class=\"shortcode themify-icon\"><i class=\"themify-icon-icon\" style=\"color: #000000;\"><svg  class=\"tf_fa tf-ti-email\" aria-hidden=\"true\"><use href=\"#tf-ti-email\"><\/use><\/svg><\/i><\/span> <a href=\"mailto:post@norgeskystfiskarlag.no\" data-track-event=\"click\" data-track-action=\"email_link\"><span class=\"monoglobalWrap\"><span dir=\"auto\">post@norgeskystfiskarlag.no<\/span><\/span><\/a><\/p>    <\/div>\n<\/div>\n<!-- \/module text -->        <\/div>\n                        <\/div>\n        <\/div>\n                        <div  data-lazy=\"1\" class=\"module_row themify_builder_row tb_usts336 tf_w\">\n                        <div class=\"row_inner col_align_top tb_col_count_1 tf_box tf_rel\">\n                        <div  data-lazy=\"1\" class=\"module_column tb-column col-full tb_ku32398 first\">\n                    <!-- module divider -->\n<div  class=\"module tf_mw module-divider tb_8rl2393 solid\" style=\"border-width: 1px;border-color: #adadad;margin-top: 25px;margin-bottom: 25px;\" data-lazy=\"1\">\n    <\/div>\n<!-- \/module divider -->\n<!-- module text -->\n<div  class=\"module module-text tb_9mys989\" data-lazy=\"1\">\n        <div  class=\"tb_text_wrap\">\n        <p>L'Associazione norvegese dei pescatori costieri \u00e8 un'organizzazione professionale indipendente, democratica e politicamente non allineata dei pescatori costieri norvegesi. L'Associazione norvegese dei pescatori costieri \u00e8 al fianco dei pescatori costieri per salvaguardare i nostri diritti professionali, sociali, economici e culturali. Attraverso l'assistenza legale e il continuo sviluppo delle competenze, lavoriamo per rafforzare e rendere sicura la flotta di pescatori costieri. L'Associazione norvegese dei pescatori costieri lavora per garantire che le risorse ittiche norvegesi siano prioritarie per assicurare posti di lavoro, attivit\u00e0 e crescita nelle comunit\u00e0 costiere. Il segmento della flotta che fornisce pesce fresco deve avere la priorit\u00e0 e l'allocazione delle risorse deve essere indirizzata verso la flotta costiera, non verso una maggiore concentrazione dei diritti di pesca e dei profitti a scapito della qualit\u00e0, dell'utilizzo efficiente delle risorse e delle comunit\u00e0 costiere.<\/p><p><img loading=\"lazy\" decoding=\"async\" class=\"size-full wp-image-1097 alignleft\" src=\"https:\/\/makefishingfair.org\/wp-content\/uploads\/2026\/02\/logo.png\" alt=\"\" width=\"225\" height=\"225\" srcset=\"https:\/\/makefishingfair.org\/wp-content\/uploads\/2026\/02\/logo.png 225w, https:\/\/makefishingfair.org\/wp-content\/uploads\/2026\/02\/logo-12x12.png 12w\" sizes=\"auto, (max-width: 225px) 100vw, 225px\" \/><\/p>    <\/div>\n<\/div>\n<!-- \/module text --><!-- module divider -->\n<div  class=\"module tf_mw module-divider tb_8ojw333 solid\" style=\"border-width: 1px;border-color: #adadad;margin-top: 25px;margin-bottom: 25px;\" data-lazy=\"1\">\n    <\/div>\n<!-- \/module divider -->\n        <\/div>\n                        <\/div>\n        <\/div>\n        <\/div>\n<!--\/themify_builder_content-->","protected":false},"excerpt":{"rendered":"<p>Norges Kystfiskarlag NORWAY \udb40\udc7f www.norgeskystfiskarlag.no post@norgeskystfiskarlag.no The Norwegian Coastal Fishermen\u2019s Association is an independent, democratic and politically non-aligned professional organization for Norwegian coastal fishers. The Norwegian Coastal Fishermen\u2019s Association stands on the side of coastal fishers to safeguard our professional, social, economic and cultural rights. Through legal assistance and continuous competence development, we work to [&hellip;]<\/p>\n","protected":false},"author":2,"featured_media":0,"parent":0,"menu_order":0,"comment_status":"closed","ping_status":"closed","template":"","meta":{"footnotes":""},"class_list":["post-1095","page","type-page","status-publish","hentry","has-post-title","has-post-date","has-post-category","has-post-tag","has-post-comment","has-post-author",""],"_links":{"self":[{"href":"https:\/\/makefishingfair.org\/it\/wp-json\/wp\/v2\/pages\/1095","targetHints":{"allow":["GET"]}}],"collection":[{"href":"https:\/\/makefishingfair.org\/it\/wp-json\/wp\/v2\/pages"}],"about":[{"href":"https:\/\/makefishingfair.org\/it\/wp-json\/wp\/v2\/types\/page"}],"author":[{"embeddable":true,"href":"https:\/\/makefishingfair.org\/it\/wp-json\/wp\/v2\/users\/2"}],"replies":[{"embeddable":true,"href":"https:\/\/makefishingfair.org\/it\/wp-json\/wp\/v2\/comments?post=1095"}],"version-history":[{"count":0,"href":"https:\/\/makefishingfair.org\/it\/wp-json\/wp\/v2\/pages\/1095\/revisions"}],"wp:attachment":[{"href":"https:\/\/makefishingfair.org\/it\/wp-json\/wp\/v2\/media?parent=1095"}],"curies":[{"name":"wp","href":"https:\/\/api.w.org\/{rel}","templated":true}]}}