{"id":836,"date":"2025-07-22T09:52:52","date_gmt":"2025-07-22T09:52:52","guid":{"rendered":"https:\/\/makefishingfair.org\/wolinskie-stowarzyszenie-rybakow-copy\/"},"modified":"2025-08-28T10:16:31","modified_gmt":"2025-08-28T10:16:31","slug":"empescat","status":"publish","type":"page","link":"https:\/\/makefishingfair.org\/hr\/empescat\/","title":{"rendered":"Empesca&#039;t"},"content":{"rendered":"<!--themify_builder_content-->\n<div id=\"themify_builder_content-836\" data-postid=\"836\" class=\"themify_builder_content themify_builder_content-836 themify_builder tf_clear\">\n                    <div  data-lazy=\"1\" class=\"module_row themify_builder_row tb_x8lv800 tb_first tf_w\">\n                        <div class=\"row_inner col_align_top tb_col_count_1 tf_box tf_rel\">\n                        <div  data-lazy=\"1\" class=\"module_column tb-column col-full tb_9523500 first\">\n                    <!-- module text -->\n<div  class=\"module module-text tb_qgf8080\" data-lazy=\"1\">\n        <div  class=\"tb_text_wrap\">\n        <h1><span style=\"font-weight: 400;\">Empesca&#039;t<\/span><\/h1><p>\u00a0COSTA BRAVA, \u0160PANJOLSKA<\/p><p><span class=\"shortcode themify-icon\"><a href=\"http:\/\/www.empescat.cat\" class=\"themify-icon-link\"><i class=\"themify-icon-icon\" style=\"color: #000000;\"><svg  class=\"tf_fa tf-ti-link\" aria-hidden=\"true\"><use href=\"#tf-ti-link\"><\/use><\/svg><\/i><\/a><\/span> www.empescat.cat<br \/><span class=\"shortcode themify-icon\"><i class=\"themify-icon-icon\" style=\"color: #000000;\"><svg  class=\"tf_fa tf-ti-email\" aria-hidden=\"true\"><use href=\"#tf-ti-email\"><\/use><\/svg><\/i><\/span> <a href=\"mailto:info@empescat.cat\">info@empescat.cat<\/a><\/p>    <\/div>\n<\/div>\n<!-- \/module text -->        <\/div>\n                        <\/div>\n        <\/div>\n                        <div  data-lazy=\"1\" class=\"module_row themify_builder_row tb_jdf6908 tf_w\">\n                        <div class=\"row_inner col_align_top tb_col_count_1 tf_box tf_rel\">\n                        <div  data-lazy=\"1\" class=\"module_column tb-column col-full tb_bdu7806 first\">\n                    <!-- module divider -->\n<div  class=\"module tf_mw module-divider tb_lm4b333 solid\" style=\"border-width: 1px;border-color: #adadad;margin-top: 25px;margin-bottom: 25px;\" data-lazy=\"1\">\n    <\/div>\n<!-- \/module divider -->\n<!-- module text -->\n<div  class=\"module module-text tb_z898038\" data-lazy=\"1\">\n        <div  class=\"tb_text_wrap\">\n        <p>Empesca&#039;t je udruga obrtni\u010dkih ribara iz l&#039;Escale i l&#039;Estartita, ujedinjenih stra\u0161\u0107u za odr\u017eivim ribolovom, tradicijom i po\u0161tovanjem prema morskom okoli\u0161u. Koriste\u0107i male brodove i tradicionalnu opremu s niskim utjecajem na okoli\u0161, odgovorno love ribu u svojim lokalnim vodama, kombiniraju\u0107i duboko lokalno znanje s profesionalno\u0161\u0107u. Motivirani izazovima po\u0161tene prodaje svog ulova, stvorili su robnu marku Empesca&#039;t kako bi zaobi\u0161li posrednike i izravno odabranim ugostiteljskim objektima isporu\u010divali sljedive, visokokvalitetne morske plodove - podr\u017eavaju\u0107i i njihovu egzistenciju i zdravlje morskog ekosustava.<\/p>    <\/div>\n<\/div>\n<!-- \/module text --><!-- module divider -->\n<div  class=\"module tf_mw module-divider tb_mccm358 solid\" style=\"border-width: 1px;border-color: #adadad;margin-top: 25px;margin-bottom: 25px;\" data-lazy=\"1\">\n    <\/div>\n<!-- \/module divider -->\n        <\/div>\n                        <\/div>\n        <\/div>\n                        <div  data-lazy=\"1\" class=\"module_row themify_builder_row tb_g7zw333 tf_w\">\n                        <div class=\"row_inner col_align_top tb_col_count_1 tf_box tf_rel\">\n                        <div  data-lazy=\"1\" class=\"module_column tb-column col-full tb_820i003 first\">\n                    <!-- module image -->\n<div  class=\"module module-image tb_w6se066 image-top   tf_mw\" data-lazy=\"1\">\n        <div class=\"image-wrap tf_rel tf_mw\">\n            <img loading=\"lazy\" decoding=\"async\" width=\"720\" height=\"874\" src=\"https:\/\/makefishingfair.org\/wp-content\/uploads\/2025\/07\/WhatsApp-Image-2024-09-21-at-11.12.15-1-e1753181855418.jpeg\" class=\"wp-post-image wp-image-855\" title=\"WhatsApp slika 2024-09-21 u 11.12.15 (1)\" alt=\"Image caption\">    \n        <\/div>\n    <!-- \/image-wrap -->\n    \n        <div class=\"image-content\">\n                        <div class=\"image-caption tb_text_wrap\">\n            Natpis slike        <\/div>\n        <!-- \/image-caption -->\n            <\/div>\n    <!-- \/image-content -->\n        <\/div>\n<!-- \/module image -->        <\/div>\n                        <\/div>\n        <\/div>\n        <\/div>\n<!--\/themify_builder_content-->","protected":false},"excerpt":{"rendered":"<p>Empesca&#8217;t COSTA BRAVA, SPAIN www.empescat.cat info@empescat.cat Empesca&#8217;t is an association of artisanal fishermen from l\u2019Escala and l\u2019Estartit, united by a passion for sustainable fishing, tradition, and respect for the marine environment. Using small boats and low-impact traditional gear, they fish responsibly in their local waters, combining deep local knowledge with professionalism. Motivated by the challenges [&hellip;]<\/p>\n","protected":false},"author":2,"featured_media":0,"parent":0,"menu_order":0,"comment_status":"closed","ping_status":"closed","template":"","meta":{"footnotes":""},"class_list":["post-836","page","type-page","status-publish","hentry","has-post-title","has-post-date","has-post-category","has-post-tag","has-post-comment","has-post-author",""],"_links":{"self":[{"href":"https:\/\/makefishingfair.org\/hr\/wp-json\/wp\/v2\/pages\/836","targetHints":{"allow":["GET"]}}],"collection":[{"href":"https:\/\/makefishingfair.org\/hr\/wp-json\/wp\/v2\/pages"}],"about":[{"href":"https:\/\/makefishingfair.org\/hr\/wp-json\/wp\/v2\/types\/page"}],"author":[{"embeddable":true,"href":"https:\/\/makefishingfair.org\/hr\/wp-json\/wp\/v2\/users\/2"}],"replies":[{"embeddable":true,"href":"https:\/\/makefishingfair.org\/hr\/wp-json\/wp\/v2\/comments?post=836"}],"version-history":[{"count":0,"href":"https:\/\/makefishingfair.org\/hr\/wp-json\/wp\/v2\/pages\/836\/revisions"}],"wp:attachment":[{"href":"https:\/\/makefishingfair.org\/hr\/wp-json\/wp\/v2\/media?parent=836"}],"curies":[{"name":"radni list","href":"https:\/\/api.w.org\/{rel}","templated":true}]}}