{"id":831,"date":"2025-07-22T09:51:18","date_gmt":"2025-07-22T09:51:18","guid":{"rendered":"https:\/\/makefishingfair.org\/arts-menors-costa-brava-copy\/"},"modified":"2025-08-28T10:16:51","modified_gmt":"2025-08-28T10:16:51","slug":"pancypriot-association-of-professional-coastal-fishermen","status":"publish","type":"page","link":"https:\/\/makefishingfair.org\/hr\/pancypriot-association-of-professional-coastal-fishermen\/","title":{"rendered":"Pancypriotsko udru\u017eenje profesionalnih obalnih ribara"},"content":{"rendered":"<!--themify_builder_content-->\n<div id=\"themify_builder_content-831\" data-postid=\"831\" class=\"themify_builder_content themify_builder_content-831 themify_builder tf_clear\">\n                    <div  data-lazy=\"1\" class=\"module_row themify_builder_row tb_m7vi000 tb_first tf_w\">\n                        <div class=\"row_inner col_align_top tb_col_count_1 tf_box tf_rel\">\n                        <div  data-lazy=\"1\" class=\"module_column tb-column col-full tb_hulf400 first\">\n                    <!-- module text -->\n<div  class=\"module module-text tb_0qq2000\" data-lazy=\"1\">\n        <div  class=\"tb_text_wrap\">\n        <h1>Pancypriotsko udru\u017eenje profesionalnih obalnih ribara<\/h1><p>CIPAR<\/p><p><span class=\"shortcode themify-icon\"><i class=\"themify-icon-icon\" style=\"color: #000000;\"><svg  class=\"tf_fa tf-ti-link\" aria-hidden=\"true\"><use href=\"#tf-ti-link\"><\/use><\/svg><\/i><\/span>\u00a0<br \/><span class=\"shortcode themify-icon\"><a href=\"mailto:\" class=\"themify-icon-link\"><i class=\"themify-icon-icon\" style=\"color: #000000;\"><svg  class=\"tf_fa tf-ti-email\" aria-hidden=\"true\"><use href=\"#tf-ti-email\"><\/use><\/svg><\/i><\/a><\/span>\u00a0<\/p>    <\/div>\n<\/div>\n<!-- \/module text -->        <\/div>\n                        <\/div>\n        <\/div>\n                        <div  data-lazy=\"1\" class=\"module_row themify_builder_row tb_82sq640 tf_w\">\n                        <div class=\"row_inner col_align_top tb_col_count_1 tf_box tf_rel\">\n                        <div  data-lazy=\"1\" class=\"module_column tb-column col-full tb_rwmp050 first\">\n                    <!-- module divider -->\n<div  class=\"module tf_mw module-divider tb_m78c026 solid\" style=\"border-width: 1px;border-color: #adadad;margin-top: 25px;margin-bottom: 25px;\" data-lazy=\"1\">\n    <\/div>\n<!-- \/module divider -->\n<!-- module text -->\n<div  class=\"module module-text tb_vvyh064\" data-lazy=\"1\">\n        <div  class=\"tb_text_wrap\">\n        <p>Pancypriotsko udru\u017eenje profesionalnih obalnih ribara slu\u017ebeno je udru\u017eenje koje predstavlja sve profesionalne male ribare (SSF) na Cipru, uklju\u010duju\u0107i ribare s punim i nepunim radnim vremenom koji upravljaju plovilima kra\u0107im od 12 metara. Koriste\u0107i tradicionalnu opremu niskog utjecaja na okoli\u0161, poput mre\u017ea, parangala, zamki i ru\u010dnih udica, sektor posjeduje 327 aktivnih dozvola za obalni ribolov. Iako malog opsega, SSF igra vitalnu ulogu u ciparskom obalnom gospodarstvu i ba\u0161tini, odr\u017eavaju\u0107i lokalne zajednice i \u010duvaju\u0107i tradicionalni na\u010din \u017eivota.<\/p>    <\/div>\n<\/div>\n<!-- \/module text --><!-- module divider -->\n<div  class=\"module tf_mw module-divider tb_9asi002 solid\" style=\"border-width: 1px;border-color: #adadad;margin-top: 25px;margin-bottom: 25px;\" data-lazy=\"1\">\n    <\/div>\n<!-- \/module divider -->\n        <\/div>\n                        <\/div>\n        <\/div>\n        <\/div>\n<!--\/themify_builder_content-->","protected":false},"excerpt":{"rendered":"<p>Pancypriot Association of Professional Coastal Fishermen CYPRUS Pancypriot Association of Professional Coastal Fishermen\u00a0is the official association representing all professional small-scale fishers (SSF) in Cyprus, including both full-time and part-time fishers operating vessels under 12 meters. Using traditional, low-impact gear such as nets, longlines, traps, and handlines, the sector holds 327 active coastal fishing licenses. While [&hellip;]<\/p>\n","protected":false},"author":2,"featured_media":0,"parent":0,"menu_order":0,"comment_status":"closed","ping_status":"closed","template":"","meta":{"footnotes":""},"class_list":["post-831","page","type-page","status-publish","hentry","has-post-title","has-post-date","has-post-category","has-post-tag","has-post-comment","has-post-author",""],"_links":{"self":[{"href":"https:\/\/makefishingfair.org\/hr\/wp-json\/wp\/v2\/pages\/831","targetHints":{"allow":["GET"]}}],"collection":[{"href":"https:\/\/makefishingfair.org\/hr\/wp-json\/wp\/v2\/pages"}],"about":[{"href":"https:\/\/makefishingfair.org\/hr\/wp-json\/wp\/v2\/types\/page"}],"author":[{"embeddable":true,"href":"https:\/\/makefishingfair.org\/hr\/wp-json\/wp\/v2\/users\/2"}],"replies":[{"embeddable":true,"href":"https:\/\/makefishingfair.org\/hr\/wp-json\/wp\/v2\/comments?post=831"}],"version-history":[{"count":0,"href":"https:\/\/makefishingfair.org\/hr\/wp-json\/wp\/v2\/pages\/831\/revisions"}],"wp:attachment":[{"href":"https:\/\/makefishingfair.org\/hr\/wp-json\/wp\/v2\/media?parent=831"}],"curies":[{"name":"radni list","href":"https:\/\/api.w.org\/{rel}","templated":true}]}}