{"id":812,"date":"2025-07-22T09:44:11","date_gmt":"2025-07-22T09:44:11","guid":{"rendered":"https:\/\/makefishingfair.org\/schleswig-holstein-fisheries-protection-association-copy\/"},"modified":"2025-08-28T10:16:51","modified_gmt":"2025-08-28T10:16:51","slug":"pleine-mer","status":"publish","type":"page","link":"https:\/\/makefishingfair.org\/hr\/pleine-mer\/","title":{"rendered":"Pun more"},"content":{"rendered":"<!--themify_builder_content-->\n<div id=\"themify_builder_content-812\" data-postid=\"812\" class=\"themify_builder_content themify_builder_content-812 themify_builder tf_clear\">\n                    <div  data-lazy=\"1\" class=\"module_row themify_builder_row tb_qq73894 tb_first tf_w\">\n                        <div class=\"row_inner col_align_top tb_col_count_1 tf_box tf_rel\">\n                        <div  data-lazy=\"1\" class=\"module_column tb-column col-full tb_m9sn508 first\">\n                    <!-- module text -->\n<div  class=\"module module-text tb_rztb444\" data-lazy=\"1\">\n        <div  class=\"tb_text_wrap\">\n        <h1>Pun more<\/h1><p>FRANCIJA \ud83c\uddeb\ud83c\uddf7<\/p><p><span class=\"shortcode themify-icon\"><a href=\"http:\/\/www.associationpleinemer.com\" class=\"themify-icon-link\"><i class=\"themify-icon-icon\" style=\"color: #000000;\"><svg  class=\"tf_fa tf-ti-link\" aria-hidden=\"true\"><use href=\"#tf-ti-link\"><\/use><\/svg><\/i><\/a><\/span> www.associationpleinemer.com<br \/><span class=\"shortcode themify-icon\"><i class=\"themify-icon-icon\" style=\"color: #000000;\"><svg  class=\"tf_fa tf-ti-email\" aria-hidden=\"true\"><use href=\"#tf-ti-email\"><\/use><\/svg><\/i><\/span> <a href=\"mailto:association_pleine_mer@riseup.net\">association_pleine_mer@riseup.net<\/a><\/p>    <\/div>\n<\/div>\n<!-- \/module text -->        <\/div>\n                        <\/div>\n        <\/div>\n                        <div  data-lazy=\"1\" class=\"module_row themify_builder_row tb_hyql485 tf_w\">\n                        <div class=\"row_inner col_align_top tb_col_count_1 tf_box tf_rel\">\n                        <div  data-lazy=\"1\" class=\"module_column tb-column col-full tb_gahv544 first\">\n                    <!-- module divider -->\n<div  class=\"module tf_mw module-divider tb_y68k585 solid\" style=\"border-width: 1px;border-color: #adadad;margin-top: 25px;margin-bottom: 25px;\" data-lazy=\"1\">\n    <\/div>\n<!-- \/module divider -->\n<!-- module text -->\n<div  class=\"module module-text tb_w9gl688\" data-lazy=\"1\">\n        <div  class=\"tb_text_wrap\">\n        <p>Pleine Mer je francuska udruga posve\u0107ena poticanju odr\u017eive tranzicije u ribarstvu i akvakulturi u korist ribara, gra\u0111ana i morskog okoli\u0161a. Promoviraju\u0107i odgovorne prakse i za\u0161titu oceana, udruga djeluje kroz \u0161irok raspon aktivnosti \u2013 uklju\u010duju\u0107i podizanje javne svijesti, osposobljavanje, zagovaranje, pravne inicijative i suradnju s javnim, privatnim i neprofitnim dionicima. Njezino raznoliko \u010dlanstvo obuhva\u0107a profesionalne ribare, istra\u017eiva\u010de, zabrinute gra\u0111ane i potro\u0161a\u010de, povezane zajedni\u010dkom predano\u0161\u0107u odr\u017eivim i pravednim sustavima za morske plodove.<\/p>    <\/div>\n<\/div>\n<!-- \/module text --><!-- module divider -->\n<div  class=\"module tf_mw module-divider tb_jgd4884 solid\" style=\"border-width: 1px;border-color: #adadad;margin-top: 25px;margin-bottom: 25px;\" data-lazy=\"1\">\n    <\/div>\n<!-- \/module divider -->\n        <\/div>\n                        <\/div>\n        <\/div>\n        <\/div>\n<!--\/themify_builder_content-->","protected":false},"excerpt":{"rendered":"<p>Pleine Mer FRANCE \ud83c\uddeb\ud83c\uddf7\udb40\udc7f www.associationpleinemer.com association_pleine_mer@riseup.net Pleine Mer is a French association dedicated to driving a sustainable transition in fishing and aquaculture for the benefit of fishers, citizens, and the marine environment. By promoting responsible practices and ocean protection, the association works through a wide range of actions\u2014including public awareness, training, advocacy, legal initiatives, and [&hellip;]<\/p>\n","protected":false},"author":2,"featured_media":0,"parent":0,"menu_order":0,"comment_status":"closed","ping_status":"closed","template":"","meta":{"footnotes":""},"class_list":["post-812","page","type-page","status-publish","hentry","has-post-title","has-post-date","has-post-category","has-post-tag","has-post-comment","has-post-author",""],"_links":{"self":[{"href":"https:\/\/makefishingfair.org\/hr\/wp-json\/wp\/v2\/pages\/812","targetHints":{"allow":["GET"]}}],"collection":[{"href":"https:\/\/makefishingfair.org\/hr\/wp-json\/wp\/v2\/pages"}],"about":[{"href":"https:\/\/makefishingfair.org\/hr\/wp-json\/wp\/v2\/types\/page"}],"author":[{"embeddable":true,"href":"https:\/\/makefishingfair.org\/hr\/wp-json\/wp\/v2\/users\/2"}],"replies":[{"embeddable":true,"href":"https:\/\/makefishingfair.org\/hr\/wp-json\/wp\/v2\/comments?post=812"}],"version-history":[{"count":0,"href":"https:\/\/makefishingfair.org\/hr\/wp-json\/wp\/v2\/pages\/812\/revisions"}],"wp:attachment":[{"href":"https:\/\/makefishingfair.org\/hr\/wp-json\/wp\/v2\/media?parent=812"}],"curies":[{"name":"radni list","href":"https:\/\/api.w.org\/{rel}","templated":true}]}}