{"id":810,"date":"2025-07-22T09:43:29","date_gmt":"2025-07-22T09:43:29","guid":{"rendered":"https:\/\/makefishingfair.org\/scottish-creel-fishermens-federation-copy\/"},"modified":"2025-08-28T10:18:08","modified_gmt":"2025-08-28T10:18:08","slug":"snow-change-cooperative","status":"publish","type":"page","link":"https:\/\/makefishingfair.org\/hr\/snow-change-cooperative\/","title":{"rendered":"Snow change cooperative"},"content":{"rendered":"<!--themify_builder_content-->\n<div id=\"themify_builder_content-810\" data-postid=\"810\" class=\"themify_builder_content themify_builder_content-810 themify_builder tf_clear\">\n                    <div  data-lazy=\"1\" class=\"module_row themify_builder_row tb_2vs5705 tb_first tf_w\">\n                        <div class=\"row_inner col_align_top tb_col_count_1 tf_box tf_rel\">\n                        <div  data-lazy=\"1\" class=\"module_column tb-column col-full tb_esoj360 first\">\n                    <!-- module text -->\n<div  class=\"module module-text tb_n1a1709\" data-lazy=\"1\">\n        <div  class=\"tb_text_wrap\">\n        <h1>Zadruga Snowchange<\/h1><p>FINSKA<\/p><p><span class=\"shortcode themify-icon\"><a href=\"http:\/\/www.snowchange.org\" class=\"themify-icon-link\"><i class=\"themify-icon-icon\" style=\"color: #000000;\"><svg  class=\"tf_fa tf-ti-link\" aria-hidden=\"true\"><use href=\"#tf-ti-link\"><\/use><\/svg><\/i><\/a><\/span> www.snowchange.org<br \/><span class=\"shortcode themify-icon\"><a href=\"mailto:contact@snowchange.org\" class=\"themify-icon-link\"><i class=\"themify-icon-icon\" style=\"color: #000000;\"><svg  class=\"tf_fa tf-ti-email\" aria-hidden=\"true\"><use href=\"#tf-ti-email\"><\/use><\/svg><\/i><\/a><\/span> contact@snowchange.org<\/p>    <\/div>\n<\/div>\n<!-- \/module text -->        <\/div>\n                        <\/div>\n        <\/div>\n                        <div  data-lazy=\"1\" class=\"module_row themify_builder_row tb_v819963 tf_w\">\n                        <div class=\"row_inner col_align_top tb_col_count_1 tf_box tf_rel\">\n                        <div  data-lazy=\"1\" class=\"module_column tb-column col-full tb_vf7m191 first\">\n                    <!-- module divider -->\n<div  class=\"module tf_mw module-divider tb_h06m909 solid\" style=\"border-width: 1px;border-color: #adadad;margin-top: 25px;margin-bottom: 25px;\" data-lazy=\"1\">\n    <\/div>\n<!-- \/module divider -->\n<!-- module text -->\n<div  class=\"module module-text tb_450a607\" data-lazy=\"1\">\n        <div  class=\"tb_text_wrap\">\n        <p>Dobitnik Goldmanove nagrade za za\u0161titu okoli\u0161a za 2023. godinu, Snowchange Cooperative jedinstvena je finska organizacija osnovana 2000. godine kako bi dokumentirala i podr\u017eala lokalne i autohtone zajednice u sjevernim regijama. Utemeljena na tradicionalnoj finskoj \u0161umskoj kulturi \u2014 koja odaje po\u010dast znanju predaka, pri\u010dama, rukotvorinama, ribolovu i lovu \u2014 Snowchange tako\u0111er djeluje kao globalna mre\u017ea, sura\u0111uju\u0107i s autohtonim narodima poput S\u00e1ma, Inuita, Gwichina, Maora i drugih. Vo\u0111ena me\u0111unarodnim Upravnim odborom, organizacija Snowchange povezuje kulturno naslije\u0111e s najsuvremenijom znano\u0161\u0107u, sura\u0111uju\u0107i s globalnim institucijama poput Vije\u0107a Arktika i IPCC-a na rje\u0161avanju problema klimatskih promjena, bioraznolikosti i otpornosti zajednica. Ona predstavlja svjetionik pozitivne transformacije na Circumarktiku.<\/p>    <\/div>\n<\/div>\n<!-- \/module text --><!-- module divider -->\n<div  class=\"module tf_mw module-divider tb_n6lx960 solid\" style=\"border-width: 1px;border-color: #adadad;margin-top: 25px;margin-bottom: 25px;\" data-lazy=\"1\">\n    <\/div>\n<!-- \/module divider -->\n        <\/div>\n                        <\/div>\n        <\/div>\n        <\/div>\n<!--\/themify_builder_content-->","protected":false},"excerpt":{"rendered":"<p>Plateforme de la petite p\u00eache artisanale fran\u00e7aise MONTPELLIER, FRANCE \ud83c\uddeb\ud83c\uddf7\udb40\udc7f www.plateforme-petite-peche.fr ken.kawahara@plateforme-petite-peche.fr Here is some information about the organisation Jorem ipsum dolor sit amet, consectetur adipiscing elit. Etiam eu turpis molestie, dictum est a, mattis tellus. Sed dignissim, metus nec fringilla accumsan, risus sem sollicitudin lacus, ut interdum tellus elit sed risus. Maecenas eget condimentum [&hellip;]<\/p>\n","protected":false},"author":2,"featured_media":0,"parent":0,"menu_order":0,"comment_status":"closed","ping_status":"closed","template":"","meta":{"footnotes":""},"class_list":["post-810","page","type-page","status-publish","hentry","has-post-title","has-post-date","has-post-category","has-post-tag","has-post-comment","has-post-author",""],"_links":{"self":[{"href":"https:\/\/makefishingfair.org\/hr\/wp-json\/wp\/v2\/pages\/810","targetHints":{"allow":["GET"]}}],"collection":[{"href":"https:\/\/makefishingfair.org\/hr\/wp-json\/wp\/v2\/pages"}],"about":[{"href":"https:\/\/makefishingfair.org\/hr\/wp-json\/wp\/v2\/types\/page"}],"author":[{"embeddable":true,"href":"https:\/\/makefishingfair.org\/hr\/wp-json\/wp\/v2\/users\/2"}],"replies":[{"embeddable":true,"href":"https:\/\/makefishingfair.org\/hr\/wp-json\/wp\/v2\/comments?post=810"}],"version-history":[{"count":0,"href":"https:\/\/makefishingfair.org\/hr\/wp-json\/wp\/v2\/pages\/810\/revisions"}],"wp:attachment":[{"href":"https:\/\/makefishingfair.org\/hr\/wp-json\/wp\/v2\/media?parent=810"}],"curies":[{"name":"radni list","href":"https:\/\/api.w.org\/{rel}","templated":true}]}}