{"id":570,"date":"2025-07-07T21:03:49","date_gmt":"2025-07-07T21:03:49","guid":{"rendered":"https:\/\/makefishingfair.org\/?page_id=570"},"modified":"2025-08-28T10:16:31","modified_gmt":"2025-08-28T10:16:31","slug":"european-association-of-fishermen-at-the-black-sea","status":"publish","type":"page","link":"https:\/\/makefishingfair.org\/hr\/european-association-of-fishermen-at-the-black-sea\/","title":{"rendered":"Europsko udru\u017eenje ribara na Crnom moru"},"content":{"rendered":"<!--themify_builder_content-->\n<div id=\"themify_builder_content-570\" data-postid=\"570\" class=\"themify_builder_content themify_builder_content-570 themify_builder tf_clear\">\n                    <div  data-lazy=\"1\" class=\"module_row themify_builder_row tb_vna1906 tb_first tf_w\">\n                        <div class=\"row_inner col_align_top tb_col_count_1 tf_box tf_rel\">\n                        <div  data-lazy=\"1\" class=\"module_column tb-column col-full tb_1hgf906 first\">\n                    <!-- module text -->\n<div  class=\"module module-text tb_7thb906\" data-lazy=\"1\">\n        <div  class=\"tb_text_wrap\">\n        <h1>Europsko udru\u017eenje ribara u Crnom moru<\/h1><p>BUGARSKA<\/p>    <\/div>\n<\/div>\n<!-- \/module text -->        <\/div>\n                        <\/div>\n        <\/div>\n                        <div  data-lazy=\"1\" class=\"module_row themify_builder_row tb_7u92945 tf_w\">\n                        <div class=\"row_inner col_align_top tb_col_count_1 tf_box tf_rel\">\n                        <div  data-lazy=\"1\" class=\"module_column tb-column col-full tb_yltu945 first\">\n                    <!-- module divider -->\n<div  class=\"module tf_mw module-divider tb_d5tv945 solid\" style=\"border-width: 1px;border-color: #adadad;margin-top: 25px;margin-bottom: 25px;\" data-lazy=\"1\">\n    <\/div>\n<!-- \/module divider -->\n<!-- module text -->\n<div  class=\"module module-text tb_q6sh945\" data-lazy=\"1\">\n        <div  class=\"tb_text_wrap\">\n        <p>Europsko udru\u017eenje ribara u Crnom moru, osnovano 2016. godine, predstavlja 103 mala komercijalna ribara iz Rumunjske i Bugarske koji djeluju u Crnom moru, Dunavu i raznim unutarnjim vodama. Koriste\u0107i raznoliku opremu poput udica i konopa, zamki i mre\u017ea staja\u0107ica, njihovi brodovi - do 12 metara - ciljaju na \u0161irok raspon vrsta, uklju\u010duju\u0107i cipla, in\u0107una, iverka i palamidu. Kao \u010dlanovi Savjetodavnog vije\u0107a za Crno more i bugarske Nacionalne ribarske mre\u017ee, aktivno su uklju\u010deni u oblikovanje ribarske politike na nacionalnoj i EU razini.<\/p><p>Njihovi klju\u010dni izazovi uklju\u010duju generacijsku obnovu, ekonomsku odr\u017eivost i ve\u0107u zastupljenost \u017eena i mladih. Udruga je posve\u0107ena ja\u010danju veza s turizmom, promicanju lokalnog ulova i izgradnji povjerenja izme\u0111u ribara i institucija.<\/p><p>\u00a0<\/p>    <\/div>\n<\/div>\n<!-- \/module text --><!-- module divider -->\n<div  class=\"module tf_mw module-divider tb_x9dg945 solid\" style=\"border-width: 1px;border-color: #adadad;margin-top: 25px;margin-bottom: 25px;\" data-lazy=\"1\">\n    <\/div>\n<!-- \/module divider -->\n        <\/div>\n                        <\/div>\n        <\/div>\n                        <div  data-lazy=\"1\" class=\"module_row themify_builder_row tb_vitw300 tf_w\">\n                        <div class=\"row_inner col_align_top tb_col_count_1 tf_box tf_rel\">\n                        <div  data-lazy=\"1\" class=\"module_column tb-column col-full tb_i2js300 first\">\n                    <!-- module image -->\n<div  class=\"module module-image tb_7zj4300 image-top   tf_mw\" data-lazy=\"1\">\n        <div class=\"image-wrap tf_rel tf_mw\">\n            <img loading=\"lazy\" decoding=\"async\" width=\"1024\" height=\"585\" src=\"https:\/\/makefishingfair.org\/wp-content\/uploads\/2025\/07\/black-sea.jpg\" class=\"wp-post-image wp-image-843\" title=\"Crno more\" alt=\"Image caption\" srcset=\"https:\/\/makefishingfair.org\/wp-content\/uploads\/2025\/07\/black-sea.jpg 1024w, https:\/\/makefishingfair.org\/wp-content\/uploads\/2025\/07\/black-sea-768x439.jpg 768w\" sizes=\"auto, (max-width: 1024px) 100vw, 1024px\" \/>    \n        <\/div>\n    <!-- \/image-wrap -->\n    \n        <div class=\"image-content\">\n                        <div class=\"image-caption tb_text_wrap\">\n            Natpis slike        <\/div>\n        <!-- \/image-caption -->\n            <\/div>\n    <!-- \/image-content -->\n        <\/div>\n<!-- \/module image -->        <\/div>\n                        <\/div>\n        <\/div>\n        <\/div>\n<!--\/themify_builder_content-->","protected":false},"excerpt":{"rendered":"<p>The European Association of Fishermen in the Black Sea BULGARIA The European Association of Fishermen in the Black Sea, established in 2016, represents 103 small-scale commercial fishers from Romania and Bulgaria, operating across the Black Sea, the Danube, and various inland waters. Using diverse gear such as hooks &amp; lines, traps, and gillnets, their boats\u2014up [&hellip;]<\/p>\n","protected":false},"author":3,"featured_media":0,"parent":0,"menu_order":0,"comment_status":"closed","ping_status":"closed","template":"","meta":{"footnotes":""},"class_list":["post-570","page","type-page","status-publish","hentry","has-post-title","has-post-date","has-post-category","has-post-tag","has-post-comment","has-post-author",""],"_links":{"self":[{"href":"https:\/\/makefishingfair.org\/hr\/wp-json\/wp\/v2\/pages\/570","targetHints":{"allow":["GET"]}}],"collection":[{"href":"https:\/\/makefishingfair.org\/hr\/wp-json\/wp\/v2\/pages"}],"about":[{"href":"https:\/\/makefishingfair.org\/hr\/wp-json\/wp\/v2\/types\/page"}],"author":[{"embeddable":true,"href":"https:\/\/makefishingfair.org\/hr\/wp-json\/wp\/v2\/users\/3"}],"replies":[{"embeddable":true,"href":"https:\/\/makefishingfair.org\/hr\/wp-json\/wp\/v2\/comments?post=570"}],"version-history":[{"count":0,"href":"https:\/\/makefishingfair.org\/hr\/wp-json\/wp\/v2\/pages\/570\/revisions"}],"wp:attachment":[{"href":"https:\/\/makefishingfair.org\/hr\/wp-json\/wp\/v2\/media?parent=570"}],"curies":[{"name":"radni list","href":"https:\/\/api.w.org\/{rel}","templated":true}]}}