{"id":1112,"date":"2026-02-24T16:45:04","date_gmt":"2026-02-24T16:45:04","guid":{"rendered":"https:\/\/makefishingfair.org\/arts-menors-costa-brava-copy\/"},"modified":"2026-02-24T16:49:53","modified_gmt":"2026-02-24T16:49:53","slug":"coop-san-leopoldo","status":"publish","type":"page","link":"https:\/\/makefishingfair.org\/hr\/coop-san-leopoldo\/","title":{"rendered":"Zadruga San Leopoldo"},"content":{"rendered":"<!--themify_builder_content-->\n<div id=\"themify_builder_content-1112\" data-postid=\"1112\" class=\"themify_builder_content themify_builder_content-1112 themify_builder tf_clear\">\n                    <div  data-lazy=\"1\" class=\"module_row themify_builder_row tb_r367501 tb_first tf_w\">\n                        <div class=\"row_inner col_align_top tb_col_count_1 tf_box tf_rel\">\n                        <div  data-lazy=\"1\" class=\"module_column tb-column col-full tb_06nc016 first\">\n                    <!-- module text -->\n<div  class=\"module module-text tb_3ayj068\" data-lazy=\"1\">\n        <div  class=\"tb_text_wrap\">\n        <h1>Zadruga San Leopoldo<\/h1><p>ITALIJA<\/p><p><span class=\"shortcode themify-icon\"><a href=\"https:\/\/coopsanleopoldo.it\/\" class=\"themify-icon-link\"><i class=\"themify-icon-icon\" style=\"color: #000000;\"><svg  class=\"tf_fa tf-ti-link\" aria-hidden=\"true\"><use href=\"#tf-ti-link\"><\/use><\/svg><\/i><\/a><\/span> www.coopsanleopoldo.it<\/p>    <\/div>\n<\/div>\n<!-- \/module text -->        <\/div>\n                        <\/div>\n        <\/div>\n                        <div  data-lazy=\"1\" class=\"module_row themify_builder_row tb_3q4p650 tf_w\">\n                        <div class=\"row_inner col_align_top tb_col_count_1 tf_box tf_rel\">\n                        <div  data-lazy=\"1\" class=\"module_column tb-column col-full tb_n4hk444 first\">\n                    <!-- module divider -->\n<div  class=\"module tf_mw module-divider tb_0pph000 solid\" style=\"border-width: 1px;border-color: #adadad;margin-top: 25px;margin-bottom: 25px;\" data-lazy=\"1\">\n    <\/div>\n<!-- \/module divider -->\n<!-- module text -->\n<div  class=\"module module-text tb_jw3m900\" data-lazy=\"1\">\n        <div  class=\"tb_text_wrap\">\n        <p><span dir=\"auto\">Zadruga San Leopoldo osnovana je u Grossetu 1998. godine i od tada je posve\u0107ena stvaranju mogu\u0107nosti za zapo\u0161ljavanje svojih \u010dlanova i zaposlenika kroz ribarstvo, preradu ribe, akvakulturu, nasipavanje i za\u0161titu okoli\u0161a.<\/span><\/p><p><span dir=\"auto\">Zadruga sura\u0111uje s lokalnim istra\u017eiva\u010dkim centrima i sveu\u010dili\u0161tima te sudjeluje u regionalnim, nacionalnim i me\u0111unarodnim natje\u010dajima za prijedloge projekata. Tako\u0111er pru\u017ea tehni\u010dku pomo\u0107 ribarskim i akvakulturnih tvrtkama pri pristupu sredstvima Europske zajednice.<\/span><\/p>    <\/div>\n<\/div>\n<!-- \/module text --><!-- module divider -->\n<div  class=\"module tf_mw module-divider tb_rat6806 solid\" style=\"border-width: 1px;border-color: #adadad;margin-top: 25px;margin-bottom: 25px;\" data-lazy=\"1\">\n    <\/div>\n<!-- \/module divider -->\n        <\/div>\n                        <\/div>\n        <\/div>\n        <\/div>\n<!--\/themify_builder_content-->","protected":false},"excerpt":{"rendered":"<p>Coop San Leopoldo ITALY www.coopsanleopoldo.it Coop San Leopoldo was founded in Grosseto in 1998 and, since then, has been committed to creating job opportunities for its members and employees, through fishing, fish processing, aquaculture, restocking, and environmental protection. The cooperative collaborates with local research centers and universities and participates in regional, national, and international calls [&hellip;]<\/p>\n","protected":false},"author":2,"featured_media":0,"parent":0,"menu_order":0,"comment_status":"closed","ping_status":"closed","template":"","meta":{"footnotes":""},"class_list":["post-1112","page","type-page","status-publish","hentry","has-post-title","has-post-date","has-post-category","has-post-tag","has-post-comment","has-post-author",""],"_links":{"self":[{"href":"https:\/\/makefishingfair.org\/hr\/wp-json\/wp\/v2\/pages\/1112","targetHints":{"allow":["GET"]}}],"collection":[{"href":"https:\/\/makefishingfair.org\/hr\/wp-json\/wp\/v2\/pages"}],"about":[{"href":"https:\/\/makefishingfair.org\/hr\/wp-json\/wp\/v2\/types\/page"}],"author":[{"embeddable":true,"href":"https:\/\/makefishingfair.org\/hr\/wp-json\/wp\/v2\/users\/2"}],"replies":[{"embeddable":true,"href":"https:\/\/makefishingfair.org\/hr\/wp-json\/wp\/v2\/comments?post=1112"}],"version-history":[{"count":0,"href":"https:\/\/makefishingfair.org\/hr\/wp-json\/wp\/v2\/pages\/1112\/revisions"}],"wp:attachment":[{"href":"https:\/\/makefishingfair.org\/hr\/wp-json\/wp\/v2\/media?parent=1112"}],"curies":[{"name":"radni list","href":"https:\/\/api.w.org\/{rel}","templated":true}]}}