{"id":867,"date":"2025-07-22T13:33:45","date_gmt":"2025-07-22T13:33:45","guid":{"rendered":"https:\/\/makefishingfair.org\/asociacion-de-atuneros-con-linea-de-mano-del-mediterraneo-copy\/"},"modified":"2025-08-28T10:16:31","modified_gmt":"2025-08-28T10:16:31","slug":"arts-menors-costa-brava","status":"publish","type":"page","link":"https:\/\/makefishingfair.org\/fr\/arts-menors-costa-brava\/","title":{"rendered":"Arts Menors Costa Brava"},"content":{"rendered":"<!--themify_builder_content-->\n<div id=\"themify_builder_content-867\" data-postid=\"867\" class=\"themify_builder_content themify_builder_content-867 themify_builder tf_clear\">\n                    <div  data-lazy=\"1\" class=\"module_row themify_builder_row tb_fzpg000 tb_first tf_w\">\n                        <div class=\"row_inner col_align_top tb_col_count_1 tf_box tf_rel\">\n                        <div  data-lazy=\"1\" class=\"module_column tb-column col-full tb_bjrg008 first\">\n                    <!-- module text -->\n<div  class=\"module module-text tb_a1y0000\" data-lazy=\"1\">\n        <div  class=\"tb_text_wrap\">\n        <h1>Arts Menors Costa Brava<\/h1><p>COSTA BRAVA<\/p><p><span class=\"shortcode themify-icon\"><a href=\"http:\/\/www.empescat.cat\/qui-som\/\/\" class=\"themify-icon-link\"><i class=\"themify-icon-icon\" style=\"color: #000000;\"><svg  class=\"tf_fa tf-ti-link\" aria-hidden=\"true\"><use href=\"#tf-ti-link\"><\/use><\/svg><\/i><\/a><\/span> www.empescat.cat\/qui-som\/<\/p>    <\/div>\n<\/div>\n<!-- \/module text -->        <\/div>\n                        <\/div>\n        <\/div>\n                        <div  data-lazy=\"1\" class=\"module_row themify_builder_row tb_ccxf270 tf_w\">\n                        <div class=\"row_inner col_align_top tb_col_count_1 tf_box tf_rel\">\n                        <div  data-lazy=\"1\" class=\"module_column tb-column col-full tb_z7yv440 first\">\n                    <!-- module divider -->\n<div  class=\"module tf_mw module-divider tb_77n2002 solid\" style=\"border-width: 1px;border-color: #adadad;margin-top: 25px;margin-bottom: 25px;\" data-lazy=\"1\">\n    <\/div>\n<!-- \/module divider -->\n<!-- module text -->\n<div  class=\"module module-text tb_8xuz724\" data-lazy=\"1\">\n        <div  class=\"tb_text_wrap\">\n        <p><em><span>Arts Menors Costa Brava<\/span><\/em><span>\u00a0est une association cr\u00e9\u00e9e par un groupe de p\u00eacheurs artisanaux de l'Escala et de l'Estartit, passionn\u00e9s par leur m\u00e9tier et d\u00e9sireux de partager cette passion avec vous tous.<\/span><\/p>    <\/div>\n<\/div>\n<!-- \/module text --><!-- module divider -->\n<div  class=\"module tf_mw module-divider tb_wafw008 solid\" style=\"border-width: 1px;border-color: #adadad;margin-top: 25px;margin-bottom: 25px;\" data-lazy=\"1\">\n    <\/div>\n<!-- \/module divider -->\n        <\/div>\n                        <\/div>\n        <\/div>\n        <\/div>\n<!--\/themify_builder_content-->","protected":false},"excerpt":{"rendered":"<p>Arts Menors Costa Brava COSTA BRAVA www.empescat.cat\/qui-som\/ Arts Menors Costa Brava\u00a0is an association created by a group of artisanal fishermen from l&#8217;Escala and l&#8217;Estartit, who are passionate about our craft and want to share this passion with all of you.<\/p>","protected":false},"author":2,"featured_media":0,"parent":0,"menu_order":0,"comment_status":"closed","ping_status":"closed","template":"","meta":{"footnotes":""},"class_list":["post-867","page","type-page","status-publish","hentry","has-post-title","has-post-date","has-post-category","has-post-tag","has-post-comment","has-post-author",""],"_links":{"self":[{"href":"https:\/\/makefishingfair.org\/fr\/wp-json\/wp\/v2\/pages\/867","targetHints":{"allow":["GET"]}}],"collection":[{"href":"https:\/\/makefishingfair.org\/fr\/wp-json\/wp\/v2\/pages"}],"about":[{"href":"https:\/\/makefishingfair.org\/fr\/wp-json\/wp\/v2\/types\/page"}],"author":[{"embeddable":true,"href":"https:\/\/makefishingfair.org\/fr\/wp-json\/wp\/v2\/users\/2"}],"replies":[{"embeddable":true,"href":"https:\/\/makefishingfair.org\/fr\/wp-json\/wp\/v2\/comments?post=867"}],"version-history":[{"count":0,"href":"https:\/\/makefishingfair.org\/fr\/wp-json\/wp\/v2\/pages\/867\/revisions"}],"wp:attachment":[{"href":"https:\/\/makefishingfair.org\/fr\/wp-json\/wp\/v2\/media?parent=867"}],"curies":[{"name":"wp","href":"https:\/\/api.w.org\/{rel}","templated":true}]}}