{"id":836,"date":"2025-07-22T09:52:52","date_gmt":"2025-07-22T09:52:52","guid":{"rendered":"https:\/\/makefishingfair.org\/wolinskie-stowarzyszenie-rybakow-copy\/"},"modified":"2025-08-28T10:16:31","modified_gmt":"2025-08-28T10:16:31","slug":"empescat","status":"publish","type":"page","link":"https:\/\/makefishingfair.org\/fr\/empescat\/","title":{"rendered":"Empesca't"},"content":{"rendered":"<!--themify_builder_content-->\n<div id=\"themify_builder_content-836\" data-postid=\"836\" class=\"themify_builder_content themify_builder_content-836 themify_builder tf_clear\">\n                    <div  data-lazy=\"1\" class=\"module_row themify_builder_row tb_x8lv800 tb_first tf_w\">\n                        <div class=\"row_inner col_align_top tb_col_count_1 tf_box tf_rel\">\n                        <div  data-lazy=\"1\" class=\"module_column tb-column col-full tb_9523500 first\">\n                    <!-- module text -->\n<div  class=\"module module-text tb_qgf8080\" data-lazy=\"1\">\n        <div  class=\"tb_text_wrap\">\n        <h1><span style=\"font-weight: 400;\">Empesca't<\/span><\/h1><p>\u00a0COSTA BRAVA, ESPAGNE<\/p><p><span class=\"shortcode themify-icon\"><a href=\"http:\/\/www.empescat.cat\" class=\"themify-icon-link\"><i class=\"themify-icon-icon\" style=\"color: #000000;\"><svg  class=\"tf_fa tf-ti-link\" aria-hidden=\"true\"><use href=\"#tf-ti-link\"><\/use><\/svg><\/i><\/a><\/span> www.empescat.cat<br \/><span class=\"shortcode themify-icon\"><i class=\"themify-icon-icon\" style=\"color: #000000;\"><svg  class=\"tf_fa tf-ti-email\" aria-hidden=\"true\"><use href=\"#tf-ti-email\"><\/use><\/svg><\/i><\/span> <a href=\"mailto:info@empescat.cat\">info@empescat.cat<\/a><\/p>    <\/div>\n<\/div>\n<!-- \/module text -->        <\/div>\n                        <\/div>\n        <\/div>\n                        <div  data-lazy=\"1\" class=\"module_row themify_builder_row tb_jdf6908 tf_w\">\n                        <div class=\"row_inner col_align_top tb_col_count_1 tf_box tf_rel\">\n                        <div  data-lazy=\"1\" class=\"module_column tb-column col-full tb_bdu7806 first\">\n                    <!-- module divider -->\n<div  class=\"module tf_mw module-divider tb_lm4b333 solid\" style=\"border-width: 1px;border-color: #adadad;margin-top: 25px;margin-bottom: 25px;\" data-lazy=\"1\">\n    <\/div>\n<!-- \/module divider -->\n<!-- module text -->\n<div  class=\"module module-text tb_z898038\" data-lazy=\"1\">\n        <div  class=\"tb_text_wrap\">\n        <p>Empesca't est une association de p\u00eacheurs artisanaux de l'Escala et de l'Estartit, unis par une passion pour la p\u00eache durable, la tradition et le respect de l'environnement marin. \u00c0 l'aide de petits bateaux et d'engins traditionnels \u00e0 faible impact, ils p\u00eachent de mani\u00e8re responsable dans leurs eaux locales, alliant connaissance approfondie de la r\u00e9gion et professionnalisme. Motiv\u00e9s par la difficult\u00e9 de vendre leurs prises de mani\u00e8re \u00e9quitable, ils ont cr\u00e9\u00e9 la marque Empesca't afin d'\u00e9viter les interm\u00e9diaires et de fournir des produits de la mer tra\u00e7ables et de haute qualit\u00e9 directement \u00e0 des lieux d'accueil s\u00e9lectionn\u00e9s, soutenant ainsi leurs moyens de subsistance et la sant\u00e9 de l'\u00e9cosyst\u00e8me marin.<\/p>    <\/div>\n<\/div>\n<!-- \/module text --><!-- module divider -->\n<div  class=\"module tf_mw module-divider tb_mccm358 solid\" style=\"border-width: 1px;border-color: #adadad;margin-top: 25px;margin-bottom: 25px;\" data-lazy=\"1\">\n    <\/div>\n<!-- \/module divider -->\n        <\/div>\n                        <\/div>\n        <\/div>\n                        <div  data-lazy=\"1\" class=\"module_row themify_builder_row tb_g7zw333 tf_w\">\n                        <div class=\"row_inner col_align_top tb_col_count_1 tf_box tf_rel\">\n                        <div  data-lazy=\"1\" class=\"module_column tb-column col-full tb_820i003 first\">\n                    <!-- module image -->\n<div  class=\"module module-image tb_w6se066 image-top   tf_mw\" data-lazy=\"1\">\n        <div class=\"image-wrap tf_rel tf_mw\">\n            <img loading=\"lazy\" decoding=\"async\" width=\"720\" height=\"874\" src=\"https:\/\/makefishingfair.org\/wp-content\/uploads\/2025\/07\/WhatsApp-Image-2024-09-21-at-11.12.15-1-e1753181855418.jpeg\" class=\"wp-post-image wp-image-855\" title=\"WhatsApp Image 2024-09-21 \u00e0 11.12.15 (1)\" alt=\"Image caption\">    \n        <\/div>\n    <!-- \/image-wrap -->\n    \n        <div class=\"image-content\">\n                        <div class=\"image-caption tb_text_wrap\">\n            L\u00e9gende de l'image        <\/div>\n        <!-- \/image-caption -->\n            <\/div>\n    <!-- \/image-content -->\n        <\/div>\n<!-- \/module image -->        <\/div>\n                        <\/div>\n        <\/div>\n        <\/div>\n<!--\/themify_builder_content-->","protected":false},"excerpt":{"rendered":"<p>Empesca&#8217;t COSTA BRAVA, SPAIN www.empescat.cat info@empescat.cat Empesca&#8217;t is an association of artisanal fishermen from l\u2019Escala and l\u2019Estartit, united by a passion for sustainable fishing, tradition, and respect for the marine environment. Using small boats and low-impact traditional gear, they fish responsibly in their local waters, combining deep local knowledge with professionalism. Motivated by the challenges [&hellip;]<\/p>\n","protected":false},"author":2,"featured_media":0,"parent":0,"menu_order":0,"comment_status":"closed","ping_status":"closed","template":"","meta":{"footnotes":""},"class_list":["post-836","page","type-page","status-publish","hentry","has-post-title","has-post-date","has-post-category","has-post-tag","has-post-comment","has-post-author",""],"_links":{"self":[{"href":"https:\/\/makefishingfair.org\/fr\/wp-json\/wp\/v2\/pages\/836","targetHints":{"allow":["GET"]}}],"collection":[{"href":"https:\/\/makefishingfair.org\/fr\/wp-json\/wp\/v2\/pages"}],"about":[{"href":"https:\/\/makefishingfair.org\/fr\/wp-json\/wp\/v2\/types\/page"}],"author":[{"embeddable":true,"href":"https:\/\/makefishingfair.org\/fr\/wp-json\/wp\/v2\/users\/2"}],"replies":[{"embeddable":true,"href":"https:\/\/makefishingfair.org\/fr\/wp-json\/wp\/v2\/comments?post=836"}],"version-history":[{"count":0,"href":"https:\/\/makefishingfair.org\/fr\/wp-json\/wp\/v2\/pages\/836\/revisions"}],"wp:attachment":[{"href":"https:\/\/makefishingfair.org\/fr\/wp-json\/wp\/v2\/media?parent=836"}],"curies":[{"name":"wp","href":"https:\/\/api.w.org\/{rel}","templated":true}]}}