{"id":811,"date":"2025-07-22T09:43:51","date_gmt":"2025-07-22T09:43:51","guid":{"rendered":"https:\/\/makefishingfair.org\/snow-change-cooperative-copy\/"},"modified":"2025-08-28T10:18:08","modified_gmt":"2025-08-28T10:18:08","slug":"schleswig-holstein-fisheries-protection-association","status":"publish","type":"page","link":"https:\/\/makefishingfair.org\/fr\/schleswig-holstein-fisheries-protection-association\/","title":{"rendered":"Association de protection de la p\u00eache du Schleswig-Holstein"},"content":{"rendered":"<!--themify_builder_content-->\n<div id=\"themify_builder_content-811\" data-postid=\"811\" class=\"themify_builder_content themify_builder_content-811 themify_builder tf_clear\">\n                    <div  data-lazy=\"1\" class=\"module_row themify_builder_row tb_i72w019 tb_first tf_w\">\n                        <div class=\"row_inner col_align_top tb_col_count_1 tf_box tf_rel\">\n                        <div  data-lazy=\"1\" class=\"module_column tb-column col-full tb_3k4t540 first\">\n                    <!-- module text -->\n<div  class=\"module module-text tb_873l151\" data-lazy=\"1\">\n        <div  class=\"tb_text_wrap\">\n        <h1><span style=\"font-weight: 400;\">Association de protection de la p\u00eache du Schleswig-Holstein<\/span><\/h1><p>ALLEMAGNE<\/p>    <\/div>\n<\/div>\n<!-- \/module text -->        <\/div>\n                        <\/div>\n        <\/div>\n                        <div  data-lazy=\"1\" class=\"module_row themify_builder_row tb_qfeo716 tf_w\">\n                        <div class=\"row_inner col_align_top tb_col_count_1 tf_box tf_rel\">\n                        <div  data-lazy=\"1\" class=\"module_column tb-column col-full tb_9ciy646 first\">\n                    <!-- module divider -->\n<div  class=\"module tf_mw module-divider tb_30mo100 solid\" style=\"border-width: 1px;border-color: #adadad;margin-top: 25px;margin-bottom: 25px;\" data-lazy=\"1\">\n    <\/div>\n<!-- \/module divider -->\n<!-- module text -->\n<div  class=\"module module-text tb_8rqu551\" data-lazy=\"1\">\n        <div  class=\"tb_text_wrap\">\n        <p>Fond\u00e9e en 1982, l'association de protection de la p\u00eache du Schleswig-Holstein repr\u00e9sente 74 p\u00eacheurs individuels et 9 associations membres, exploitant principalement de petits bateaux de 6 \u00e0 8 m\u00e8tres utilisant des filets maillants et des pi\u00e8ges \u00e0 poissons. Malgr\u00e9 une forte demande du march\u00e9 et l'absence de probl\u00e8mes de vente, les membres sont confront\u00e9s \u00e0 des d\u00e9fis persistants, notamment une r\u00e9partition in\u00e9quitable des quotas, la pression exerc\u00e9e par les chalutiers fortement subventionn\u00e9s, des exigences excessives en mati\u00e8re de s\u00e9curit\u00e9 et de bureaucratie, et la domination des int\u00e9r\u00eats de la p\u00eache \u00e0 grande \u00e9chelle. L'association s'emploie activement \u00e0 r\u00e9soudre ces probl\u00e8mes au moyen de projets novateurs, notamment en testant des engins de p\u00eache alternatifs avec l'agence allemande d'aide \u00e0 l'environnement et en concluant des accords volontaires pour prot\u00e9ger les marsouins et les oiseaux de mer. Elle encourage \u00e9galement les partenariats avec les organisations de protection de la nature afin de soutenir la p\u00eache durable en mer Baltique.<\/p>    <\/div>\n<\/div>\n<!-- \/module text --><!-- module divider -->\n<div  class=\"module tf_mw module-divider tb_147r052 solid\" style=\"border-width: 1px;border-color: #adadad;margin-top: 25px;margin-bottom: 25px;\" data-lazy=\"1\">\n    <\/div>\n<!-- \/module divider -->\n        <\/div>\n                        <\/div>\n        <\/div>\n                        <div  data-lazy=\"1\" class=\"module_row themify_builder_row tb_9v9p665 tf_w\">\n                        <div class=\"row_inner col_align_top tb_col_count_1 tf_box tf_rel\">\n                        <div  data-lazy=\"1\" class=\"module_column tb-column col-full tb_lnna501 first\">\n                    <!-- module image -->\n<div  class=\"module module-image tb_wipe575 image-top   tf_mw\" data-lazy=\"1\">\n        <div class=\"image-wrap tf_rel tf_mw\">\n            <img loading=\"lazy\" decoding=\"async\" width=\"1080\" height=\"1080\" src=\"https:\/\/makefishingfair.org\/wp-content\/uploads\/2025\/07\/Copy-of-wolfgang-albrech.jpeg\" class=\"wp-post-image wp-image-848\" title=\"Copie de wolfgang-albrech\" alt=\"Image caption\" srcset=\"https:\/\/makefishingfair.org\/wp-content\/uploads\/2025\/07\/Copy-of-wolfgang-albrech.jpeg 1080w, https:\/\/makefishingfair.org\/wp-content\/uploads\/2025\/07\/Copy-of-wolfgang-albrech-768x768.jpeg 768w\" sizes=\"auto, (max-width: 1080px) 100vw, 1080px\" \/>    \n        <\/div>\n    <!-- \/image-wrap -->\n    \n        <div class=\"image-content\">\n                        <div class=\"image-caption tb_text_wrap\">\n            L\u00e9gende de l'image        <\/div>\n        <!-- \/image-caption -->\n            <\/div>\n    <!-- \/image-content -->\n        <\/div>\n<!-- \/module image -->        <\/div>\n                        <\/div>\n        <\/div>\n        <\/div>\n<!--\/themify_builder_content-->","protected":false},"excerpt":{"rendered":"<p>Schleswig-Holstein Fisheries Protection Association GERMANY Founded in 1982, the Schleswig-Holstein Fisheries Protection Association represents 74 individual fishers and 9 member associations, primarily operating small boats between 6 and 8 meters using gillnets and fish traps. Despite strong market demand and no sales issues, members face persistent challenges including unfair quota distribution, pressure from heavily subsidized [&hellip;]<\/p>\n","protected":false},"author":2,"featured_media":0,"parent":0,"menu_order":0,"comment_status":"closed","ping_status":"closed","template":"","meta":{"footnotes":""},"class_list":["post-811","page","type-page","status-publish","hentry","has-post-title","has-post-date","has-post-category","has-post-tag","has-post-comment","has-post-author",""],"_links":{"self":[{"href":"https:\/\/makefishingfair.org\/fr\/wp-json\/wp\/v2\/pages\/811","targetHints":{"allow":["GET"]}}],"collection":[{"href":"https:\/\/makefishingfair.org\/fr\/wp-json\/wp\/v2\/pages"}],"about":[{"href":"https:\/\/makefishingfair.org\/fr\/wp-json\/wp\/v2\/types\/page"}],"author":[{"embeddable":true,"href":"https:\/\/makefishingfair.org\/fr\/wp-json\/wp\/v2\/users\/2"}],"replies":[{"embeddable":true,"href":"https:\/\/makefishingfair.org\/fr\/wp-json\/wp\/v2\/comments?post=811"}],"version-history":[{"count":0,"href":"https:\/\/makefishingfair.org\/fr\/wp-json\/wp\/v2\/pages\/811\/revisions"}],"wp:attachment":[{"href":"https:\/\/makefishingfair.org\/fr\/wp-json\/wp\/v2\/media?parent=811"}],"curies":[{"name":"wp","href":"https:\/\/api.w.org\/{rel}","templated":true}]}}