{"id":810,"date":"2025-07-22T09:43:29","date_gmt":"2025-07-22T09:43:29","guid":{"rendered":"https:\/\/makefishingfair.org\/scottish-creel-fishermens-federation-copy\/"},"modified":"2025-08-28T10:18:08","modified_gmt":"2025-08-28T10:18:08","slug":"snow-change-cooperative","status":"publish","type":"page","link":"https:\/\/makefishingfair.org\/fr\/snow-change-cooperative\/","title":{"rendered":"Snow change cooperative"},"content":{"rendered":"<!--themify_builder_content-->\n<div id=\"themify_builder_content-810\" data-postid=\"810\" class=\"themify_builder_content themify_builder_content-810 themify_builder tf_clear\">\n                    <div  data-lazy=\"1\" class=\"module_row themify_builder_row tb_2vs5705 tb_first tf_w\">\n                        <div class=\"row_inner col_align_top tb_col_count_1 tf_box tf_rel\">\n                        <div  data-lazy=\"1\" class=\"module_column tb-column col-full tb_esoj360 first\">\n                    <!-- module text -->\n<div  class=\"module module-text tb_n1a1709\" data-lazy=\"1\">\n        <div  class=\"tb_text_wrap\">\n        <h1>Coop\u00e9rative Snowchange<\/h1><p>FINLANDE<\/p><p><span class=\"shortcode themify-icon\"><a href=\"http:\/\/www.snowchange.org\" class=\"themify-icon-link\"><i class=\"themify-icon-icon\" style=\"color: #000000;\"><svg  class=\"tf_fa tf-ti-link\" aria-hidden=\"true\"><use href=\"#tf-ti-link\"><\/use><\/svg><\/i><\/a><\/span> www.snowchange.org<br \/><span class=\"shortcode themify-icon\"><a href=\"mailto:contact@snowchange.org\" class=\"themify-icon-link\"><i class=\"themify-icon-icon\" style=\"color: #000000;\"><svg  class=\"tf_fa tf-ti-email\" aria-hidden=\"true\"><use href=\"#tf-ti-email\"><\/use><\/svg><\/i><\/a><\/span> contact@snowchange.org<\/p>    <\/div>\n<\/div>\n<!-- \/module text -->        <\/div>\n                        <\/div>\n        <\/div>\n                        <div  data-lazy=\"1\" class=\"module_row themify_builder_row tb_v819963 tf_w\">\n                        <div class=\"row_inner col_align_top tb_col_count_1 tf_box tf_rel\">\n                        <div  data-lazy=\"1\" class=\"module_column tb-column col-full tb_vf7m191 first\">\n                    <!-- module divider -->\n<div  class=\"module tf_mw module-divider tb_h06m909 solid\" style=\"border-width: 1px;border-color: #adadad;margin-top: 25px;margin-bottom: 25px;\" data-lazy=\"1\">\n    <\/div>\n<!-- \/module divider -->\n<!-- module text -->\n<div  class=\"module module-text tb_450a607\" data-lazy=\"1\">\n        <div  class=\"tb_text_wrap\">\n        <p>Laur\u00e9ate du prix Goldman pour l'environnement en 2023, la coop\u00e9rative Snowchange est une organisation finlandaise unique en son genre, fond\u00e9e en 2000 pour documenter et soutenir les communaut\u00e9s locales et autochtones des r\u00e9gions septentrionales. Enracin\u00e9e dans la culture foresti\u00e8re traditionnelle finlandaise - qui honore les connaissances ancestrales, les histoires, l'artisanat, la p\u00eache et la chasse - Snowchange fonctionne \u00e9galement comme un r\u00e9seau mondial, collaborant avec des peuples autochtones tels que les Saamis, les Inuits, les Gwitchin, les Maoris et d'autres encore. Guid\u00e9 par un comit\u00e9 directeur international, Snowchange fait le lien entre le patrimoine culturel et la science de pointe, et travaille avec des institutions mondiales telles que le Conseil de l'Arctique et le GIEC pour aborder les questions du changement climatique, de la biodiversit\u00e9 et de la r\u00e9silience des communaut\u00e9s. Il est le phare d'une transformation positive dans le Nord circumpolaire.<\/p>    <\/div>\n<\/div>\n<!-- \/module text --><!-- module divider -->\n<div  class=\"module tf_mw module-divider tb_n6lx960 solid\" style=\"border-width: 1px;border-color: #adadad;margin-top: 25px;margin-bottom: 25px;\" data-lazy=\"1\">\n    <\/div>\n<!-- \/module divider -->\n        <\/div>\n                        <\/div>\n        <\/div>\n        <\/div>\n<!--\/themify_builder_content-->","protected":false},"excerpt":{"rendered":"<p>Plateforme de la petite p\u00eache artisanale fran\u00e7aise MONTPELLIER, FRANCE \ud83c\uddeb\ud83c\uddf7\udb40\udc7f www.plateforme-petite-peche.fr ken.kawahara@plateforme-petite-peche.fr Here is some information about the organisation Jorem ipsum dolor sit amet, consectetur adipiscing elit. Etiam eu turpis molestie, dictum est a, mattis tellus. Sed dignissim, metus nec fringilla accumsan, risus sem sollicitudin lacus, ut interdum tellus elit sed risus. Maecenas eget condimentum [&hellip;]<\/p>\n","protected":false},"author":2,"featured_media":0,"parent":0,"menu_order":0,"comment_status":"closed","ping_status":"closed","template":"","meta":{"footnotes":""},"class_list":["post-810","page","type-page","status-publish","hentry","has-post-title","has-post-date","has-post-category","has-post-tag","has-post-comment","has-post-author",""],"_links":{"self":[{"href":"https:\/\/makefishingfair.org\/fr\/wp-json\/wp\/v2\/pages\/810","targetHints":{"allow":["GET"]}}],"collection":[{"href":"https:\/\/makefishingfair.org\/fr\/wp-json\/wp\/v2\/pages"}],"about":[{"href":"https:\/\/makefishingfair.org\/fr\/wp-json\/wp\/v2\/types\/page"}],"author":[{"embeddable":true,"href":"https:\/\/makefishingfair.org\/fr\/wp-json\/wp\/v2\/users\/2"}],"replies":[{"embeddable":true,"href":"https:\/\/makefishingfair.org\/fr\/wp-json\/wp\/v2\/comments?post=810"}],"version-history":[{"count":0,"href":"https:\/\/makefishingfair.org\/fr\/wp-json\/wp\/v2\/pages\/810\/revisions"}],"wp:attachment":[{"href":"https:\/\/makefishingfair.org\/fr\/wp-json\/wp\/v2\/media?parent=810"}],"curies":[{"name":"wp","href":"https:\/\/api.w.org\/{rel}","templated":true}]}}