{"id":755,"date":"2025-07-21T14:00:30","date_gmt":"2025-07-21T14:00:30","guid":{"rendered":"https:\/\/makefishingfair.org\/muireann-kavanagh-copy\/"},"modified":"2025-09-02T10:42:30","modified_gmt":"2025-09-02T10:42:30","slug":"sandra-amezaga","status":"publish","type":"page","link":"https:\/\/makefishingfair.org\/fr\/sandra-amezaga\/","title":{"rendered":"Sandra Amezaga"},"content":{"rendered":"<!--themify_builder_content-->\n<div id=\"themify_builder_content-755\" data-postid=\"755\" class=\"themify_builder_content themify_builder_content-755 themify_builder tf_clear\">\n                    <div  data-lazy=\"1\" class=\"module_row themify_builder_row tb_ei35187 tb_first tf_w\">\n                        <div class=\"row_inner col_align_top tb_col_count_2 tf_box tf_rel\">\n                        <div  data-lazy=\"1\" class=\"module_column tb-column col4-2 tb_7jvk268 first\">\n                    <!-- module image -->\n<div  class=\"module module-image tb_61ef888 image-top   tf_mw\" data-lazy=\"1\">\n        <div class=\"image-wrap tf_rel tf_mw\">\n            <img loading=\"lazy\" decoding=\"async\" width=\"850\" height=\"478\" src=\"https:\/\/makefishingfair.org\/wp-content\/uploads\/2025\/07\/sandra-amezaga.png\" class=\"wp-post-image wp-image-734\" title=\"sandra-amezaga\" alt=\"\u00a9 Martina Miser\" srcset=\"https:\/\/makefishingfair.org\/wp-content\/uploads\/2025\/07\/sandra-amezaga.png 850w, https:\/\/makefishingfair.org\/wp-content\/uploads\/2025\/07\/sandra-amezaga-768x432.png 768w\" sizes=\"auto, (max-width: 850px) 100vw, 850px\" \/>    \n        <\/div>\n    <!-- \/image-wrap -->\n    \n        <div class=\"image-content\">\n                        <div class=\"image-caption tb_text_wrap\">\n            Martina Miser        <\/div>\n        <!-- \/image-caption -->\n            <\/div>\n    <!-- \/image-content -->\n        <\/div>\n<!-- \/module image -->        <\/div>\n                    <div  data-lazy=\"1\" class=\"module_column tb-column col4-2 tb_73gz206 last\">\n                    <!-- module text -->\n<div  class=\"module module-text tb_0rwg217\" data-lazy=\"1\">\n        <div  class=\"tb_text_wrap\">\n        <h1>Sandra Amezaga<\/h1>\n<p>ESPAGNE<\/p>\n<p><span style=\"font-weight: 400;\">Asociaci\u00f3n de Mulleres Salgadas<\/span><\/p>    <\/div>\n<\/div>\n<!-- \/module text -->        <\/div>\n                        <\/div>\n        <\/div>\n                        <div  data-lazy=\"1\" class=\"module_row themify_builder_row tb_4p33801 tf_w\">\n                        <div class=\"row_inner col_align_top tb_col_count_1 tf_box tf_rel\">\n                        <div  data-lazy=\"1\" class=\"module_column tb-column col-full tb_ie3b882 first\">\n                    <!-- module divider -->\n<div  class=\"module tf_mw module-divider tb_x37i518 solid\" style=\"border-width: 1px;border-color: #adadad;margin-top: 25px;\" data-lazy=\"1\">\n    <\/div>\n<!-- \/module divider -->\n<!-- module text -->\n<div  class=\"module module-text tb_mguy022\" data-lazy=\"1\">\n        <div  class=\"tb_text_wrap\">\n        <span class=\"shortcode themify-icon\"><a href=\"http:\/\/\" class=\"themify-icon-link\"><i class=\"themify-icon-icon\" style=\"color: #000000;\"><svg  class=\"tf_fa tf-ti-quote-left\" aria-hidden=\"true\"><use href=\"#tf-ti-quote-left\"><\/use><\/svg><\/i><\/a><\/span><p><i><span style=\"font-weight: 400;\">\u00a0\u201cLa cueillette des coquillages est une tradition ancestrale qui contribue \u00e0 la vitalit\u00e9 des communaut\u00e9s rurales c\u00f4ti\u00e8res. Elle contribue \u00e0 pr\u00e9server les populations locales, \u00e0 promouvoir l'utilisation durable des ressources marines et joue un r\u00f4le cl\u00e9 dans la protection du milieu naturel environnant\u201d.\u201d<\/span><\/i><\/p><p><span style=\"font-weight: 400;\">Sandra d\u00e9fend activement les droits des femmes. Elle fait entendre la voix de la plateforme europ\u00e9enne AKTEA et de l'association galicienne de femmes Asociaci\u00f3n de Mulleres Salgadas.<\/span><\/p>    <\/div>\n<\/div>\n<!-- \/module text --><!-- module divider -->\n<div  class=\"module tf_mw module-divider tb_ffvx900 solid\" style=\"border-width: 1px;border-color: #adadad;margin-top: 25px;margin-bottom: 25px;\" data-lazy=\"1\">\n    <\/div>\n<!-- \/module divider -->\n        <\/div>\n                        <\/div>\n        <\/div>\n                        <div  data-lazy=\"1\" class=\"module_row themify_builder_row tb_300s002 tf_w\">\n                        <div class=\"row_inner col_align_top tb_col_count_2 tf_box tf_rel\">\n                        <div  data-lazy=\"1\" class=\"module_column tb-column col4-2 tb_7ngd021 first\">\n                            <\/div>\n                    <div  data-lazy=\"1\" class=\"module_column tb-column col4-2 tb_0rlu292 last\">\n                            <\/div>\n                        <\/div>\n        <\/div>\n        <\/div>\n<!--\/themify_builder_content-->","protected":false},"excerpt":{"rendered":"<p>\u00a9 Martina Miser Sandra Amezaga SPAIN Asociaci\u00f3n de Mulleres Salgadas \u00a0\u201cShellfish gathering is a time-honored tradition that supports the vitality of rural coastal communities. It helps preserve local populations, promotes the sustainable use of marine resources, and plays a key role in protecting the surrounding natural environment.\u201d Sandra is an active advocate for women&#8217;s rights. [&hellip;]<\/p>\n","protected":false},"author":2,"featured_media":0,"parent":0,"menu_order":0,"comment_status":"closed","ping_status":"closed","template":"","meta":{"footnotes":""},"class_list":["post-755","page","type-page","status-publish","hentry","has-post-title","has-post-date","has-post-category","has-post-tag","has-post-comment","has-post-author",""],"_links":{"self":[{"href":"https:\/\/makefishingfair.org\/fr\/wp-json\/wp\/v2\/pages\/755","targetHints":{"allow":["GET"]}}],"collection":[{"href":"https:\/\/makefishingfair.org\/fr\/wp-json\/wp\/v2\/pages"}],"about":[{"href":"https:\/\/makefishingfair.org\/fr\/wp-json\/wp\/v2\/types\/page"}],"author":[{"embeddable":true,"href":"https:\/\/makefishingfair.org\/fr\/wp-json\/wp\/v2\/users\/2"}],"replies":[{"embeddable":true,"href":"https:\/\/makefishingfair.org\/fr\/wp-json\/wp\/v2\/comments?post=755"}],"version-history":[{"count":0,"href":"https:\/\/makefishingfair.org\/fr\/wp-json\/wp\/v2\/pages\/755\/revisions"}],"wp:attachment":[{"href":"https:\/\/makefishingfair.org\/fr\/wp-json\/wp\/v2\/media?parent=755"}],"curies":[{"name":"wp","href":"https:\/\/api.w.org\/{rel}","templated":true}]}}