{"id":747,"date":"2025-07-21T13:36:58","date_gmt":"2025-07-21T13:36:58","guid":{"rendered":"https:\/\/makefishingfair.org\/muireann-kavanagh-copy\/"},"modified":"2025-09-22T11:54:16","modified_gmt":"2025-09-22T11:54:16","slug":"renato-galeotti","status":"publish","type":"page","link":"https:\/\/makefishingfair.org\/fr\/renato-galeotti\/","title":{"rendered":"Renato Galeotti"},"content":{"rendered":"<!--themify_builder_content-->\n<div id=\"themify_builder_content-747\" data-postid=\"747\" class=\"themify_builder_content themify_builder_content-747 themify_builder tf_clear\">\n                    <div  data-lazy=\"1\" class=\"module_row themify_builder_row tb_d182033 tb_first tf_w\">\n                        <div class=\"row_inner col_align_top tb_col_count_2 tf_box tf_rel\">\n                        <div  data-lazy=\"1\" class=\"module_column tb-column col4-2 tb_3fv2994 first\">\n                    <!-- module image -->\n<div  class=\"module module-image tb_eyv3590 image-top   tf_mw\" data-lazy=\"1\">\n        <div class=\"image-wrap tf_rel tf_mw\">\n            <img loading=\"lazy\" decoding=\"async\" width=\"755\" height=\"448\" src=\"https:\/\/makefishingfair.org\/wp-content\/uploads\/2025\/07\/Renato-2.jpg\" class=\"wp-post-image wp-image-733\" title=\"Renato - 2\" alt=\"\u00a9 Francesco Funaioli\">    \n        <\/div>\n    <!-- \/image-wrap -->\n    \n        <div class=\"image-content\">\n                        <div class=\"image-caption tb_text_wrap\">\n            Francesco Funaioli         <\/div>\n        <!-- \/image-caption -->\n            <\/div>\n    <!-- \/image-content -->\n        <\/div>\n<!-- \/module image -->        <\/div>\n                    <div  data-lazy=\"1\" class=\"module_column tb-column col4-2 tb_3f1q903 last\">\n                    <!-- module text -->\n<div  class=\"module module-text tb_5wj6585\" data-lazy=\"1\">\n        <div  class=\"tb_text_wrap\">\n        <h1>Renato Galeotti<\/h1>\n<p>VADA, ITALIE<\/p>\n<p><em><span style=\"font-weight: 400;\">Association Casette dei Pescatori<\/span><\/em><\/p>    <\/div>\n<\/div>\n<!-- \/module text -->        <\/div>\n                        <\/div>\n        <\/div>\n                        <div  data-lazy=\"1\" class=\"module_row themify_builder_row tb_mhy2780 tf_w\">\n                        <div class=\"row_inner col_align_top tb_col_count_1 tf_box tf_rel\">\n                        <div  data-lazy=\"1\" class=\"module_column tb-column col-full tb_3spd990 first\">\n                    <!-- module divider -->\n<div  class=\"module tf_mw module-divider tb_ftxq000 solid\" style=\"border-width: 1px;border-color: #adadad;margin-top: 25px;\" data-lazy=\"1\">\n    <\/div>\n<!-- \/module divider -->\n<!-- module text -->\n<div  class=\"module module-text tb_05ll300\" data-lazy=\"1\">\n        <div  class=\"tb_text_wrap\">\n        <span class=\"shortcode themify-icon\"><a href=\"http:\/\/\" class=\"themify-icon-link\"><i class=\"themify-icon-icon\" style=\"color: #000000;\"><svg  class=\"tf_fa tf-ti-quote-left\" aria-hidden=\"true\"><use href=\"#tf-ti-quote-left\"><\/use><\/svg><\/i><\/a><\/span>\n<p><i><span style=\"font-weight: 400;\">\u00a0\u201cLa mer n'est pas un conteneur de produits de la mer attendant d'\u00eatre mis sur le march\u00e9, et les bateaux de p\u00eache ne peuvent pas devenir des usines flottantes. Seuls les petits p\u00eacheurs ont la capacit\u00e9 de pr\u00e9server l'\u00e9quilibre d\u00e9licat qui, depuis des mill\u00e9naires, relie les \u00eatres humains aux autres habitants de la mer\u201d.\u201d<\/span><\/i><\/p>\n<p><span style=\"font-weight: 400;\">Renato Galeotti est pr\u00e9sident de l'Associazione Casette dei Pescatori \u00e0 Vada, en Italie, une communaut\u00e9 de p\u00eacheurs de la mer Tyrrh\u00e9nienne.<\/span><\/p>    <\/div>\n<\/div>\n<!-- \/module text --><!-- module divider -->\n<div  class=\"module tf_mw module-divider tb_8e21803 solid\" style=\"border-width: 1px;border-color: #adadad;margin-top: 25px;margin-bottom: 25px;\" data-lazy=\"1\">\n    <\/div>\n<!-- \/module divider -->\n        <\/div>\n                        <\/div>\n        <\/div>\n                        <div  data-lazy=\"1\" class=\"module_row themify_builder_row tb_8wgj663 tf_w\">\n                        <div class=\"row_inner col_align_top tb_col_count_2 tf_box tf_rel\">\n                        <div  data-lazy=\"1\" class=\"module_column tb-column col4-2 tb_p3co390 first\">\n                    <!-- module image -->\n<div  class=\"module module-image tb_70er097 image-top   tf_mw\" data-lazy=\"1\">\n        <div class=\"image-wrap tf_rel tf_mw\">\n            <img loading=\"lazy\" decoding=\"async\" width=\"1700\" height=\"2560\" src=\"https:\/\/makefishingfair.org\/wp-content\/uploads\/2025\/07\/Renato-1-scaled.jpg\" class=\"wp-post-image wp-image-749\" title=\"Renato - 1\" alt=\"Renato - 1\" srcset=\"https:\/\/makefishingfair.org\/wp-content\/uploads\/2025\/07\/Renato-1-scaled.jpg 1700w, https:\/\/makefishingfair.org\/wp-content\/uploads\/2025\/07\/Renato-1-768x1156.jpg 768w, https:\/\/makefishingfair.org\/wp-content\/uploads\/2025\/07\/Renato-1-1020x1536.jpg 1020w, https:\/\/makefishingfair.org\/wp-content\/uploads\/2025\/07\/Renato-1-1360x2048.jpg 1360w\" sizes=\"auto, (max-width: 1700px) 100vw, 1700px\" \/>    \n        <\/div>\n    <!-- \/image-wrap -->\n    \n        <\/div>\n<!-- \/module image -->        <\/div>\n                    <div  data-lazy=\"1\" class=\"module_column tb-column col4-2 tb_m3vm899 last\">\n                            <\/div>\n                        <\/div>\n        <\/div>\n        <\/div>\n<!--\/themify_builder_content-->","protected":false},"excerpt":{"rendered":"<p>\u00a9 Alessandro Balestri Renato Galeotti VADA, ITALY Associazione Casette dei Pescatori \u00a0\u201cThe sea is not a container of seafood products waiting to be placed on the market, and fishing boats cannot become floating factories. Only small-scale fishers have the ability to preserve the delicate balance that, for millennia, has connected human beings to the other [&hellip;]<\/p>\n","protected":false},"author":2,"featured_media":0,"parent":0,"menu_order":0,"comment_status":"closed","ping_status":"closed","template":"","meta":{"footnotes":""},"class_list":["post-747","page","type-page","status-publish","hentry","has-post-title","has-post-date","has-post-category","has-post-tag","has-post-comment","has-post-author",""],"_links":{"self":[{"href":"https:\/\/makefishingfair.org\/fr\/wp-json\/wp\/v2\/pages\/747","targetHints":{"allow":["GET"]}}],"collection":[{"href":"https:\/\/makefishingfair.org\/fr\/wp-json\/wp\/v2\/pages"}],"about":[{"href":"https:\/\/makefishingfair.org\/fr\/wp-json\/wp\/v2\/types\/page"}],"author":[{"embeddable":true,"href":"https:\/\/makefishingfair.org\/fr\/wp-json\/wp\/v2\/users\/2"}],"replies":[{"embeddable":true,"href":"https:\/\/makefishingfair.org\/fr\/wp-json\/wp\/v2\/comments?post=747"}],"version-history":[{"count":0,"href":"https:\/\/makefishingfair.org\/fr\/wp-json\/wp\/v2\/pages\/747\/revisions"}],"wp:attachment":[{"href":"https:\/\/makefishingfair.org\/fr\/wp-json\/wp\/v2\/media?parent=747"}],"curies":[{"name":"wp","href":"https:\/\/api.w.org\/{rel}","templated":true}]}}