{"id":570,"date":"2025-07-07T21:03:49","date_gmt":"2025-07-07T21:03:49","guid":{"rendered":"https:\/\/makefishingfair.org\/?page_id=570"},"modified":"2025-08-28T10:16:31","modified_gmt":"2025-08-28T10:16:31","slug":"european-association-of-fishermen-at-the-black-sea","status":"publish","type":"page","link":"https:\/\/makefishingfair.org\/fr\/european-association-of-fishermen-at-the-black-sea\/","title":{"rendered":"Association europ\u00e9enne des p\u00eacheurs de la mer Noire"},"content":{"rendered":"<!--themify_builder_content-->\n<div id=\"themify_builder_content-570\" data-postid=\"570\" class=\"themify_builder_content themify_builder_content-570 themify_builder tf_clear\">\n                    <div  data-lazy=\"1\" class=\"module_row themify_builder_row tb_vna1906 tb_first tf_w\">\n                        <div class=\"row_inner col_align_top tb_col_count_1 tf_box tf_rel\">\n                        <div  data-lazy=\"1\" class=\"module_column tb-column col-full tb_1hgf906 first\">\n                    <!-- module text -->\n<div  class=\"module module-text tb_7thb906\" data-lazy=\"1\">\n        <div  class=\"tb_text_wrap\">\n        <h1>L'association europ\u00e9enne des p\u00eacheurs de la mer Noire<\/h1><p>BULGARIE<\/p>    <\/div>\n<\/div>\n<!-- \/module text -->        <\/div>\n                        <\/div>\n        <\/div>\n                        <div  data-lazy=\"1\" class=\"module_row themify_builder_row tb_7u92945 tf_w\">\n                        <div class=\"row_inner col_align_top tb_col_count_1 tf_box tf_rel\">\n                        <div  data-lazy=\"1\" class=\"module_column tb-column col-full tb_yltu945 first\">\n                    <!-- module divider -->\n<div  class=\"module tf_mw module-divider tb_d5tv945 solid\" style=\"border-width: 1px;border-color: #adadad;margin-top: 25px;margin-bottom: 25px;\" data-lazy=\"1\">\n    <\/div>\n<!-- \/module divider -->\n<!-- module text -->\n<div  class=\"module module-text tb_q6sh945\" data-lazy=\"1\">\n        <div  class=\"tb_text_wrap\">\n        <p>L'Association europ\u00e9enne des p\u00eacheurs de la mer Noire, cr\u00e9\u00e9e en 2016, repr\u00e9sente 103 petits p\u00eacheurs commerciaux de Roumanie et de Bulgarie, op\u00e9rant dans la mer Noire, le Danube et diverses eaux int\u00e9rieures. Utilisant divers engins de p\u00eache tels que des hame\u00e7ons et des lignes, des pi\u00e8ges et des filets maillants, leurs bateaux, d'une longueur maximale de 12 m\u00e8tres, ciblent un large \u00e9ventail d'esp\u00e8ces, dont le mulet, l'anchois, le turbot et la bonite. En tant que membres du Conseil consultatif de la mer Noire et du r\u00e9seau national des p\u00eacheurs bulgares, ils participent activement \u00e0 l'\u00e9laboration de la politique de la p\u00eache aux niveaux national et europ\u00e9en.<\/p><p>Leurs principaux d\u00e9fis sont le renouvellement des g\u00e9n\u00e9rations, la durabilit\u00e9 \u00e9conomique et une plus grande repr\u00e9sentation des femmes et des jeunes. L'association s'est engag\u00e9e \u00e0 renforcer les liens avec le tourisme, \u00e0 promouvoir les prises locales et \u00e0 instaurer un climat de confiance entre les p\u00eacheurs et les institutions.<\/p><p>\u00a0<\/p>    <\/div>\n<\/div>\n<!-- \/module text --><!-- module divider -->\n<div  class=\"module tf_mw module-divider tb_x9dg945 solid\" style=\"border-width: 1px;border-color: #adadad;margin-top: 25px;margin-bottom: 25px;\" data-lazy=\"1\">\n    <\/div>\n<!-- \/module divider -->\n        <\/div>\n                        <\/div>\n        <\/div>\n                        <div  data-lazy=\"1\" class=\"module_row themify_builder_row tb_vitw300 tf_w\">\n                        <div class=\"row_inner col_align_top tb_col_count_1 tf_box tf_rel\">\n                        <div  data-lazy=\"1\" class=\"module_column tb-column col-full tb_i2js300 first\">\n                    <!-- module image -->\n<div  class=\"module module-image tb_7zj4300 image-top   tf_mw\" data-lazy=\"1\">\n        <div class=\"image-wrap tf_rel tf_mw\">\n            <img loading=\"lazy\" decoding=\"async\" width=\"1024\" height=\"585\" src=\"https:\/\/makefishingfair.org\/wp-content\/uploads\/2025\/07\/black-sea.jpg\" class=\"wp-post-image wp-image-843\" title=\"mer noire\" alt=\"Image caption\" srcset=\"https:\/\/makefishingfair.org\/wp-content\/uploads\/2025\/07\/black-sea.jpg 1024w, https:\/\/makefishingfair.org\/wp-content\/uploads\/2025\/07\/black-sea-768x439.jpg 768w\" sizes=\"auto, (max-width: 1024px) 100vw, 1024px\" \/>    \n        <\/div>\n    <!-- \/image-wrap -->\n    \n        <div class=\"image-content\">\n                        <div class=\"image-caption tb_text_wrap\">\n            L\u00e9gende de l'image        <\/div>\n        <!-- \/image-caption -->\n            <\/div>\n    <!-- \/image-content -->\n        <\/div>\n<!-- \/module image -->        <\/div>\n                        <\/div>\n        <\/div>\n        <\/div>\n<!--\/themify_builder_content-->","protected":false},"excerpt":{"rendered":"<p>The European Association of Fishermen in the Black Sea BULGARIA The European Association of Fishermen in the Black Sea, established in 2016, represents 103 small-scale commercial fishers from Romania and Bulgaria, operating across the Black Sea, the Danube, and various inland waters. Using diverse gear such as hooks &amp; lines, traps, and gillnets, their boats\u2014up [&hellip;]<\/p>\n","protected":false},"author":3,"featured_media":0,"parent":0,"menu_order":0,"comment_status":"closed","ping_status":"closed","template":"","meta":{"footnotes":""},"class_list":["post-570","page","type-page","status-publish","hentry","has-post-title","has-post-date","has-post-category","has-post-tag","has-post-comment","has-post-author",""],"_links":{"self":[{"href":"https:\/\/makefishingfair.org\/fr\/wp-json\/wp\/v2\/pages\/570","targetHints":{"allow":["GET"]}}],"collection":[{"href":"https:\/\/makefishingfair.org\/fr\/wp-json\/wp\/v2\/pages"}],"about":[{"href":"https:\/\/makefishingfair.org\/fr\/wp-json\/wp\/v2\/types\/page"}],"author":[{"embeddable":true,"href":"https:\/\/makefishingfair.org\/fr\/wp-json\/wp\/v2\/users\/3"}],"replies":[{"embeddable":true,"href":"https:\/\/makefishingfair.org\/fr\/wp-json\/wp\/v2\/comments?post=570"}],"version-history":[{"count":0,"href":"https:\/\/makefishingfair.org\/fr\/wp-json\/wp\/v2\/pages\/570\/revisions"}],"wp:attachment":[{"href":"https:\/\/makefishingfair.org\/fr\/wp-json\/wp\/v2\/media?parent=570"}],"curies":[{"name":"wp","href":"https:\/\/api.w.org\/{rel}","templated":true}]}}