{"id":1123,"date":"2026-04-02T11:06:58","date_gmt":"2026-04-02T11:06:58","guid":{"rendered":"https:\/\/makefishingfair.org\/arts-menors-costa-brava-copy\/"},"modified":"2026-04-02T11:14:42","modified_gmt":"2026-04-02T11:14:42","slug":"isole-eolie-pesca-responsabile","status":"publish","type":"page","link":"https:\/\/makefishingfair.org\/fr\/isole-eolie-pesca-responsabile\/","title":{"rendered":"\u00celes \u00c9oliennes P\u00eache Responsable"},"content":{"rendered":"<!--themify_builder_content-->\n<div id=\"themify_builder_content-1123\" data-postid=\"1123\" class=\"themify_builder_content themify_builder_content-1123 themify_builder tf_clear\">\n                    <div  data-lazy=\"1\" class=\"module_row themify_builder_row tb_kgmn382 tb_first tf_w\">\n                        <div class=\"row_inner col_align_top tb_col_count_1 tf_box tf_rel\">\n                        <div  data-lazy=\"1\" class=\"module_column tb-column col-full tb_ggkm008 first\">\n                    <!-- module text -->\n<div  class=\"module module-text tb_uh1x770\" data-lazy=\"1\">\n        <div  class=\"tb_text_wrap\">\n        <h1>\u00celes \u00c9oliennes P\u00eache Responsable<\/h1><p>ITALIE<\/p>    <\/div>\n<\/div>\n<!-- \/module text -->        <\/div>\n                        <\/div>\n        <\/div>\n                        <div  data-lazy=\"1\" class=\"module_row themify_builder_row tb_o26t222 tf_w\">\n                        <div class=\"row_inner col_align_top tb_col_count_1 tf_box tf_rel\">\n                        <div  data-lazy=\"1\" class=\"module_column tb-column col-full tb_str5808 first\">\n                    <!-- module divider -->\n<div  class=\"module tf_mw module-divider tb_97k2339 solid\" style=\"border-width: 1px;border-color: #adadad;margin-top: 25px;margin-bottom: 25px;\" data-lazy=\"1\">\n    <\/div>\n<!-- \/module divider -->\n<!-- module text -->\n<div  class=\"module module-text tb_j2gu000\" data-lazy=\"1\">\n        <div  class=\"tb_text_wrap\">\n        <p>L'objectif de l'organisation est de conserver les esp\u00e8ces de poissons des \u00eeles \u00c9oliennes. Pour ce faire, ses membres ont \u00e9tabli des limites sur l'utilisation des engins de p\u00eache, notamment des nombres maximums de casiers et des restrictions sur la longueur des filets de p\u00eache. Ils s'efforcent \u00e9galement de prot\u00e9ger les zones c\u00f4ti\u00e8res contre les braconniers et de r\u00e9glementer la vente des poissons dits \u201c pauvres \u201d \u2014 des esp\u00e8ces d'excellente qualit\u00e9 mais encore relativement m\u00e9connues en raison de la domination du march\u00e9 des poissons d'\u00e9levage ou r\u00e9colt\u00e9s intensivement.<\/p><p>\u00a0<\/p><p><img loading=\"lazy\" decoding=\"async\" class=\"alignnone size-full wp-image-1125\" src=\"https:\/\/makefishingfair.org\/wp-content\/uploads\/2026\/04\/105281.png\" alt=\"\" width=\"425\" height=\"425\" srcset=\"https:\/\/makefishingfair.org\/wp-content\/uploads\/2026\/04\/105281.png 425w, https:\/\/makefishingfair.org\/wp-content\/uploads\/2026\/04\/105281-12x12.png 12w\" sizes=\"auto, (max-width: 425px) 100vw, 425px\" \/><\/p>    <\/div>\n<\/div>\n<!-- \/module text --><!-- module divider -->\n<div  class=\"module tf_mw module-divider tb_qu49252 solid\" style=\"border-width: 1px;border-color: #adadad;margin-top: 25px;margin-bottom: 25px;\" data-lazy=\"1\">\n    <\/div>\n<!-- \/module divider -->\n        <\/div>\n                        <\/div>\n        <\/div>\n        <\/div>\n<!--\/themify_builder_content-->","protected":false},"excerpt":{"rendered":"<p>Isole Eolie Pesca Responsabile ITALY The organization\u2019s goal is to conserve the fish species of the Aeolian Islands. To achieve this, its members have established limits on the use of fishing gear, including maximum numbers of traps and restrictions on the length of fishing nets. They also work to protect coastal areas from poachers and [&hellip;]<\/p>\n","protected":false},"author":2,"featured_media":0,"parent":0,"menu_order":0,"comment_status":"closed","ping_status":"closed","template":"","meta":{"footnotes":""},"class_list":["post-1123","page","type-page","status-publish","hentry","has-post-title","has-post-date","has-post-category","has-post-tag","has-post-comment","has-post-author",""],"_links":{"self":[{"href":"https:\/\/makefishingfair.org\/fr\/wp-json\/wp\/v2\/pages\/1123","targetHints":{"allow":["GET"]}}],"collection":[{"href":"https:\/\/makefishingfair.org\/fr\/wp-json\/wp\/v2\/pages"}],"about":[{"href":"https:\/\/makefishingfair.org\/fr\/wp-json\/wp\/v2\/types\/page"}],"author":[{"embeddable":true,"href":"https:\/\/makefishingfair.org\/fr\/wp-json\/wp\/v2\/users\/2"}],"replies":[{"embeddable":true,"href":"https:\/\/makefishingfair.org\/fr\/wp-json\/wp\/v2\/comments?post=1123"}],"version-history":[{"count":0,"href":"https:\/\/makefishingfair.org\/fr\/wp-json\/wp\/v2\/pages\/1123\/revisions"}],"wp:attachment":[{"href":"https:\/\/makefishingfair.org\/fr\/wp-json\/wp\/v2\/media?parent=1123"}],"curies":[{"name":"wp","href":"https:\/\/api.w.org\/{rel}","templated":true}]}}