{"id":1107,"date":"2026-02-11T15:57:15","date_gmt":"2026-02-11T15:57:15","guid":{"rendered":"https:\/\/makefishingfair.org\/arts-menors-costa-brava-copy\/"},"modified":"2026-02-11T16:02:48","modified_gmt":"2026-02-11T16:02:48","slug":"pot-fishing-agency","status":"publish","type":"page","link":"https:\/\/makefishingfair.org\/fr\/pot-fishing-agency\/","title":{"rendered":"Agence de la p\u00eache \u00e0 la marmite"},"content":{"rendered":"<!--themify_builder_content-->\n<div id=\"themify_builder_content-1107\" data-postid=\"1107\" class=\"themify_builder_content themify_builder_content-1107 themify_builder tf_clear\">\n                    <div  data-lazy=\"1\" class=\"module_row themify_builder_row tb_jlti070 tb_first tf_w\">\n                        <div class=\"row_inner col_align_top tb_col_count_1 tf_box tf_rel\">\n                        <div  data-lazy=\"1\" class=\"module_column tb-column col-full tb_7ey4550 first\">\n                    <!-- module text -->\n<div  class=\"module module-text tb_50ro738\" data-lazy=\"1\">\n        <div  class=\"tb_text_wrap\">\n        <h1>Agence de la p\u00eache \u00e0 la marmite<\/h1><p>Pays-Bas<\/p><p><span class=\"shortcode themify-icon\"><a href=\"http:\/\/www.potfishingagency.eu\" class=\"themify-icon-link\"><i class=\"themify-icon-icon\" style=\"color: #000000;\"><svg  class=\"tf_fa tf-ti-link\" aria-hidden=\"true\"><use href=\"#tf-ti-link\"><\/use><\/svg><\/i><\/a><\/span> www.potfishingagency.eu<\/p>    <\/div>\n<\/div>\n<!-- \/module text -->        <\/div>\n                        <\/div>\n        <\/div>\n                        <div  data-lazy=\"1\" class=\"module_row themify_builder_row tb_sviv307 tf_w\">\n                        <div class=\"row_inner col_align_top tb_col_count_1 tf_box tf_rel\">\n                        <div  data-lazy=\"1\" class=\"module_column tb-column col-full tb_6lo9035 first\">\n                    <!-- module divider -->\n<div  class=\"module tf_mw module-divider tb_l9jk707 solid\" style=\"border-width: 1px;border-color: #adadad;margin-top: 25px;margin-bottom: 25px;\" data-lazy=\"1\">\n    <\/div>\n<!-- \/module divider -->\n<!-- module text -->\n<div  class=\"module module-text tb_971q607\" data-lazy=\"1\">\n        <div  class=\"tb_text_wrap\">\n        <p><em>Agence de la p\u00eache \u00e0 la marmite<\/em> est une agence sp\u00e9cialis\u00e9e dans les projets innovants en mer du Nord, mer des Wadden et IJsselmeer. Nous supervisons les projets du d\u00e9but \u00e0 la fin, qu'il s'agisse de concevoir des casiers, des app\u00e2ts ou d'effectuer des missions de navigation en mer entre des parcs \u00e9oliens, par exemple, nous pouvons tout faire.<\/p><p><img loading=\"lazy\" decoding=\"async\" class=\"alignnone size-full wp-image-1109\" src=\"https:\/\/makefishingfair.org\/wp-content\/uploads\/2026\/02\/Screenshot-2026-02-11-160150.png\" alt=\"\" width=\"1270\" height=\"1272\" srcset=\"https:\/\/makefishingfair.org\/wp-content\/uploads\/2026\/02\/Screenshot-2026-02-11-160150.png 1270w, https:\/\/makefishingfair.org\/wp-content\/uploads\/2026\/02\/Screenshot-2026-02-11-160150-768x769.png 768w, https:\/\/makefishingfair.org\/wp-content\/uploads\/2026\/02\/Screenshot-2026-02-11-160150-12x12.png 12w\" sizes=\"auto, (max-width: 1270px) 100vw, 1270px\" \/><\/p>    <\/div>\n<\/div>\n<!-- \/module text --><!-- module divider -->\n<div  class=\"module tf_mw module-divider tb_3c2k700 solid\" style=\"border-width: 1px;border-color: #adadad;margin-top: 25px;margin-bottom: 25px;\" data-lazy=\"1\">\n    <\/div>\n<!-- \/module divider -->\n        <\/div>\n                        <\/div>\n        <\/div>\n        <\/div>\n<!--\/themify_builder_content-->","protected":false},"excerpt":{"rendered":"<p>Pot Fishing Agency Netherlands www.potfishingagency.eu Pot Fishing Agency is an agency that specializes in innovative projects in the North Sea, Wadden Sea and IJsselmeer. We supervise projects from start to finish, whether it concerns designing pots, bait, or carrying out sailing assignments at sea between wind farms, for example, we can do it all.<\/p>","protected":false},"author":2,"featured_media":0,"parent":0,"menu_order":0,"comment_status":"closed","ping_status":"closed","template":"","meta":{"footnotes":""},"class_list":["post-1107","page","type-page","status-publish","hentry","has-post-title","has-post-date","has-post-category","has-post-tag","has-post-comment","has-post-author",""],"_links":{"self":[{"href":"https:\/\/makefishingfair.org\/fr\/wp-json\/wp\/v2\/pages\/1107","targetHints":{"allow":["GET"]}}],"collection":[{"href":"https:\/\/makefishingfair.org\/fr\/wp-json\/wp\/v2\/pages"}],"about":[{"href":"https:\/\/makefishingfair.org\/fr\/wp-json\/wp\/v2\/types\/page"}],"author":[{"embeddable":true,"href":"https:\/\/makefishingfair.org\/fr\/wp-json\/wp\/v2\/users\/2"}],"replies":[{"embeddable":true,"href":"https:\/\/makefishingfair.org\/fr\/wp-json\/wp\/v2\/comments?post=1107"}],"version-history":[{"count":0,"href":"https:\/\/makefishingfair.org\/fr\/wp-json\/wp\/v2\/pages\/1107\/revisions"}],"wp:attachment":[{"href":"https:\/\/makefishingfair.org\/fr\/wp-json\/wp\/v2\/media?parent=1107"}],"curies":[{"name":"wp","href":"https:\/\/api.w.org\/{rel}","templated":true}]}}