{"id":821,"date":"2025-07-22T09:47:55","date_gmt":"2025-07-22T09:47:55","guid":{"rendered":"https:\/\/makefishingfair.org\/fskpo-copy\/"},"modified":"2025-08-28T10:16:31","modified_gmt":"2025-08-28T10:16:31","slug":"asociacion-pescadores-artesanales-del-parque-natural-cabo-de-gata-nijar","status":"publish","type":"page","link":"https:\/\/makefishingfair.org\/es\/asociacion-pescadores-artesanales-del-parque-natural-cabo-de-gata-nijar\/","title":{"rendered":"Asociaci\u00f3n pescadores artesanales del parque natural cabo de gata nijar"},"content":{"rendered":"<!--themify_builder_content-->\n<div id=\"themify_builder_content-821\" data-postid=\"821\" class=\"themify_builder_content themify_builder_content-821 themify_builder tf_clear\">\n                    <div  data-lazy=\"1\" class=\"module_row themify_builder_row tb_ygci037 tb_first tf_w\">\n                        <div class=\"row_inner col_align_top tb_col_count_1 tf_box tf_rel\">\n                        <div  data-lazy=\"1\" class=\"module_column tb-column col-full tb_j9s1090 first\">\n                    <!-- module text -->\n<div  class=\"module module-text tb_31a5808\" data-lazy=\"1\">\n        <div  class=\"tb_text_wrap\">\n        <h1>Plataforma de la peque\u00f1a pesca artesanal francesa<\/h1>\n<p>MONTPELLIER, FRANCIA \ud83c\uddeb\ud83c\uddf7\udb40\udc7f<\/p>\n<p><span class=\"shortcode themify-icon\"><a href=\"http:\/\/www.plateforme-petite-peche.fr\" class=\"themify-icon-link\"><i class=\"themify-icon-icon\" style=\"color: #000000;\"><svg  class=\"tf_fa tf-ti-link\" aria-hidden=\"true\"><use href=\"#tf-ti-link\"><\/use><\/svg><\/i><\/a><\/span> www.plateforme-petite-peche.fr<br><span class=\"shortcode themify-icon\"><a href=\"mailto:ken.kawahara@plateforme-petite-peche.fr\" class=\"themify-icon-link\"><i class=\"themify-icon-icon\" style=\"color: #000000;\"><svg  class=\"tf_fa tf-ti-email\" aria-hidden=\"true\"><use href=\"#tf-ti-email\"><\/use><\/svg><\/i><\/a><\/span> ken.kawahara@plateforme-petite-peche.fr<\/p>    <\/div>\n<\/div>\n<!-- \/module text -->        <\/div>\n                        <\/div>\n        <\/div>\n                        <div  data-lazy=\"1\" class=\"module_row themify_builder_row tb_cfyw901 tf_w\">\n                        <div class=\"row_inner col_align_top tb_col_count_1 tf_box tf_rel\">\n                        <div  data-lazy=\"1\" class=\"module_column tb-column col-full tb_hoab027 first\">\n                    <!-- module divider -->\n<div  class=\"module tf_mw module-divider tb_uxbu000 solid\" style=\"border-width: 1px;border-color: #adadad;margin-top: 25px;margin-bottom: 25px;\" data-lazy=\"1\">\n    <\/div>\n<!-- \/module divider -->\n<!-- module text -->\n<div  class=\"module module-text tb_4hlf002\" data-lazy=\"1\">\n        <div  class=\"tb_text_wrap\">\n        <h3>A continuaci\u00f3n se ofrece informaci\u00f3n sobre la organizaci\u00f3n<\/h3>\n<p>Jorem ipsum dolor sit amet, consectetur adipiscing elit. Etiam eu turpis molestie, dictum est a, mattis tellus. Sed dignissim, metus nec fringilla accumsan, risus sem sollicitudin lacus, ut interdum tellus elit sed risus. Maecenas eget condimentum velit, sit amet feugiat lectus. Class aptent taciti sociosqu ad litora torquent per conubia nostra, per inceptos himenaeos. <br>Praesent auctor purus luctus enim egestas, ac scelerisque ante pulvinar. Donec ut rhoncus ex. Suspendisse ac rhoncus nisl, eu tempor urna. Curabitur vel bibendum lorem. Morbi convallis convallis diam sit amet lacinia. Aliquam in elementum tellus.<\/p>    <\/div>\n<\/div>\n<!-- \/module text --><!-- module divider -->\n<div  class=\"module tf_mw module-divider tb_eufe837 solid\" style=\"border-width: 1px;border-color: #adadad;margin-top: 25px;margin-bottom: 25px;\" data-lazy=\"1\">\n    <\/div>\n<!-- \/module divider -->\n        <\/div>\n                        <\/div>\n        <\/div>\n                        <div  data-lazy=\"1\" class=\"module_row themify_builder_row tb_jb7z807 tf_w\">\n                        <div class=\"row_inner col_align_top tb_col_count_1 tf_box tf_rel\">\n                        <div  data-lazy=\"1\" class=\"module_column tb-column col-full tb_zmti073 first\">\n                    <!-- module image -->\n<div  class=\"module module-image tb_jon8002 image-top   tf_mw\" data-lazy=\"1\">\n        <div class=\"image-wrap tf_rel tf_mw\">\n            <img loading=\"lazy\" decoding=\"async\" width=\"1632\" height=\"1224\" src=\"https:\/\/makefishingfair.org\/wp-content\/uploads\/2025\/06\/Boat001.jpg\" class=\"wp-post-image wp-image-183\" title=\"Barco001\" alt=\"Image caption\" srcset=\"https:\/\/makefishingfair.org\/wp-content\/uploads\/2025\/06\/Boat001.jpg 1632w, https:\/\/makefishingfair.org\/wp-content\/uploads\/2025\/06\/Boat001-768x576.jpg 768w, https:\/\/makefishingfair.org\/wp-content\/uploads\/2025\/06\/Boat001-1536x1152.jpg 1536w\" sizes=\"auto, (max-width: 1632px) 100vw, 1632px\" \/>    \n        <\/div>\n    <!-- \/image-wrap -->\n    \n        <div class=\"image-content\">\n                        <div class=\"image-caption tb_text_wrap\">\n            Pie de foto        <\/div>\n        <!-- \/image-caption -->\n            <\/div>\n    <!-- \/image-content -->\n        <\/div>\n<!-- \/module image -->        <\/div>\n                        <\/div>\n        <\/div>\n        <\/div>\n<!--\/themify_builder_content-->","protected":false},"excerpt":{"rendered":"<p>Plateforme de la petite p\u00eache artisanale fran\u00e7aise MONTPELLIER, FRANCE \ud83c\uddeb\ud83c\uddf7\udb40\udc7f www.plateforme-petite-peche.fr ken.kawahara@plateforme-petite-peche.fr Here is some information about the organisation Jorem ipsum dolor sit amet, consectetur adipiscing elit. Etiam eu turpis molestie, dictum est a, mattis tellus. Sed dignissim, metus nec fringilla accumsan, risus sem sollicitudin lacus, ut interdum tellus elit sed risus. Maecenas eget condimentum [&hellip;]<\/p>\n","protected":false},"author":2,"featured_media":0,"parent":0,"menu_order":0,"comment_status":"closed","ping_status":"closed","template":"","meta":{"footnotes":""},"class_list":["post-821","page","type-page","status-publish","hentry","has-post-title","has-post-date","has-post-category","has-post-tag","has-post-comment","has-post-author",""],"_links":{"self":[{"href":"https:\/\/makefishingfair.org\/es\/wp-json\/wp\/v2\/pages\/821","targetHints":{"allow":["GET"]}}],"collection":[{"href":"https:\/\/makefishingfair.org\/es\/wp-json\/wp\/v2\/pages"}],"about":[{"href":"https:\/\/makefishingfair.org\/es\/wp-json\/wp\/v2\/types\/page"}],"author":[{"embeddable":true,"href":"https:\/\/makefishingfair.org\/es\/wp-json\/wp\/v2\/users\/2"}],"replies":[{"embeddable":true,"href":"https:\/\/makefishingfair.org\/es\/wp-json\/wp\/v2\/comments?post=821"}],"version-history":[{"count":0,"href":"https:\/\/makefishingfair.org\/es\/wp-json\/wp\/v2\/pages\/821\/revisions"}],"wp:attachment":[{"href":"https:\/\/makefishingfair.org\/es\/wp-json\/wp\/v2\/media?parent=821"}],"curies":[{"name":"wp","href":"https:\/\/api.w.org\/{rel}","templated":true}]}}