{"id":818,"date":"2025-07-22T09:46:41","date_gmt":"2025-07-22T09:46:41","guid":{"rendered":"https:\/\/makefishingfair.org\/fskpo-copy\/"},"modified":"2025-08-28T10:16:50","modified_gmt":"2025-08-28T10:16:50","slug":"irish-islands-marine-resource-organisation","status":"publish","type":"page","link":"https:\/\/makefishingfair.org\/es\/irish-islands-marine-resource-organisation\/","title":{"rendered":"Organizaci\u00f3n de Recursos Marinos de las Islas Irlandesas"},"content":{"rendered":"<!--themify_builder_content-->\n<div id=\"themify_builder_content-818\" data-postid=\"818\" class=\"themify_builder_content themify_builder_content-818 themify_builder tf_clear\">\n                    <div  data-lazy=\"1\" class=\"module_row themify_builder_row tb_8lne004 tb_first tf_w\">\n                        <div class=\"row_inner col_align_top tb_col_count_1 tf_box tf_rel\">\n                        <div  data-lazy=\"1\" class=\"module_column tb-column col-full tb_vw49144 first\">\n                    <!-- module text -->\n<div  class=\"module module-text tb_r911164\" data-lazy=\"1\">\n        <div  class=\"tb_text_wrap\">\n        <h1><span style=\"font-weight: 400;\">Organizaci\u00f3n de Recursos Marinos de las Islas Irlandesas<\/span><\/h1><p>DONEGAL, IRLANDA<\/p><p><span class=\"shortcode themify-icon\"><a href=\"http:\/\/www.iimro.org\" class=\"themify-icon-link\"><i class=\"themify-icon-icon\" style=\"color: #000000;\"><svg  class=\"tf_fa tf-ti-link\" aria-hidden=\"true\"><use href=\"#tf-ti-link\"><\/use><\/svg><\/i><\/a><\/span> www.iimro.org<br \/><span class=\"shortcode themify-icon\"><a href=\"mailto:policy@iimro.org\" class=\"themify-icon-link\"><i class=\"themify-icon-icon\" style=\"color: #000000;\"><svg  class=\"tf_fa tf-ti-email\" aria-hidden=\"true\"><use href=\"#tf-ti-email\"><\/use><\/svg><\/i><\/a><\/span> policy@iimro.org<\/p>    <\/div>\n<\/div>\n<!-- \/module text -->        <\/div>\n                        <\/div>\n        <\/div>\n                        <div  data-lazy=\"1\" class=\"module_row themify_builder_row tb_a8w8004 tf_w\">\n                        <div class=\"row_inner col_align_top tb_col_count_1 tf_box tf_rel\">\n                        <div  data-lazy=\"1\" class=\"module_column tb-column col-full tb_4lmi013 first\">\n                    <!-- module divider -->\n<div  class=\"module tf_mw module-divider tb_yolq444 solid\" style=\"border-width: 1px;border-color: #adadad;margin-top: 25px;margin-bottom: 25px;\" data-lazy=\"1\">\n    <\/div>\n<!-- \/module divider -->\n<!-- module text -->\n<div  class=\"module module-text tb_g3q5070\" data-lazy=\"1\">\n        <div  class=\"tb_text_wrap\">\n        <p><span class=\"p\">IIMRO tiene su origen en la larga lucha de los pescadores de las islas de Donegal por el reconocimiento de sus derechos tras la prohibici\u00f3n de la pesca del salm\u00f3n en alta mar en 2006. En 2008 se prohibi\u00f3 la pesca con red en la zona VIa, lo que aument\u00f3 la presi\u00f3n sobre las fr\u00e1giles comunidades isle\u00f1as.<\/span><\/p><p><span class=\"p\">Desde entonces, los pescadores se han reunido con sus hom\u00f3logos de todas las islas irlandesas para organizarse como organizaci\u00f3n nacional. Han llevado su campa\u00f1a a Europa y de vuelta a Dubl\u00edn para poner de relieve los efectos que la legislaci\u00f3n de talla \u00fanica ha tenido en todas las islas de Irlanda. <\/span><span class=\"p\">El IIMRO colabora con grupos de toda Europa e Irlanda y trabaja para que la nueva Pol\u00edtica Pesquera Com\u00fan de la UE reconozca a las peque\u00f1as islas costeras, lo que se debe en gran medida a nuestro trabajo en Europa.<\/span><\/p>    <\/div>\n<\/div>\n<!-- \/module text --><!-- module divider -->\n<div  class=\"module tf_mw module-divider tb_sb0k000 solid\" style=\"border-width: 1px;border-color: #adadad;margin-top: 25px;margin-bottom: 25px;\" data-lazy=\"1\">\n    <\/div>\n<!-- \/module divider -->\n        <\/div>\n                        <\/div>\n        <\/div>\n                        <div  data-lazy=\"1\" class=\"module_row themify_builder_row tb_yrz5800 tf_w\">\n                        <div class=\"row_inner col_align_top tb_col_count_1 tf_box tf_rel\">\n                        <div  data-lazy=\"1\" class=\"module_column tb-column col-full tb_njzy404 first\">\n                    <!-- module image -->\n<div  class=\"module module-image tb_pykk048 image-top   tf_mw\" data-lazy=\"1\">\n        <div class=\"image-wrap tf_rel tf_mw\">\n            <img loading=\"lazy\" decoding=\"async\" width=\"2560\" height=\"1920\" src=\"https:\/\/makefishingfair.org\/wp-content\/uploads\/2025\/07\/Copy-of-IMG_6121-scaled.png\" class=\"wp-post-image wp-image-861\" title=\"Copia de IMG_6121\" alt=\"Image caption\" srcset=\"https:\/\/makefishingfair.org\/wp-content\/uploads\/2025\/07\/Copy-of-IMG_6121-scaled.png 2560w, https:\/\/makefishingfair.org\/wp-content\/uploads\/2025\/07\/Copy-of-IMG_6121-768x576.png 768w, https:\/\/makefishingfair.org\/wp-content\/uploads\/2025\/07\/Copy-of-IMG_6121-1536x1152.png 1536w, https:\/\/makefishingfair.org\/wp-content\/uploads\/2025\/07\/Copy-of-IMG_6121-2048x1536.png 2048w\" sizes=\"auto, (max-width: 2560px) 100vw, 2560px\" \/>    \n        <\/div>\n    <!-- \/image-wrap -->\n    \n        <div class=\"image-content\">\n                        <div class=\"image-caption tb_text_wrap\">\n            Pie de foto        <\/div>\n        <!-- \/image-caption -->\n            <\/div>\n    <!-- \/image-content -->\n        <\/div>\n<!-- \/module image -->        <\/div>\n                        <\/div>\n        <\/div>\n        <\/div>\n<!--\/themify_builder_content-->","protected":false},"excerpt":{"rendered":"<p>Irish Islands Marine Resource Organisation DONEGAL, IRELAND www.iimro.org policy@iimro.org IIMRO has its origins in the long struggle by Donegal island fishermen for recognition of their rights following the offshore ban on salmon fishing in 2006. This was followed by a ban on all net fishing in Area VIa in 2008 which added further pressure to [&hellip;]<\/p>\n","protected":false},"author":2,"featured_media":0,"parent":0,"menu_order":0,"comment_status":"closed","ping_status":"closed","template":"","meta":{"footnotes":""},"class_list":["post-818","page","type-page","status-publish","hentry","has-post-title","has-post-date","has-post-category","has-post-tag","has-post-comment","has-post-author",""],"_links":{"self":[{"href":"https:\/\/makefishingfair.org\/es\/wp-json\/wp\/v2\/pages\/818","targetHints":{"allow":["GET"]}}],"collection":[{"href":"https:\/\/makefishingfair.org\/es\/wp-json\/wp\/v2\/pages"}],"about":[{"href":"https:\/\/makefishingfair.org\/es\/wp-json\/wp\/v2\/types\/page"}],"author":[{"embeddable":true,"href":"https:\/\/makefishingfair.org\/es\/wp-json\/wp\/v2\/users\/2"}],"replies":[{"embeddable":true,"href":"https:\/\/makefishingfair.org\/es\/wp-json\/wp\/v2\/comments?post=818"}],"version-history":[{"count":0,"href":"https:\/\/makefishingfair.org\/es\/wp-json\/wp\/v2\/pages\/818\/revisions"}],"wp:attachment":[{"href":"https:\/\/makefishingfair.org\/es\/wp-json\/wp\/v2\/media?parent=818"}],"curies":[{"name":"wp","href":"https:\/\/api.w.org\/{rel}","templated":true}]}}