{"id":813,"date":"2025-07-22T09:44:36","date_gmt":"2025-07-22T09:44:36","guid":{"rendered":"https:\/\/makefishingfair.org\/snow-change-cooperative-copy\/"},"modified":"2025-08-28T10:16:50","modified_gmt":"2025-08-28T10:16:50","slug":"fskpo","status":"publish","type":"page","link":"https:\/\/makefishingfair.org\/es\/fskpo\/","title":{"rendered":"FSK-PO"},"content":{"rendered":"<!--themify_builder_content-->\n<div id=\"themify_builder_content-813\" data-postid=\"813\" class=\"themify_builder_content themify_builder_content-813 themify_builder tf_clear\">\n                    <div  data-lazy=\"1\" class=\"module_row themify_builder_row tb_ope1990 tb_first tf_w\">\n                        <div class=\"row_inner col_align_top tb_col_count_1 tf_box tf_rel\">\n                        <div  data-lazy=\"1\" class=\"module_column tb-column col-full tb_brtc929 first\">\n                    <!-- module text -->\n<div  class=\"module module-text tb_osbu850\" data-lazy=\"1\">\n        <div  class=\"tb_text_wrap\">\n        <h1>Foreningen for Sk\u00e5nsomt Kystfiskeri Producentorganisation (FSK-PO)<\/h1><p>DINAMARCA<\/p><p><span class=\"shortcode themify-icon\"><a href=\"http:\/\/www.skaansomtkystfiskeri.dk\/om-foreningen\/\" class=\"themify-icon-link\"><i class=\"themify-icon-icon\" style=\"color: #000000;\"><svg  class=\"tf_fa tf-ti-link\" aria-hidden=\"true\"><use href=\"#tf-ti-link\"><\/use><\/svg><\/i><\/a><\/span> www.skaansomtkystfiskeri.dk\/om-foreningen\/<br \/><span class=\"shortcode themify-icon\"><i class=\"themify-icon-icon\" style=\"color: #000000;\"><svg  class=\"tf_fa tf-ti-email\" aria-hidden=\"true\"><use href=\"#tf-ti-email\"><\/use><\/svg><\/i><\/span> <a class=\"cursor-init\" href=\"mailto:david@fskpo.dk\">david@fskpo.dk<\/a><\/p>    <\/div>\n<\/div>\n<!-- \/module text -->        <\/div>\n                        <\/div>\n        <\/div>\n                        <div  data-lazy=\"1\" class=\"module_row themify_builder_row tb_pkfb007 tf_w\">\n                        <div class=\"row_inner col_align_top tb_col_count_1 tf_box tf_rel\">\n                        <div  data-lazy=\"1\" class=\"module_column tb-column col-full tb_mz75029 first\">\n                    <!-- module divider -->\n<div  class=\"module tf_mw module-divider tb_nxrl777 solid\" style=\"border-width: 1px;border-color: #adadad;margin-top: 25px;margin-bottom: 25px;\" data-lazy=\"1\">\n    <\/div>\n<!-- \/module divider -->\n<!-- module text -->\n<div  class=\"module module-text tb_0ai1595\" data-lazy=\"1\">\n        <div  class=\"tb_text_wrap\">\n        <p>Fundada en 2014, la Asociaci\u00f3n de Organizaciones de Productores de Pesca Costera Sostenible (FSK-PO) representa a los pescadores costeros daneses que utilizan artes de bajo impacto como redes, redes de cerco, trampas, nasas y anzuelos. Creada para dar voz a la pesca costera sostenible, la FSK-PO cuenta ahora con miembros de todo el pa\u00eds, desde peque\u00f1as embarcaciones de menos de 10 metros hasta grandes barcos de red y cerco. La asociaci\u00f3n participa activamente en la elaboraci\u00f3n de la pol\u00edtica pesquera nacional y forma parte de los principales comit\u00e9s consultivos del Gobierno y el Parlamento daneses.<\/p>    <\/div>\n<\/div>\n<!-- \/module text --><!-- module divider -->\n<div  class=\"module tf_mw module-divider tb_lun8755 solid\" style=\"border-width: 1px;border-color: #adadad;margin-top: 25px;margin-bottom: 25px;\" data-lazy=\"1\">\n    <\/div>\n<!-- \/module divider -->\n        <\/div>\n                        <\/div>\n        <\/div>\n                        <div  data-lazy=\"1\" class=\"module_row themify_builder_row tb_o7c4220 tf_w\">\n                        <div class=\"row_inner col_align_top tb_col_count_1 tf_box tf_rel\">\n                        <div  data-lazy=\"1\" class=\"module_column tb-column col-full tb_eat0409 first\">\n                    <!-- module image -->\n<div  class=\"module module-image tb_es2z697 image-top   tf_mw\" data-lazy=\"1\">\n        <div class=\"image-wrap tf_rel tf_mw\">\n            <img loading=\"lazy\" decoding=\"async\" width=\"2560\" height=\"1707\" src=\"https:\/\/makefishingfair.org\/wp-content\/uploads\/2025\/07\/\u00a9-OCEANA-Claudia-Pool-82026-1-scaled.jpg\" class=\"wp-post-image wp-image-726\" title=\"Entrevista _David Lange_ Dinamarca\" alt=\"Interview _David Lange_ Denmark\" srcset=\"https:\/\/makefishingfair.org\/wp-content\/uploads\/2025\/07\/\u00a9-OCEANA-Claudia-Pool-82026-1-scaled.jpg 2560w, https:\/\/makefishingfair.org\/wp-content\/uploads\/2025\/07\/\u00a9-OCEANA-Claudia-Pool-82026-1-768x512.jpg 768w, https:\/\/makefishingfair.org\/wp-content\/uploads\/2025\/07\/\u00a9-OCEANA-Claudia-Pool-82026-1-1536x1024.jpg 1536w, https:\/\/makefishingfair.org\/wp-content\/uploads\/2025\/07\/\u00a9-OCEANA-Claudia-Pool-82026-1-2048x1365.jpg 2048w\" sizes=\"auto, (max-width: 2560px) 100vw, 2560px\" \/>    \n        <\/div>\n    <!-- \/image-wrap -->\n    \n        <\/div>\n<!-- \/module image -->        <\/div>\n                        <\/div>\n        <\/div>\n        <\/div>\n<!--\/themify_builder_content-->","protected":false},"excerpt":{"rendered":"<p>Foreningen for Sk\u00e5nsomt Kystfiskeri Producentorganisation (FSK-PO) DENMARK www.skaansomtkystfiskeri.dk\/om-foreningen\/ david@fskpo.dk Founded in 2014, the Association for Sustainable Coastal Fishing Producers&#8217; Organization (FSK-PO) represents Danish coastal fishers using low-impact gear such as nets, purse seines, traps, pots, and hooks. Created to give a voice to sustainable coastal fishing, FSK-PO now includes members from across the country\u2014ranging from [&hellip;]<\/p>\n","protected":false},"author":2,"featured_media":0,"parent":0,"menu_order":0,"comment_status":"closed","ping_status":"closed","template":"","meta":{"footnotes":""},"class_list":["post-813","page","type-page","status-publish","hentry","has-post-title","has-post-date","has-post-category","has-post-tag","has-post-comment","has-post-author",""],"_links":{"self":[{"href":"https:\/\/makefishingfair.org\/es\/wp-json\/wp\/v2\/pages\/813","targetHints":{"allow":["GET"]}}],"collection":[{"href":"https:\/\/makefishingfair.org\/es\/wp-json\/wp\/v2\/pages"}],"about":[{"href":"https:\/\/makefishingfair.org\/es\/wp-json\/wp\/v2\/types\/page"}],"author":[{"embeddable":true,"href":"https:\/\/makefishingfair.org\/es\/wp-json\/wp\/v2\/users\/2"}],"replies":[{"embeddable":true,"href":"https:\/\/makefishingfair.org\/es\/wp-json\/wp\/v2\/comments?post=813"}],"version-history":[{"count":0,"href":"https:\/\/makefishingfair.org\/es\/wp-json\/wp\/v2\/pages\/813\/revisions"}],"wp:attachment":[{"href":"https:\/\/makefishingfair.org\/es\/wp-json\/wp\/v2\/media?parent=813"}],"curies":[{"name":"wp","href":"https:\/\/api.w.org\/{rel}","templated":true}]}}