{"id":757,"date":"2025-07-21T14:02:45","date_gmt":"2025-07-21T14:02:45","guid":{"rendered":"https:\/\/makefishingfair.org\/muireann-kavanagh-copy\/"},"modified":"2025-09-02T10:40:50","modified_gmt":"2025-09-02T10:40:50","slug":"sandrine-thomas","status":"publish","type":"page","link":"https:\/\/makefishingfair.org\/es\/sandrine-thomas\/","title":{"rendered":"Sandrine Thomas"},"content":{"rendered":"<!--themify_builder_content-->\n<div id=\"themify_builder_content-757\" data-postid=\"757\" class=\"themify_builder_content themify_builder_content-757 themify_builder tf_clear\">\n                    <div  data-lazy=\"1\" class=\"module_row themify_builder_row tb_cslu055 tb_first tf_w\">\n                        <div class=\"row_inner col_align_top tb_col_count_2 tf_box tf_rel\">\n                        <div  data-lazy=\"1\" class=\"module_column tb-column col4-2 tb_5r2n300 first\">\n                    <!-- module image -->\n<div  class=\"module module-image tb_1ume630 image-top   tf_mw\" data-lazy=\"1\">\n        <div class=\"image-wrap tf_rel tf_mw\">\n            <img loading=\"lazy\" decoding=\"async\" width=\"997\" height=\"1500\" src=\"https:\/\/makefishingfair.org\/wp-content\/uploads\/2025\/08\/2aa91972-f3f0-496f-85db-85584df22480.jpeg\" class=\"wp-post-image wp-image-930\" title=\"2aa91972-f3f0-496f-85db-85584df22480\" alt=\"\u00a9St\u00e9phanie Lacombe\" srcset=\"https:\/\/makefishingfair.org\/wp-content\/uploads\/2025\/08\/2aa91972-f3f0-496f-85db-85584df22480.jpeg 997w, https:\/\/makefishingfair.org\/wp-content\/uploads\/2025\/08\/2aa91972-f3f0-496f-85db-85584df22480-768x1155.jpeg 768w, https:\/\/makefishingfair.org\/wp-content\/uploads\/2025\/08\/2aa91972-f3f0-496f-85db-85584df22480-8x12.jpeg 8w\" sizes=\"auto, (max-width: 997px) 100vw, 997px\" \/>    \n        <\/div>\n    <!-- \/image-wrap -->\n    \n        <div class=\"image-content\">\n                        <div class=\"image-caption tb_text_wrap\">\n            \u00a9St\u00e9phanie Lacombe        <\/div>\n        <!-- \/image-caption -->\n            <\/div>\n    <!-- \/image-content -->\n        <\/div>\n<!-- \/module image -->        <\/div>\n                    <div  data-lazy=\"1\" class=\"module_column tb-column col4-2 tb_stsk430 last\">\n                    <!-- module text -->\n<div  class=\"module module-text tb_il3w013\" data-lazy=\"1\">\n        <div  class=\"tb_text_wrap\">\n        <h1>Sandrine Thomas<\/h1>\n<p>NOUVELLE-AQUITAINE, FRANCIA\u00a0\u00a0<\/p>\n<p><i><span style=\"font-weight: 400;\">Pescadores artesanales<\/span><\/i><\/p>    <\/div>\n<\/div>\n<!-- \/module text -->        <\/div>\n                        <\/div>\n        <\/div>\n                        <div  data-lazy=\"1\" class=\"module_row themify_builder_row tb_kiq4570 tf_w\">\n                        <div class=\"row_inner col_align_top tb_col_count_1 tf_box tf_rel\">\n                        <div  data-lazy=\"1\" class=\"module_column tb-column col-full tb_4q55735 first\">\n                    <!-- module divider -->\n<div  class=\"module tf_mw module-divider tb_v2su507 solid\" style=\"border-width: 1px;border-color: #adadad;margin-top: 25px;\" data-lazy=\"1\">\n    <\/div>\n<!-- \/module divider -->\n<!-- module text -->\n<div  class=\"module module-text tb_8dq0305\" data-lazy=\"1\">\n        <div  class=\"tb_text_wrap\">\n        <span class=\"shortcode themify-icon\"><a href=\"http:\/\/\" class=\"themify-icon-link\"><i class=\"themify-icon-icon\" style=\"color: #000000;\"><svg  class=\"tf_fa tf-ti-quote-left\" aria-hidden=\"true\"><use href=\"#tf-ti-quote-left\"><\/use><\/svg><\/i><\/a><\/span><p><i><span style=\"font-weight: 400;\">\u00a0\u201cCada d\u00eda, la pesca artesanal alimenta a las comunidades, comparte sus conocimientos y defiende el Oc\u00e9ano. Para proteger el Oc\u00e9ano, debemos proteger a los pescadores artesanales\u201d<\/span><\/i><\/p><p><span style=\"font-weight: 400;\">Sandrine<\/span> <span style=\"font-weight: 400;\">es bi\u00f3loga de formaci\u00f3n y pescadora artesanal con m\u00e1s de una d\u00e9cada de experiencia. Empez\u00f3 a pescar en el Mediterr\u00e1neo, se traslad\u00f3 a Breta\u00f1a y se instal\u00f3 en Royan (Charente-Maritime). Especializada en especies nobles como la lubina y el magro, sus capturas se sirven en los mejores restaurantes del mundo, desde Dubai hasta Australia.<\/span><\/p>    <\/div>\n<\/div>\n<!-- \/module text --><!-- module divider -->\n<div  class=\"module tf_mw module-divider tb_9nd5730 solid\" style=\"border-width: 1px;border-color: #adadad;margin-top: 25px;margin-bottom: 25px;\" data-lazy=\"1\">\n    <\/div>\n<!-- \/module divider -->\n        <\/div>\n                        <\/div>\n        <\/div>\n                        <div  data-lazy=\"1\" class=\"module_row themify_builder_row tb_wfbr475 tf_w\">\n                        <div class=\"row_inner col_align_top tb_col_count_2 tf_box tf_rel\">\n                        <div  data-lazy=\"1\" class=\"module_column tb-column col4-2 tb_dxcz555 first\">\n                            <\/div>\n                    <div  data-lazy=\"1\" class=\"module_column tb-column col4-2 tb_irvm258 last\">\n                            <\/div>\n                        <\/div>\n        <\/div>\n        <\/div>\n<!--\/themify_builder_content-->","protected":false},"excerpt":{"rendered":"<p>\u00a9St\u00e9phanie Lacombe Sandrine Thomas NOUVELLE-AQUITAINE, FRANCE\u00a0\u00a0 Small-Scale Fisher \u00a0\u201cEvery day, small-scale fishing feeds communities, shares its knowledge, and defends the Ocean. To protect the Ocean, we must protect small-scale fishers\u201d Sandrine is a trained biologist and small-scale fisher with over a decade of experience. She began fishing in the Mediterranean, later moving to Brittany before [&hellip;]<\/p>\n","protected":false},"author":2,"featured_media":0,"parent":0,"menu_order":0,"comment_status":"closed","ping_status":"closed","template":"","meta":{"footnotes":""},"class_list":["post-757","page","type-page","status-publish","hentry","has-post-title","has-post-date","has-post-category","has-post-tag","has-post-comment","has-post-author",""],"_links":{"self":[{"href":"https:\/\/makefishingfair.org\/es\/wp-json\/wp\/v2\/pages\/757","targetHints":{"allow":["GET"]}}],"collection":[{"href":"https:\/\/makefishingfair.org\/es\/wp-json\/wp\/v2\/pages"}],"about":[{"href":"https:\/\/makefishingfair.org\/es\/wp-json\/wp\/v2\/types\/page"}],"author":[{"embeddable":true,"href":"https:\/\/makefishingfair.org\/es\/wp-json\/wp\/v2\/users\/2"}],"replies":[{"embeddable":true,"href":"https:\/\/makefishingfair.org\/es\/wp-json\/wp\/v2\/comments?post=757"}],"version-history":[{"count":0,"href":"https:\/\/makefishingfair.org\/es\/wp-json\/wp\/v2\/pages\/757\/revisions"}],"wp:attachment":[{"href":"https:\/\/makefishingfair.org\/es\/wp-json\/wp\/v2\/media?parent=757"}],"curies":[{"name":"wp","href":"https:\/\/api.w.org\/{rel}","templated":true}]}}