{"id":741,"date":"2025-07-21T13:28:58","date_gmt":"2025-07-21T13:28:58","guid":{"rendered":"https:\/\/makefishingfair.org\/muireann-kavanagh-copy\/"},"modified":"2025-09-02T10:39:53","modified_gmt":"2025-09-02T10:39:53","slug":"gwen-pennarun","status":"publish","type":"page","link":"https:\/\/makefishingfair.org\/es\/gwen-pennarun\/","title":{"rendered":"Gwen Pennarun"},"content":{"rendered":"<!--themify_builder_content-->\n<div id=\"themify_builder_content-741\" data-postid=\"741\" class=\"themify_builder_content themify_builder_content-741 themify_builder tf_clear\">\n                    <div  data-lazy=\"1\" class=\"module_row themify_builder_row tb_4u93074 tb_first tf_w\">\n                        <div class=\"row_inner col_align_top tb_col_count_2 tf_box tf_rel\">\n                        <div  data-lazy=\"1\" class=\"module_column tb-column col4-2 tb_086j775 first\">\n                    <!-- module image -->\n<div  class=\"module module-image tb_vb90405 image-top   tf_mw\" data-lazy=\"1\">\n        <div class=\"image-wrap tf_rel tf_mw\">\n            <img loading=\"lazy\" decoding=\"async\" width=\"2560\" height=\"1440\" src=\"https:\/\/makefishingfair.org\/wp-content\/uploads\/2025\/07\/20160922_153257-scaled.jpg\" class=\"wp-post-image wp-image-746\" title=\"20160922_153257\" alt=\"20160922_153257\" srcset=\"https:\/\/makefishingfair.org\/wp-content\/uploads\/2025\/07\/20160922_153257-scaled.jpg 2560w, https:\/\/makefishingfair.org\/wp-content\/uploads\/2025\/07\/20160922_153257-768x432.jpg 768w, https:\/\/makefishingfair.org\/wp-content\/uploads\/2025\/07\/20160922_153257-1536x864.jpg 1536w, https:\/\/makefishingfair.org\/wp-content\/uploads\/2025\/07\/20160922_153257-2048x1152.jpg 2048w\" sizes=\"auto, (max-width: 2560px) 100vw, 2560px\" \/>    \n        <\/div>\n    <!-- \/image-wrap -->\n    \n        <\/div>\n<!-- \/module image -->        <\/div>\n                    <div  data-lazy=\"1\" class=\"module_column tb-column col4-2 tb_6us7700 last\">\n                    <!-- module text -->\n<div  class=\"module module-text tb_97ln579\" data-lazy=\"1\">\n        <div  class=\"tb_text_wrap\">\n        <h1>Gwen Pennarun<\/h1>\n<p>BRETANA, FRANCIA\u00a0\u00a0<\/p>\n<p><em><span style=\"font-weight: 400;\">Asociaci\u00f3n de Manipuladores de Breta\u00f1a<\/span><\/em><\/p>    <\/div>\n<\/div>\n<!-- \/module text -->        <\/div>\n                        <\/div>\n        <\/div>\n                        <div  data-lazy=\"1\" class=\"module_row themify_builder_row tb_lokh027 tf_w\">\n                        <div class=\"row_inner col_align_top tb_col_count_1 tf_box tf_rel\">\n                        <div  data-lazy=\"1\" class=\"module_column tb-column col-full tb_r303065 first\">\n                    <!-- module divider -->\n<div  class=\"module tf_mw module-divider tb_tq87505 solid\" style=\"border-width: 1px;border-color: #adadad;margin-top: 25px;\" data-lazy=\"1\">\n    <\/div>\n<!-- \/module divider -->\n<!-- module text -->\n<div  class=\"module module-text tb_vdey770\" data-lazy=\"1\">\n        <div  class=\"tb_text_wrap\">\n        <span class=\"shortcode themify-icon\"><a href=\"http:\/\/\" class=\"themify-icon-link\"><i class=\"themify-icon-icon\" style=\"color: #000000;\"><svg  class=\"tf_fa tf-ti-quote-left\" aria-hidden=\"true\"><use href=\"#tf-ti-quote-left\"><\/use><\/svg><\/i><\/a><\/span><p><em><span style=\"font-weight: 400;\">\u201cEs vital proteger la pesca artesanal. Esto significa garantizar un acceso justo a los recursos marinos e implicar a los pescadores en las decisiones que les afectan. Sin estas garant\u00edas, toda una generaci\u00f3n de j\u00f3venes que sue\u00f1an con un futuro en la pesca se ver\u00e1 obligada a abandonar. Tambi\u00e9n supone la desaparici\u00f3n gradual de las comunidades costeras que dependen de ella, y el declive de los pescadores artesanales que luchan cada vez m\u00e1s por ganarse la vida con su pasi\u00f3n.\u201d<\/span><\/em><\/p><p><span style=\"font-weight: 400;\">Gwen Pennarun es pescadora artesanal desde hace m\u00e1s de 40 a\u00f1os y actualmente preside la Asociaci\u00f3n de Pescadores Artesanales de Breta\u00f1a y la Asociaci\u00f3n Europea de Pescadores de Bajo Impacto (LIFE).<\/span><\/p>    <\/div>\n<\/div>\n<!-- \/module text --><!-- module divider -->\n<div  class=\"module tf_mw module-divider tb_5xy1777 solid\" style=\"border-width: 1px;border-color: #adadad;margin-top: 25px;margin-bottom: 25px;\" data-lazy=\"1\">\n    <\/div>\n<!-- \/module divider -->\n        <\/div>\n                        <\/div>\n        <\/div>\n                        <div  data-lazy=\"1\" class=\"module_row themify_builder_row tb_ernc777 tf_w\">\n                        <div class=\"row_inner col_align_top tb_col_count_2 tf_box tf_rel\">\n                        <div  data-lazy=\"1\" class=\"module_column tb-column col4-2 tb_o9m3573 first\">\n                    <!-- module image -->\n<div  class=\"module module-image tb_yz0a367 image-top   tf_mw\" data-lazy=\"1\">\n        <div class=\"image-wrap tf_rel tf_mw\">\n            <img loading=\"lazy\" decoding=\"async\" width=\"2560\" height=\"1920\" src=\"https:\/\/makefishingfair.org\/wp-content\/uploads\/2025\/07\/P3310067-scaled.jpg\" class=\"wp-post-image wp-image-744\" title=\"C\u00c1MARA DIGITAL OLYMPUS\" alt=\"OLYMPUS DIGITAL CAMERA\" srcset=\"https:\/\/makefishingfair.org\/wp-content\/uploads\/2025\/07\/P3310067-scaled.jpg 2560w, https:\/\/makefishingfair.org\/wp-content\/uploads\/2025\/07\/P3310067-768x576.jpg 768w, https:\/\/makefishingfair.org\/wp-content\/uploads\/2025\/07\/P3310067-1536x1152.jpg 1536w, https:\/\/makefishingfair.org\/wp-content\/uploads\/2025\/07\/P3310067-2048x1536.jpg 2048w\" sizes=\"auto, (max-width: 2560px) 100vw, 2560px\" \/>    \n        <\/div>\n    <!-- \/image-wrap -->\n    \n        <\/div>\n<!-- \/module image -->        <\/div>\n                    <div  data-lazy=\"1\" class=\"module_column tb-column col4-2 tb_2zew737 last\">\n                    <!-- module image -->\n<div  class=\"module module-image tb_benp770 image-top   tf_mw\" data-lazy=\"1\">\n        <div class=\"image-wrap tf_rel tf_mw\">\n            <img loading=\"lazy\" decoding=\"async\" width=\"2560\" height=\"1920\" src=\"https:\/\/makefishingfair.org\/wp-content\/uploads\/2025\/07\/Gwen-Pennarun-navire-scaled.jpg\" class=\"wp-post-image wp-image-745\" title=\"Gwen Pennarun navire\" alt=\"Gwen Pennarun navire\" srcset=\"https:\/\/makefishingfair.org\/wp-content\/uploads\/2025\/07\/Gwen-Pennarun-navire-scaled.jpg 2560w, https:\/\/makefishingfair.org\/wp-content\/uploads\/2025\/07\/Gwen-Pennarun-navire-768x576.jpg 768w, https:\/\/makefishingfair.org\/wp-content\/uploads\/2025\/07\/Gwen-Pennarun-navire-1536x1152.jpg 1536w, https:\/\/makefishingfair.org\/wp-content\/uploads\/2025\/07\/Gwen-Pennarun-navire-2048x1536.jpg 2048w\" sizes=\"auto, (max-width: 2560px) 100vw, 2560px\" \/>    \n        <\/div>\n    <!-- \/image-wrap -->\n    \n        <\/div>\n<!-- \/module image -->        <\/div>\n                        <\/div>\n        <\/div>\n        <\/div>\n<!--\/themify_builder_content-->","protected":false},"excerpt":{"rendered":"<p>Gwen Pennarun BRITTANY, FRANCE\u00a0\u00a0 Brittany Handliners Association &#8220;It is vital to protect small-scale fishing. This means ensuring fair access to marine resources and involving fishers in the decisions that affect them. Without these guarantees, a whole generation of young people dreaming of a future in fishing will be forced to give up. It also spells [&hellip;]<\/p>\n","protected":false},"author":2,"featured_media":0,"parent":0,"menu_order":0,"comment_status":"closed","ping_status":"closed","template":"","meta":{"footnotes":""},"class_list":["post-741","page","type-page","status-publish","hentry","has-post-title","has-post-date","has-post-category","has-post-tag","has-post-comment","has-post-author",""],"_links":{"self":[{"href":"https:\/\/makefishingfair.org\/es\/wp-json\/wp\/v2\/pages\/741","targetHints":{"allow":["GET"]}}],"collection":[{"href":"https:\/\/makefishingfair.org\/es\/wp-json\/wp\/v2\/pages"}],"about":[{"href":"https:\/\/makefishingfair.org\/es\/wp-json\/wp\/v2\/types\/page"}],"author":[{"embeddable":true,"href":"https:\/\/makefishingfair.org\/es\/wp-json\/wp\/v2\/users\/2"}],"replies":[{"embeddable":true,"href":"https:\/\/makefishingfair.org\/es\/wp-json\/wp\/v2\/comments?post=741"}],"version-history":[{"count":0,"href":"https:\/\/makefishingfair.org\/es\/wp-json\/wp\/v2\/pages\/741\/revisions"}],"wp:attachment":[{"href":"https:\/\/makefishingfair.org\/es\/wp-json\/wp\/v2\/media?parent=741"}],"curies":[{"name":"wp","href":"https:\/\/api.w.org\/{rel}","templated":true}]}}