{"id":180,"date":"2025-06-30T09:34:56","date_gmt":"2025-06-30T09:34:56","guid":{"rendered":"https:\/\/makefishingfair.org\/?page_id=180"},"modified":"2025-09-02T10:39:23","modified_gmt":"2025-09-02T10:39:23","slug":"muireann-kavanagh","status":"publish","type":"page","link":"https:\/\/makefishingfair.org\/es\/muireann-kavanagh\/","title":{"rendered":"Muireann Kavanagh"},"content":{"rendered":"<!--themify_builder_content-->\n<div id=\"themify_builder_content-180\" data-postid=\"180\" class=\"themify_builder_content themify_builder_content-180 themify_builder tf_clear\">\n                    <div  data-lazy=\"1\" class=\"module_row themify_builder_row tb_xxys499 tb_first tf_w\">\n                        <div class=\"row_inner col_align_top tb_col_count_2 tf_box tf_rel\">\n                        <div  data-lazy=\"1\" class=\"module_column tb-column col4-2 tb_9lzd499 first\">\n                    <!-- module image -->\n<div  class=\"module module-image tb_tov2518 image-top   tf_mw\" data-lazy=\"1\">\n        <div class=\"image-wrap tf_rel tf_mw\">\n            <img loading=\"lazy\" decoding=\"async\" width=\"2560\" height=\"1706\" src=\"https:\/\/makefishingfair.org\/wp-content\/uploads\/2025\/07\/\u00a9-OCEANA-Claudia-Pool-82008-scaled.jpg\" class=\"wp-post-image wp-image-725\" title=\"Entrevista _ Neily Kavanagh y Muireann Kavanagh_ Irlanda\" alt=\"\u00a9 OCEANA Claudia Pool\" srcset=\"https:\/\/makefishingfair.org\/wp-content\/uploads\/2025\/07\/\u00a9-OCEANA-Claudia-Pool-82008-scaled.jpg 2560w, https:\/\/makefishingfair.org\/wp-content\/uploads\/2025\/07\/\u00a9-OCEANA-Claudia-Pool-82008-768x512.jpg 768w, https:\/\/makefishingfair.org\/wp-content\/uploads\/2025\/07\/\u00a9-OCEANA-Claudia-Pool-82008-1536x1024.jpg 1536w, https:\/\/makefishingfair.org\/wp-content\/uploads\/2025\/07\/\u00a9-OCEANA-Claudia-Pool-82008-2048x1365.jpg 2048w\" sizes=\"auto, (max-width: 2560px) 100vw, 2560px\" \/>    \n        <\/div>\n    <!-- \/image-wrap -->\n    \n        <div class=\"image-content\">\n                        <div class=\"image-caption tb_text_wrap\">\n            \u00a9 OCEANA Claudia Pool         <\/div>\n        <!-- \/image-caption -->\n            <\/div>\n    <!-- \/image-content -->\n        <\/div>\n<!-- \/module image -->        <\/div>\n                    <div  data-lazy=\"1\" class=\"module_column tb-column col4-2 tb_y4ze484 last\">\n                    <!-- module text -->\n<div  class=\"module module-text tb_2zst285\" data-lazy=\"1\">\n        <div  class=\"tb_text_wrap\">\n        <h1>Muireann Kavanagh<\/h1>\n<p>ARRANMORE, IRLANDA\u00a0\u00a0<\/p>\n<p><i><span style=\"font-weight: 400;\">Organizaci\u00f3n de Recursos Marinos de las Islas Irlandesas <\/span><\/i><\/p>    <\/div>\n<\/div>\n<!-- \/module text -->        <\/div>\n                        <\/div>\n        <\/div>\n                        <div  data-lazy=\"1\" class=\"module_row themify_builder_row tb_vdce517 tf_w\">\n                        <div class=\"row_inner col_align_top tb_col_count_1 tf_box tf_rel\">\n                        <div  data-lazy=\"1\" class=\"module_column tb-column col-full tb_cv2h517 first\">\n                    <!-- module divider -->\n<div  class=\"module tf_mw module-divider tb_wrxx633 solid\" style=\"border-width: 1px;border-color: #adadad;margin-top: 25px;\" data-lazy=\"1\">\n    <\/div>\n<!-- \/module divider -->\n<!-- module text -->\n<div  class=\"module module-text tb_wnkx162\" data-lazy=\"1\">\n        <div  class=\"tb_text_wrap\">\n        <span class=\"shortcode themify-icon\"><a href=\"http:\/\/\" class=\"themify-icon-link\"><i class=\"themify-icon-icon\" style=\"color: #000000;\"><svg  class=\"tf_fa tf-ti-quote-left\" aria-hidden=\"true\"><use href=\"#tf-ti-quote-left\"><\/use><\/svg><\/i><\/a><\/span>\n<p><i><span style=\"font-weight: 400;\">\u00a0\u201cA m\u00ed me parece que la idea que tiene la UE de una pesca sostenible es err\u00f3nea. Su idea es permitir barcos factor\u00eda con grandes motores diesel y enormes redes que est\u00e1n causando graves da\u00f1os al medio ambiente y, lo que es m\u00e1s importante, a las poblaciones de peces. Comp\u00e1relo con mi peque\u00f1o barco de pesca con un peque\u00f1o motor y 6 anzuelos en un sedal que se puede sujetar con una mano. \u00bfPuede alguien explicarme qu\u00e9 m\u00e9todo de pesca es m\u00e1s perjudicial para el medio ambiente y las poblaciones de peces?\u201d.\u201d<\/span><\/i><\/p>\n<p><span style=\"font-weight: 400;\">Muireann Kavanagh tiene 16 a\u00f1os. <\/span><span style=\"font-weight: 400;\">pescadora<\/span><span style=\"font-weight: 400;\"> de la isla de Arranmore, Donegal, <\/span><span style=\"font-weight: 400;\">Irlanda<\/span><span style=\"font-weight: 400;\"> y apasionada defensora de las comunidades pesqueras de las islas irlandesas. Pescadora tradicional de abadejo con anzuelo y sedal con su familia, se convirti\u00f3 en una voz nacional tras desafiar la pol\u00edtica de captura cero de la UE. Es <\/span><span style=\"font-weight: 400;\">miembro de la<\/span><span style=\"font-weight: 400;\"> Organizaci\u00f3n de Recursos Marinos de las Islas Irlandesas (IIMRO), <\/span><span style=\"font-weight: 400;\">una cooperativa representativa y una organizaci\u00f3n de peque\u00f1os productores pesqueros<\/span><span style=\"font-weight: 400;\">. IIMRO involucra a las partes interesadas del sector marino de las islas irlandesas, garantizando que desempe\u00f1en un papel central en la gesti\u00f3n sostenible de sus recursos marinos.<\/span><\/p>    <\/div>\n<\/div>\n<!-- \/module text --><!-- module divider -->\n<div  class=\"module tf_mw module-divider tb_9y7f739 solid\" style=\"border-width: 1px;border-color: #adadad;margin-top: 25px;margin-bottom: 25px;\" data-lazy=\"1\">\n    <\/div>\n<!-- \/module divider -->\n        <\/div>\n                        <\/div>\n        <\/div>\n                        <div  data-lazy=\"1\" class=\"module_row themify_builder_row tb_654o520 tf_w\">\n                        <div class=\"row_inner col_align_top tb_col_count_2 tf_box tf_rel\">\n                        <div  data-lazy=\"1\" class=\"module_column tb-column col4-2 tb_ufvq520 first\">\n                    <!-- module image -->\n<div  class=\"module module-image tb_gmkp465 image-top   tf_mw\" data-lazy=\"1\">\n        <div class=\"image-wrap tf_rel tf_mw\">\n            <img loading=\"lazy\" decoding=\"async\" width=\"2560\" height=\"1707\" src=\"https:\/\/makefishingfair.org\/wp-content\/uploads\/2025\/07\/\u00a9-OCEANA-Claudia-Pool-81990-scaled.jpg\" class=\"wp-post-image wp-image-738\" title=\"Entrevista _ Neily Kavanagh y Muireann Kavanagh_ Irlanda\" alt=\"Interview _ Neily Kavanagh and Muireann Kavanagh_ Ireland\" srcset=\"https:\/\/makefishingfair.org\/wp-content\/uploads\/2025\/07\/\u00a9-OCEANA-Claudia-Pool-81990-scaled.jpg 2560w, https:\/\/makefishingfair.org\/wp-content\/uploads\/2025\/07\/\u00a9-OCEANA-Claudia-Pool-81990-768x512.jpg 768w, https:\/\/makefishingfair.org\/wp-content\/uploads\/2025\/07\/\u00a9-OCEANA-Claudia-Pool-81990-1536x1024.jpg 1536w, https:\/\/makefishingfair.org\/wp-content\/uploads\/2025\/07\/\u00a9-OCEANA-Claudia-Pool-81990-2048x1365.jpg 2048w\" sizes=\"auto, (max-width: 2560px) 100vw, 2560px\" \/>    \n        <\/div>\n    <!-- \/image-wrap -->\n    \n        <\/div>\n<!-- \/module image -->        <\/div>\n                    <div  data-lazy=\"1\" class=\"module_column tb-column col4-2 tb_ubp2520 last\">\n                    <!-- module image -->\n<div  class=\"module module-image tb_qorj117 image-top   tf_mw\" data-lazy=\"1\">\n        <div class=\"image-wrap tf_rel tf_mw\">\n            <img loading=\"lazy\" decoding=\"async\" width=\"2560\" height=\"1707\" src=\"https:\/\/makefishingfair.org\/wp-content\/uploads\/2025\/07\/\u00a9-OCEANA-Claudia-Pool-82003-scaled.jpg\" class=\"wp-post-image wp-image-739\" title=\"Entrevista _ Neily Kavanagh y Muireann Kavanagh_ Irlanda\" alt=\"Interview _ Neily Kavanagh and Muireann Kavanagh_ Ireland\" srcset=\"https:\/\/makefishingfair.org\/wp-content\/uploads\/2025\/07\/\u00a9-OCEANA-Claudia-Pool-82003-scaled.jpg 2560w, https:\/\/makefishingfair.org\/wp-content\/uploads\/2025\/07\/\u00a9-OCEANA-Claudia-Pool-82003-768x512.jpg 768w, https:\/\/makefishingfair.org\/wp-content\/uploads\/2025\/07\/\u00a9-OCEANA-Claudia-Pool-82003-1536x1024.jpg 1536w, https:\/\/makefishingfair.org\/wp-content\/uploads\/2025\/07\/\u00a9-OCEANA-Claudia-Pool-82003-2048x1365.jpg 2048w\" sizes=\"auto, (max-width: 2560px) 100vw, 2560px\" \/>    \n        <\/div>\n    <!-- \/image-wrap -->\n    \n        <\/div>\n<!-- \/module image -->        <\/div>\n                        <\/div>\n        <\/div>\n        <\/div>\n<!--\/themify_builder_content-->","protected":false},"excerpt":{"rendered":"<p>\u00a9 OCEANA Claudia Pool Muireann Kavanagh ARRANMORE, IRELAND\u00a0\u00a0 Irish Islands Marine Resource Organisation \u00a0\u201cTo me, it seems the EU&#8217;s idea of a sustainable fishery is wrong. Their idea is to allow factory boats with large diesel engines and huge nets which are causing serious damage to the environment, and more importantly to the fish stocks. [&hellip;]<\/p>\n","protected":false},"author":3,"featured_media":0,"parent":0,"menu_order":0,"comment_status":"closed","ping_status":"closed","template":"","meta":{"footnotes":""},"class_list":["post-180","page","type-page","status-publish","hentry","has-post-title","has-post-date","has-post-category","has-post-tag","has-post-comment","has-post-author",""],"_links":{"self":[{"href":"https:\/\/makefishingfair.org\/es\/wp-json\/wp\/v2\/pages\/180","targetHints":{"allow":["GET"]}}],"collection":[{"href":"https:\/\/makefishingfair.org\/es\/wp-json\/wp\/v2\/pages"}],"about":[{"href":"https:\/\/makefishingfair.org\/es\/wp-json\/wp\/v2\/types\/page"}],"author":[{"embeddable":true,"href":"https:\/\/makefishingfair.org\/es\/wp-json\/wp\/v2\/users\/3"}],"replies":[{"embeddable":true,"href":"https:\/\/makefishingfair.org\/es\/wp-json\/wp\/v2\/comments?post=180"}],"version-history":[{"count":0,"href":"https:\/\/makefishingfair.org\/es\/wp-json\/wp\/v2\/pages\/180\/revisions"}],"wp:attachment":[{"href":"https:\/\/makefishingfair.org\/es\/wp-json\/wp\/v2\/media?parent=180"}],"curies":[{"name":"wp","href":"https:\/\/api.w.org\/{rel}","templated":true}]}}