{"id":838,"date":"2025-07-22T09:53:35","date_gmt":"2025-07-22T09:53:35","guid":{"rendered":"https:\/\/makefishingfair.org\/asociacion-de-atuneros-con-linea-de-mano-del-mediterraneo-copy\/"},"modified":"2025-08-28T10:16:31","modified_gmt":"2025-08-28T10:16:31","slug":"cofradia-de-sitges","status":"publish","type":"page","link":"https:\/\/makefishingfair.org\/de\/cofradia-de-sitges\/","title":{"rendered":"Cofrad\u00eda de Sitges"},"content":{"rendered":"<!--themify_builder_content-->\n<div id=\"themify_builder_content-838\" data-postid=\"838\" class=\"themify_builder_content themify_builder_content-838 themify_builder tf_clear\">\n                    <div  data-lazy=\"1\" class=\"module_row themify_builder_row tb_ro1v119 tb_first tf_w\">\n                        <div class=\"row_inner col_align_top tb_col_count_1 tf_box tf_rel\">\n                        <div  data-lazy=\"1\" class=\"module_column tb-column col-full tb_fnaj060 first\">\n                    <!-- module text -->\n<div  class=\"module module-text tb_yh4o200\" data-lazy=\"1\">\n        <div  class=\"tb_text_wrap\">\n        <h1>Cofradia de Sitges<\/h1><p>SITGES, SPANIEN<\/p><p><span class=\"shortcode themify-icon\"><a href=\"http:\/\/www.peixdesitges.cat\/pescadors\/cofraria.html\" class=\"themify-icon-link\"><i class=\"themify-icon-icon\" style=\"color: #000000;\"><svg  class=\"tf_fa tf-ti-link\" aria-hidden=\"true\"><use href=\"#tf-ti-link\"><\/use><\/svg><\/i><\/a><\/span> www.peixdesitges.cat\/pescadors\/cofraria.html<br \/><span class=\"shortcode themify-icon\"><i class=\"themify-icon-icon\" style=\"color: #000000;\"><svg  class=\"tf_fa tf-ti-email\" aria-hidden=\"true\"><use href=\"#tf-ti-email\"><\/use><\/svg><\/i><\/span> <a href=\"mailto:confraria_sitges@yahoo.es\">confraria_sitges@yahoo.es<\/a><\/p>    <\/div>\n<\/div>\n<!-- \/module text -->        <\/div>\n                        <\/div>\n        <\/div>\n                        <div  data-lazy=\"1\" class=\"module_row themify_builder_row tb_mh1c333 tf_w\">\n                        <div class=\"row_inner col_align_top tb_col_count_1 tf_box tf_rel\">\n                        <div  data-lazy=\"1\" class=\"module_column tb-column col-full tb_o7nb333 first\">\n                    <!-- module divider -->\n<div  class=\"module tf_mw module-divider tb_o62a334 solid\" style=\"border-width: 1px;border-color: #adadad;margin-top: 25px;margin-bottom: 25px;\" data-lazy=\"1\">\n    <\/div>\n<!-- \/module divider -->\n<!-- module text -->\n<div  class=\"module module-text tb_5j6t001\" data-lazy=\"1\">\n        <div  class=\"tb_text_wrap\">\n        <p>La Confraria de Sitges ist ein gemeinn\u00fctziger Verein, der die \u00f6rtliche Fischergemeinde in der K\u00fcstenstadt Sitges in Katalonien vertritt. Der Verband setzt sich f\u00fcr die Interessen der Fischer ein und spielt auch eine aktive Rolle im Gemeindeleben. Die Mitglieder treffen sich regelm\u00e4\u00dfig, um politische Fragen zu er\u00f6rtern, und tragen zu kulturellen Veranstaltungen bei, wie z. B. dem j\u00e4hrlichen Fest der Virgen del Carmen, der Schutzpatronin der Fischer.<\/p>    <\/div>\n<\/div>\n<!-- \/module text --><!-- module divider -->\n<div  class=\"module tf_mw module-divider tb_qtpt109 solid\" style=\"border-width: 1px;border-color: #adadad;margin-top: 25px;margin-bottom: 25px;\" data-lazy=\"1\">\n    <\/div>\n<!-- \/module divider -->\n        <\/div>\n                        <\/div>\n        <\/div>\n                        <div  data-lazy=\"1\" class=\"module_row themify_builder_row tb_el1h430 tf_w\">\n                        <div class=\"row_inner col_align_top tb_col_count_1 tf_box tf_rel\">\n                        <div  data-lazy=\"1\" class=\"module_column tb-column col-full tb_02d8014 first\">\n                    <!-- module image -->\n<div  class=\"module module-image tb_lujn104 image-top   tf_mw\" data-lazy=\"1\">\n        <div class=\"image-wrap tf_rel tf_mw\">\n            <img loading=\"lazy\" decoding=\"async\" width=\"2560\" height=\"1440\" src=\"https:\/\/makefishingfair.org\/wp-content\/uploads\/2025\/07\/Galicia4-scaled.jpg\" class=\"wp-post-image wp-image-858\" title=\"Kommentare der Benutzer\" alt=\"Image caption\" srcset=\"https:\/\/makefishingfair.org\/wp-content\/uploads\/2025\/07\/Galicia4-scaled.jpg 2560w, https:\/\/makefishingfair.org\/wp-content\/uploads\/2025\/07\/Galicia4-768x432.jpg 768w, https:\/\/makefishingfair.org\/wp-content\/uploads\/2025\/07\/Galicia4-1536x864.jpg 1536w, https:\/\/makefishingfair.org\/wp-content\/uploads\/2025\/07\/Galicia4-2048x1152.jpg 2048w\" sizes=\"auto, (max-width: 2560px) 100vw, 2560px\" \/>    \n        <\/div>\n    <!-- \/image-wrap -->\n    \n        <div class=\"image-content\">\n                        <div class=\"image-caption tb_text_wrap\">\n            Bildunterschrift        <\/div>\n        <!-- \/image-caption -->\n            <\/div>\n    <!-- \/image-content -->\n        <\/div>\n<!-- \/module image -->        <\/div>\n                        <\/div>\n        <\/div>\n        <\/div>\n<!--\/themify_builder_content-->","protected":false},"excerpt":{"rendered":"<p>Cofradia de Sitges SITGES, SPAIN www.peixdesitges.cat\/pescadors\/cofraria.html confraria_sitges@yahoo.es La Confraria de Sitges is a non-profit association representing the local fishing community in the coastal town of Sitges, Catalonia. Dedicated to defending fishers\u2019 interests, the association also plays an active role in community life. Members regularly convene to address policy matters and contribute to cultural events, such [&hellip;]<\/p>\n","protected":false},"author":2,"featured_media":0,"parent":0,"menu_order":0,"comment_status":"closed","ping_status":"closed","template":"","meta":{"footnotes":""},"class_list":["post-838","page","type-page","status-publish","hentry","has-post-title","has-post-date","has-post-category","has-post-tag","has-post-comment","has-post-author",""],"_links":{"self":[{"href":"https:\/\/makefishingfair.org\/de\/wp-json\/wp\/v2\/pages\/838","targetHints":{"allow":["GET"]}}],"collection":[{"href":"https:\/\/makefishingfair.org\/de\/wp-json\/wp\/v2\/pages"}],"about":[{"href":"https:\/\/makefishingfair.org\/de\/wp-json\/wp\/v2\/types\/page"}],"author":[{"embeddable":true,"href":"https:\/\/makefishingfair.org\/de\/wp-json\/wp\/v2\/users\/2"}],"replies":[{"embeddable":true,"href":"https:\/\/makefishingfair.org\/de\/wp-json\/wp\/v2\/comments?post=838"}],"version-history":[{"count":0,"href":"https:\/\/makefishingfair.org\/de\/wp-json\/wp\/v2\/pages\/838\/revisions"}],"wp:attachment":[{"href":"https:\/\/makefishingfair.org\/de\/wp-json\/wp\/v2\/media?parent=838"}],"curies":[{"name":"wp","href":"https:\/\/api.w.org\/{rel}","templated":true}]}}