{"id":828,"date":"2025-07-22T09:50:17","date_gmt":"2025-07-22T09:50:17","guid":{"rendered":"https:\/\/makefishingfair.org\/arts-menors-costa-brava-copy\/"},"modified":"2025-08-28T10:18:08","modified_gmt":"2025-08-28T10:18:08","slug":"the-international-pole-and-line-foundation","status":"publish","type":"page","link":"https:\/\/makefishingfair.org\/de\/the-international-pole-and-line-foundation\/","title":{"rendered":"Die Internationale Stiftung f\u00fcr Masten und Leitungen"},"content":{"rendered":"<!--themify_builder_content-->\n<div id=\"themify_builder_content-828\" data-postid=\"828\" class=\"themify_builder_content themify_builder_content-828 themify_builder tf_clear\">\n                    <div  data-lazy=\"1\" class=\"module_row themify_builder_row tb_a7gt068 tb_first tf_w\">\n                        <div class=\"row_inner col_align_top tb_col_count_1 tf_box tf_rel\">\n                        <div  data-lazy=\"1\" class=\"module_column tb-column col-full tb_kkno650 first\">\n                    <!-- module text -->\n<div  class=\"module module-text tb_u8bw506\" data-lazy=\"1\">\n        <div  class=\"tb_text_wrap\">\n        <h1><span style=\"font-weight: 400;\">Die Internationale Stiftung f\u00fcr Masten und Leitungen<\/span><\/h1><p>GLOBAL<\/p><p><span class=\"shortcode themify-icon\"><a href=\"http:\/\/www.ipnlf.org\" class=\"themify-icon-link\"><i class=\"themify-icon-icon\" style=\"color: #000000;\"><svg  class=\"tf_fa tf-ti-link\" aria-hidden=\"true\"><use href=\"#tf-ti-link\"><\/use><\/svg><\/i><\/a><\/span> www.ipnlf.org<br \/><span class=\"shortcode themify-icon\"><i class=\"themify-icon-icon\" style=\"color: #000000;\"><svg  class=\"tf_fa tf-ti-email\" aria-hidden=\"true\"><use href=\"#tf-ti-email\"><\/use><\/svg><\/i><\/span> <a class=\"footer__email\" href=\"mailto:info@ipnlf.org\">info@ipnlf.org<\/a><\/p>    <\/div>\n<\/div>\n<!-- \/module text -->        <\/div>\n                        <\/div>\n        <\/div>\n                        <div  data-lazy=\"1\" class=\"module_row themify_builder_row tb_u2uv776 tf_w\">\n                        <div class=\"row_inner col_align_top tb_col_count_1 tf_box tf_rel\">\n                        <div  data-lazy=\"1\" class=\"module_column tb-column col-full tb_g4se202 first\">\n                    <!-- module divider -->\n<div  class=\"module tf_mw module-divider tb_gc8a000 solid\" style=\"border-width: 1px;border-color: #adadad;margin-top: 25px;margin-bottom: 25px;\" data-lazy=\"1\">\n    <\/div>\n<!-- \/module divider -->\n<!-- module text -->\n<div  class=\"module module-text tb_k00x050\" data-lazy=\"1\">\n        <div  class=\"tb_text_wrap\">\n        <p>Die International Pole and Line Foundation (IPNLF) setzt sich f\u00fcr den nachhaltigen Thunfischfang mit Angeln, Handleinen und Schleppangeln ein, um die \u00d6kosysteme der Meere zu sch\u00fctzen und den Lebensunterhalt der K\u00fcsten zu sichern. Durch die Anbindung von Kleinfischern an die M\u00e4rkte und die Verringerung ihrer Umweltauswirkungen setzt sich IPNLF daf\u00fcr ein, dass verantwortungsvoll gefangener Thunfisch leichter zug\u00e4nglich wird und gleichzeitig die Meere und die Fischergemeinden gesch\u00fctzt werden. Im Einklang mit der Agenda 2030 der Vereinten Nationen und den Zielen f\u00fcr nachhaltige Entwicklung setzt sich die IPNLF f\u00fcr eine integrative und gerechte Politik ein, die sicherstellt, dass lokale Stimmen beim globalen Fischereimanagement eine zentrale Rolle spielen.<\/p>    <\/div>\n<\/div>\n<!-- \/module text --><!-- module divider -->\n<div  class=\"module tf_mw module-divider tb_v6qn005 solid\" style=\"border-width: 1px;border-color: #adadad;margin-top: 25px;margin-bottom: 25px;\" data-lazy=\"1\">\n    <\/div>\n<!-- \/module divider -->\n        <\/div>\n                        <\/div>\n        <\/div>\n        <\/div>\n<!--\/themify_builder_content-->","protected":false},"excerpt":{"rendered":"<p>The International Pole and Line Foundation GLOBAL www.ipnlf.org info@ipnlf.org The International Pole and Line Foundation (IPNLF) champions sustainable one-by-one tuna fisheries\u2014using pole-and-line, handline, and troll methods\u2014to protect marine ecosystems and support coastal livelihoods. By connecting small-scale fishers to markets and helping reduce their environmental impact, IPNLF works to make responsibly caught tuna more accessible while [&hellip;]<\/p>\n","protected":false},"author":2,"featured_media":0,"parent":0,"menu_order":0,"comment_status":"closed","ping_status":"closed","template":"","meta":{"footnotes":""},"class_list":["post-828","page","type-page","status-publish","hentry","has-post-title","has-post-date","has-post-category","has-post-tag","has-post-comment","has-post-author",""],"_links":{"self":[{"href":"https:\/\/makefishingfair.org\/de\/wp-json\/wp\/v2\/pages\/828","targetHints":{"allow":["GET"]}}],"collection":[{"href":"https:\/\/makefishingfair.org\/de\/wp-json\/wp\/v2\/pages"}],"about":[{"href":"https:\/\/makefishingfair.org\/de\/wp-json\/wp\/v2\/types\/page"}],"author":[{"embeddable":true,"href":"https:\/\/makefishingfair.org\/de\/wp-json\/wp\/v2\/users\/2"}],"replies":[{"embeddable":true,"href":"https:\/\/makefishingfair.org\/de\/wp-json\/wp\/v2\/comments?post=828"}],"version-history":[{"count":0,"href":"https:\/\/makefishingfair.org\/de\/wp-json\/wp\/v2\/pages\/828\/revisions"}],"wp:attachment":[{"href":"https:\/\/makefishingfair.org\/de\/wp-json\/wp\/v2\/media?parent=828"}],"curies":[{"name":"wp","href":"https:\/\/api.w.org\/{rel}","templated":true}]}}