{"id":816,"date":"2025-07-22T09:45:50","date_gmt":"2025-07-22T09:45:50","guid":{"rendered":"https:\/\/makefishingfair.org\/fskpo-copy\/"},"modified":"2025-08-28T10:16:31","modified_gmt":"2025-08-28T10:16:31","slug":"casa-dei-pesci","status":"publish","type":"page","link":"https:\/\/makefishingfair.org\/de\/casa-dei-pesci\/","title":{"rendered":"Casa dei Pesci"},"content":{"rendered":"<!--themify_builder_content-->\n<div id=\"themify_builder_content-816\" data-postid=\"816\" class=\"themify_builder_content themify_builder_content-816 themify_builder tf_clear\">\n                    <div  data-lazy=\"1\" class=\"module_row themify_builder_row tb_ezj0067 tb_first tf_w\">\n                        <div class=\"row_inner col_align_top tb_col_count_1 tf_box tf_rel\">\n                        <div  data-lazy=\"1\" class=\"module_column tb-column col-full tb_rjpy760 first\">\n                    <!-- module text -->\n<div  class=\"module module-text tb_bigq035\" data-lazy=\"1\">\n        <div  class=\"tb_text_wrap\">\n        <h1>Casa dei Pesci<\/h1><p>ITALIEN<\/p><p><span class=\"shortcode themify-icon\"><a href=\"http:\/\/www.casadeipesci.it\" class=\"themify-icon-link\"><i class=\"themify-icon-icon\" style=\"color: #000000;\"><svg  class=\"tf_fa tf-ti-link\" aria-hidden=\"true\"><use href=\"#tf-ti-link\"><\/use><\/svg><\/i><\/a><\/span> www.casadeipesci.it<br \/><span class=\"shortcode themify-icon\"><i class=\"themify-icon-icon\" style=\"color: #000000;\"><svg  class=\"tf_fa tf-ti-email\" aria-hidden=\"true\"><use href=\"#tf-ti-email\"><\/use><\/svg><\/i><\/span><a href=\"mailto:info@casadeipesci.it\"><b>info@casadeipesci.it<\/b><\/a><\/p>    <\/div>\n<\/div>\n<!-- \/module text -->        <\/div>\n                        <\/div>\n        <\/div>\n                        <div  data-lazy=\"1\" class=\"module_row themify_builder_row tb_izet530 tf_w\">\n                        <div class=\"row_inner col_align_top tb_col_count_1 tf_box tf_rel\">\n                        <div  data-lazy=\"1\" class=\"module_column tb-column col-full tb_h2fr307 first\">\n                    <!-- module divider -->\n<div  class=\"module tf_mw module-divider tb_pkyf507 solid\" style=\"border-width: 1px;border-color: #adadad;margin-top: 25px;margin-bottom: 25px;\" data-lazy=\"1\">\n    <\/div>\n<!-- \/module divider -->\n<!-- module text -->\n<div  class=\"module module-text tb_qlep065\" data-lazy=\"1\">\n        <div  class=\"tb_text_wrap\">\n        <p>La Casa dei Pesci (\u201cDas Haus der Fische\u201d) ist ein 2012 gegr\u00fcndeter gemeinn\u00fctziger Verein zum Schutz und zur Erhaltung der Meeresumwelt, insbesondere des Meeres der Maremma. Inspiriert von der lebenslangen Arbeit des handwerklichen Fischers und Umweltf\u00fchrers Paolo Fanciulli, verbindet der Verein Naturschutz mit Kunst, um die \u00d6ffentlichkeit f\u00fcr den Schutz der Meere zu sensibilisieren. Obwohl der Verein in der Maremma verwurzelt ist, zielen sein Auftrag und seine Botschaft darauf ab, sowohl auf nationaler als auch auf internationaler Ebene einen positiven Wandel zu bewirken und als Modell f\u00fcr nachhaltige und kreative Umweltschutzma\u00dfnahmen zu dienen.<\/p>    <\/div>\n<\/div>\n<!-- \/module text --><!-- module divider -->\n<div  class=\"module tf_mw module-divider tb_l1d6555 solid\" style=\"border-width: 1px;border-color: #adadad;margin-top: 25px;margin-bottom: 25px;\" data-lazy=\"1\">\n    <\/div>\n<!-- \/module divider -->\n        <\/div>\n                        <\/div>\n        <\/div>\n        <\/div>\n<!--\/themify_builder_content-->","protected":false},"excerpt":{"rendered":"<p>Casa dei Pesci ITALY www.casadeipesci.it info@casadeipesci.it La Casa dei Pesci\u00a0(&#8220;The House of the Fishes&#8221;) is a nonprofit association founded in 2012 to protect and preserve the marine environment, particularly the sea of Maremma. Inspired by the lifelong work of artisanal fisherman and environmental guide Paolo Fanciulli, the association blends conservation with art to raise public [&hellip;]<\/p>\n","protected":false},"author":2,"featured_media":0,"parent":0,"menu_order":0,"comment_status":"closed","ping_status":"closed","template":"","meta":{"footnotes":""},"class_list":["post-816","page","type-page","status-publish","hentry","has-post-title","has-post-date","has-post-category","has-post-tag","has-post-comment","has-post-author",""],"_links":{"self":[{"href":"https:\/\/makefishingfair.org\/de\/wp-json\/wp\/v2\/pages\/816","targetHints":{"allow":["GET"]}}],"collection":[{"href":"https:\/\/makefishingfair.org\/de\/wp-json\/wp\/v2\/pages"}],"about":[{"href":"https:\/\/makefishingfair.org\/de\/wp-json\/wp\/v2\/types\/page"}],"author":[{"embeddable":true,"href":"https:\/\/makefishingfair.org\/de\/wp-json\/wp\/v2\/users\/2"}],"replies":[{"embeddable":true,"href":"https:\/\/makefishingfair.org\/de\/wp-json\/wp\/v2\/comments?post=816"}],"version-history":[{"count":0,"href":"https:\/\/makefishingfair.org\/de\/wp-json\/wp\/v2\/pages\/816\/revisions"}],"wp:attachment":[{"href":"https:\/\/makefishingfair.org\/de\/wp-json\/wp\/v2\/media?parent=816"}],"curies":[{"name":"wp","href":"https:\/\/api.w.org\/{rel}","templated":true}]}}