{"id":1095,"date":"2026-02-02T13:34:08","date_gmt":"2026-02-02T13:34:08","guid":{"rendered":"https:\/\/makefishingfair.org\/pleine-mer-copy\/"},"modified":"2026-02-02T13:41:58","modified_gmt":"2026-02-02T13:41:58","slug":"norges-kystfiskarlag","status":"publish","type":"page","link":"https:\/\/makefishingfair.org\/de\/norges-kystfiskarlag\/","title":{"rendered":"Norges Kystfiskarlag"},"content":{"rendered":"<!--themify_builder_content-->\n<div id=\"themify_builder_content-1095\" data-postid=\"1095\" class=\"themify_builder_content themify_builder_content-1095 themify_builder tf_clear\">\n                    <div  data-lazy=\"1\" class=\"module_row themify_builder_row tb_s0w1033 tb_first tf_w\">\n                        <div class=\"row_inner col_align_top tb_col_count_1 tf_box tf_rel\">\n                        <div  data-lazy=\"1\" class=\"module_column tb-column col-full tb_k2n6372 first\">\n                    <!-- module text -->\n<div  class=\"module module-text tb_8sf0007\" data-lazy=\"1\">\n        <div  class=\"tb_text_wrap\">\n        <h1>Norges Kystfiskarlag<\/h1><p>NORWEGEN \udb40\udc7f<\/p><p><span class=\"shortcode themify-icon\"><a href=\"http:\/\/www.norgeskystfiskarlag.no\" class=\"themify-icon-link\"><i class=\"themify-icon-icon\" style=\"color: #000000;\"><svg  class=\"tf_fa tf-ti-link\" aria-hidden=\"true\"><use href=\"#tf-ti-link\"><\/use><\/svg><\/i><\/a><\/span> www.norgeskystfiskarlag.no<br \/><span class=\"shortcode themify-icon\"><i class=\"themify-icon-icon\" style=\"color: #000000;\"><svg  class=\"tf_fa tf-ti-email\" aria-hidden=\"true\"><use href=\"#tf-ti-email\"><\/use><\/svg><\/i><\/span> <a href=\"mailto:post@norgeskystfiskarlag.no\" data-track-event=\"click\" data-track-action=\"email_link\"><span class=\"monoglobalWrap\"><span dir=\"auto\">post@norgeskystfiskarlag.no<\/span><\/span><\/a><\/p>    <\/div>\n<\/div>\n<!-- \/module text -->        <\/div>\n                        <\/div>\n        <\/div>\n                        <div  data-lazy=\"1\" class=\"module_row themify_builder_row tb_usts336 tf_w\">\n                        <div class=\"row_inner col_align_top tb_col_count_1 tf_box tf_rel\">\n                        <div  data-lazy=\"1\" class=\"module_column tb-column col-full tb_ku32398 first\">\n                    <!-- module divider -->\n<div  class=\"module tf_mw module-divider tb_8rl2393 solid\" style=\"border-width: 1px;border-color: #adadad;margin-top: 25px;margin-bottom: 25px;\" data-lazy=\"1\">\n    <\/div>\n<!-- \/module divider -->\n<!-- module text -->\n<div  class=\"module module-text tb_9mys989\" data-lazy=\"1\">\n        <div  class=\"tb_text_wrap\">\n        <p>Der norwegische K\u00fcstenfischerverband ist eine unabh\u00e4ngige, demokratische und politisch neutrale Berufsorganisation f\u00fcr norwegische K\u00fcstenfischer. Der Norwegische K\u00fcstenfischerverband steht an der Seite der K\u00fcstenfischer, um unsere beruflichen, sozialen, wirtschaftlichen und kulturellen Rechte zu sch\u00fctzen. Durch rechtliche Unterst\u00fctzung und kontinuierliche Kompetenzentwicklung arbeiten wir daran, die K\u00fcstenfischereiflotte zu st\u00e4rken und zukunftssicher zu machen. Der Verband der norwegischen K\u00fcstenfischer setzt sich daf\u00fcr ein, dass die norwegischen Fischereiressourcen vorrangig zur Sicherung von Arbeitspl\u00e4tzen, Aktivit\u00e4t und Wachstum in den K\u00fcstengemeinden eingesetzt werden. Das Segment der Flotte, das frischen Fisch liefert, muss Vorrang haben, und die Zuteilung von Ressourcen muss auf die K\u00fcstenfischereiflotte ausgerichtet sein, nicht auf eine verst\u00e4rkte Konzentration von Fischereirechten und Gewinnen auf Kosten von Qualit\u00e4t, effizienter Ressourcennutzung und K\u00fcstengemeinden.<\/p><p><img loading=\"lazy\" decoding=\"async\" class=\"size-full wp-image-1097 alignleft\" src=\"https:\/\/makefishingfair.org\/wp-content\/uploads\/2026\/02\/logo.png\" alt=\"\" width=\"225\" height=\"225\" srcset=\"https:\/\/makefishingfair.org\/wp-content\/uploads\/2026\/02\/logo.png 225w, https:\/\/makefishingfair.org\/wp-content\/uploads\/2026\/02\/logo-12x12.png 12w\" sizes=\"auto, (max-width: 225px) 100vw, 225px\" \/><\/p>    <\/div>\n<\/div>\n<!-- \/module text --><!-- module divider -->\n<div  class=\"module tf_mw module-divider tb_8ojw333 solid\" style=\"border-width: 1px;border-color: #adadad;margin-top: 25px;margin-bottom: 25px;\" data-lazy=\"1\">\n    <\/div>\n<!-- \/module divider -->\n        <\/div>\n                        <\/div>\n        <\/div>\n        <\/div>\n<!--\/themify_builder_content-->","protected":false},"excerpt":{"rendered":"<p>Norges Kystfiskarlag NORWAY \udb40\udc7f www.norgeskystfiskarlag.no post@norgeskystfiskarlag.no The Norwegian Coastal Fishermen\u2019s Association is an independent, democratic and politically non-aligned professional organization for Norwegian coastal fishers. The Norwegian Coastal Fishermen\u2019s Association stands on the side of coastal fishers to safeguard our professional, social, economic and cultural rights. Through legal assistance and continuous competence development, we work to [&hellip;]<\/p>\n","protected":false},"author":2,"featured_media":0,"parent":0,"menu_order":0,"comment_status":"closed","ping_status":"closed","template":"","meta":{"footnotes":""},"class_list":["post-1095","page","type-page","status-publish","hentry","has-post-title","has-post-date","has-post-category","has-post-tag","has-post-comment","has-post-author",""],"_links":{"self":[{"href":"https:\/\/makefishingfair.org\/de\/wp-json\/wp\/v2\/pages\/1095","targetHints":{"allow":["GET"]}}],"collection":[{"href":"https:\/\/makefishingfair.org\/de\/wp-json\/wp\/v2\/pages"}],"about":[{"href":"https:\/\/makefishingfair.org\/de\/wp-json\/wp\/v2\/types\/page"}],"author":[{"embeddable":true,"href":"https:\/\/makefishingfair.org\/de\/wp-json\/wp\/v2\/users\/2"}],"replies":[{"embeddable":true,"href":"https:\/\/makefishingfair.org\/de\/wp-json\/wp\/v2\/comments?post=1095"}],"version-history":[{"count":0,"href":"https:\/\/makefishingfair.org\/de\/wp-json\/wp\/v2\/pages\/1095\/revisions"}],"wp:attachment":[{"href":"https:\/\/makefishingfair.org\/de\/wp-json\/wp\/v2\/media?parent=1095"}],"curies":[{"name":"wp","href":"https:\/\/api.w.org\/{rel}","templated":true}]}}